{"id":440,"date":"2025-05-16T12:54:06","date_gmt":"2025-05-16T12:54:06","guid":{"rendered":"https:\/\/www.hochblauenhotel.com\/?page_id=440"},"modified":"2026-04-22T13:09:18","modified_gmt":"2026-04-22T13:09:18","slug":"hochblauen-hotel","status":"publish","type":"page","link":"https:\/\/www.hochblauenhotel.com\/de\/","title":{"rendered":"Hochblauen Hotel"},"content":{"rendered":"<p style=\"text-align: center\">Willkommen im Hotel Hochblauen, dem einzigen Hotel auf dem Gipfel des Blauen Berges.<\/p>\n<p style=\"text-align: center\">Hoch \u00fcber Deutschland, Frankreich und der Schweiz l\u00e4dt unser neues, frisch renoviertes Hotel dazu ein, innezuhalten und durchzuatmen. Als Wellness- und Spa-Hotel in Deutschland vereint es einen atemberaubenden Panoramablick mit regionaler K\u00fcche, wohltuenden Wellnessanwendungen und einem gem\u00fctlichen Interieur, das von der umliegenden Natur inspiriert ist. Ob Sie nur vor\u00fcbergehend verweilen oder l\u00e4ngere Zeit bleiben \u2013 <strong>das Wellness- und Spa-Hotel Hochblauen<\/strong> ist weit mehr als ein Hotel; es ist ein Ort, an dem man wirklich anwesend sein und im Hier und Jetzt verweilen kann.<\/p>\n<p style=\"text-align: center\"><strong>Als endlich alles heilen durfte<\/strong><\/p>\n<p style=\"text-align: center\">Im 19. Jahrhundert entwickelte sich Hochblauen zu einem Ort der Heilung. Ein verwundeter Soldat fand hoch oben auf diesem Berg endlich Frieden und errichtet dort ein einfaches G\u00e4stehaus, das sich viele Jahre sp\u00e4ter zum Hochblauen Hotel &amp; Spa entwickeln sollte. Seine Geschichte ist auch heute noch in jedem Winkel unseres Hotels sp\u00fcrbar. Ein Ort, der von seiner Geschichte, der Natur und vor allem dem gastfreundlichen Ambiente seiner Menschen gepr\u00e4gt ist.<\/p>\n","protected":false},"excerpt":{"rendered":"<p>Willkommen im Hotel Hochblauen, dem einzigen Hotel auf dem Gipfel des Blauen Berges. Hoch \u00fcber Deutschland, Frankreich und der Schweiz l\u00e4dt unser neues, frisch renoviertes Hotel dazu ein, innezuhalten und durchzuatmen. Als Wellness- und Spa-Hotel in Deutschland vereint es einen atemberaubenden Panoramablick mit regionaler K\u00fcche, wohltuenden Wellnessanwendungen und einem gem\u00fctlichen Interieur, das von der umliegenden [&hellip;]<\/p>\n","protected":false},"author":12,"featured_media":0,"parent":0,"menu_order":0,"comment_status":"closed","ping_status":"closed","template":"","meta":{"footnotes":""},"categories":[],"class_list":["post-440","page","type-page","status-publish","hentry"],"yoast_head":"<!-- This site is optimized with the Yoast SEO plugin v27.3 - https:\/\/yoast.com\/product\/yoast-seo-wordpress\/ -->\n<title>Wellnesshotel in Deutschland | Hochblauen Hotel &amp; Spa<\/title>\n<meta name=\"description\" content=\"Mehr als ein Wellnesshotel mit Spa in Deutschland: Das Hochblauen Hotel im Schwarzwald ist ein Refugium der Ruhe, wo Natur, Abenteuer &amp; Begegnung verschmelzen.\" \/>\n<meta name=\"robots\" content=\"index, follow, max-snippet:-1, max-image-preview:large, max-video-preview:-1\" \/>\n<link rel=\"canonical\" href=\"https:\/\/www.hochblauenhotel.com\/de\/\" \/>\n<meta property=\"og:locale\" content=\"de_DE\" \/>\n<meta property=\"og:type\" content=\"article\" \/>\n<meta property=\"og:title\" content=\"Wellnesshotel in Deutschland | Hochblauen Hotel &amp; Spa\" \/>\n<meta property=\"og:description\" content=\"Mehr als ein Wellnesshotel mit Spa in Deutschland: Das Hochblauen Hotel im Schwarzwald ist ein Refugium der Ruhe, wo Natur, Abenteuer &amp; Begegnung verschmelzen.\" \/>\n<meta property=\"og:url\" content=\"https:\/\/www.hochblauenhotel.com\/de\/\" \/>\n<meta property=\"og:site_name\" content=\"Hochblauen Hotel\" \/>\n<meta property=\"article:modified_time\" content=\"2026-04-22T13:09:18+00:00\" \/>\n<meta property=\"og:image\" content=\"https:\/\/www.hochblauenhotel.com\/wp-content\/uploads\/sites\/249\/2025\/07\/E-Dron-shot4.jpg\" \/>\n\t<meta property=\"og:image:width\" content=\"2132\" \/>\n\t<meta property=\"og:image:height\" content=\"1200\" \/>\n\t<meta property=\"og:image:type\" content=\"image\/jpeg\" \/>\n<meta name=\"twitter:card\" content=\"summary_large_image\" \/>\n<meta name=\"twitter:label1\" content=\"Gesch\u00e4tzte Lesezeit\" \/>\n\t<meta name=\"twitter:data1\" content=\"1 Minute\" \/>\n<script type=\"application\/ld+json\" class=\"yoast-schema-graph\">{\"@context\":\"https:\\\/\\\/schema.org\",\"@graph\":[{\"@type\":\"WebPage\",\"@id\":\"https:\\\/\\\/www.hochblauenhotel.com\\\/de\\\/\",\"url\":\"https:\\\/\\\/www.hochblauenhotel.com\\\/de\\\/\",\"name\":\"Wellnesshotel in Deutschland | Hochblauen Hotel & Spa\",\"isPartOf\":{\"@id\":\"https:\\\/\\\/www.hochblauenhotel.com\\\/de\\\/#website\"},\"datePublished\":\"2025-05-16T12:54:06+00:00\",\"dateModified\":\"2026-04-22T13:09:18+00:00\",\"description\":\"Mehr als ein Wellnesshotel mit Spa in Deutschland: Das Hochblauen Hotel im Schwarzwald ist ein Refugium der Ruhe, wo Natur, Abenteuer & Begegnung verschmelzen.\",\"breadcrumb\":{\"@id\":\"https:\\\/\\\/www.hochblauenhotel.com\\\/de\\\/#breadcrumb\"},\"inLanguage\":\"de-DE\",\"potentialAction\":[{\"@type\":\"ReadAction\",\"target\":[\"https:\\\/\\\/www.hochblauenhotel.com\\\/de\\\/\"]}]},{\"@type\":\"BreadcrumbList\",\"@id\":\"https:\\\/\\\/www.hochblauenhotel.com\\\/de\\\/#breadcrumb\",\"itemListElement\":[{\"@type\":\"ListItem\",\"position\":1,\"name\":\"Home\",\"item\":\"https:\\\/\\\/www.hochblauenhotel.com\\\/de\\\/\"},{\"@type\":\"ListItem\",\"position\":2,\"name\":\"Hochblauen Hotel\"}]},{\"@type\":\"WebSite\",\"@id\":\"https:\\\/\\\/www.hochblauenhotel.com\\\/de\\\/#website\",\"url\":\"https:\\\/\\\/www.hochblauenhotel.com\\\/de\\\/\",\"name\":\"Hochblauen Hotel\",\"description\":\"Hochblauen Hotel is a sanctuary of wellness and relaxation where nature, adventure and connection meet.\",\"publisher\":{\"@id\":\"https:\\\/\\\/www.hochblauenhotel.com\\\/de\\\/#organization\"},\"alternateName\":\"Hochblauen Hotel\",\"potentialAction\":[{\"@type\":\"SearchAction\",\"target\":{\"@type\":\"EntryPoint\",\"urlTemplate\":\"https:\\\/\\\/www.hochblauenhotel.com\\\/de\\\/?s={search_term_string}\"},\"query-input\":{\"@type\":\"PropertyValueSpecification\",\"valueRequired\":true,\"valueName\":\"search_term_string\"}}],\"inLanguage\":\"de-DE\"},{\"@type\":\"Organization\",\"@id\":\"https:\\\/\\\/www.hochblauenhotel.com\\\/de\\\/#organization\",\"name\":\"Hochblauen Hotel\",\"alternateName\":\"Hochblauen Hotel\",\"url\":\"https:\\\/\\\/www.hochblauenhotel.com\\\/de\\\/\",\"logo\":{\"@type\":\"ImageObject\",\"inLanguage\":\"de-DE\",\"@id\":\"https:\\\/\\\/www.hochblauenhotel.com\\\/de\\\/#\\\/schema\\\/logo\\\/image\\\/\",\"url\":\"https:\\\/\\\/www.hochblauenhotel.com\\\/wp-content\\\/uploads\\\/sites\\\/249\\\/2025\\\/05\\\/ERKEK.png\",\"contentUrl\":\"https:\\\/\\\/www.hochblauenhotel.com\\\/wp-content\\\/uploads\\\/sites\\\/249\\\/2025\\\/05\\\/ERKEK.png\",\"width\":500,\"height\":186,\"caption\":\"Hochblauen Hotel\"},\"image\":{\"@id\":\"https:\\\/\\\/www.hochblauenhotel.com\\\/de\\\/#\\\/schema\\\/logo\\\/image\\\/\"}}]}<\/script>\n<!-- \/ Yoast SEO plugin. -->","yoast_head_json":{"title":"Wellnesshotel in Deutschland | Hochblauen Hotel & Spa","description":"Mehr als ein Wellnesshotel mit Spa in Deutschland: Das Hochblauen Hotel im Schwarzwald ist ein Refugium der Ruhe, wo Natur, Abenteuer & Begegnung verschmelzen.","robots":{"index":"index","follow":"follow","max-snippet":"max-snippet:-1","max-image-preview":"max-image-preview:large","max-video-preview":"max-video-preview:-1"},"canonical":"https:\/\/www.hochblauenhotel.com\/de\/","og_locale":"de_DE","og_type":"article","og_title":"Wellnesshotel in Deutschland | Hochblauen Hotel & Spa","og_description":"Mehr als ein Wellnesshotel mit Spa in Deutschland: Das Hochblauen Hotel im Schwarzwald ist ein Refugium der Ruhe, wo Natur, Abenteuer & Begegnung verschmelzen.","og_url":"https:\/\/www.hochblauenhotel.com\/de\/","og_site_name":"Hochblauen Hotel","article_modified_time":"2026-04-22T13:09:18+00:00","og_image":[{"width":2132,"height":1200,"url":"https:\/\/www.hochblauenhotel.com\/wp-content\/uploads\/sites\/249\/2025\/07\/E-Dron-shot4.jpg","type":"image\/jpeg"}],"twitter_card":"summary_large_image","twitter_misc":{"Gesch\u00e4tzte Lesezeit":"1 Minute"},"schema":{"@context":"https:\/\/schema.org","@graph":[{"@type":"WebPage","@id":"https:\/\/www.hochblauenhotel.com\/de\/","url":"https:\/\/www.hochblauenhotel.com\/de\/","name":"Wellnesshotel in Deutschland | Hochblauen Hotel & Spa","isPartOf":{"@id":"https:\/\/www.hochblauenhotel.com\/de\/#website"},"datePublished":"2025-05-16T12:54:06+00:00","dateModified":"2026-04-22T13:09:18+00:00","description":"Mehr als ein Wellnesshotel mit Spa in Deutschland: Das Hochblauen Hotel im Schwarzwald ist ein Refugium der Ruhe, wo Natur, Abenteuer & Begegnung verschmelzen.","breadcrumb":{"@id":"https:\/\/www.hochblauenhotel.com\/de\/#breadcrumb"},"inLanguage":"de-DE","potentialAction":[{"@type":"ReadAction","target":["https:\/\/www.hochblauenhotel.com\/de\/"]}]},{"@type":"BreadcrumbList","@id":"https:\/\/www.hochblauenhotel.com\/de\/#breadcrumb","itemListElement":[{"@type":"ListItem","position":1,"name":"Home","item":"https:\/\/www.hochblauenhotel.com\/de\/"},{"@type":"ListItem","position":2,"name":"Hochblauen Hotel"}]},{"@type":"WebSite","@id":"https:\/\/www.hochblauenhotel.com\/de\/#website","url":"https:\/\/www.hochblauenhotel.com\/de\/","name":"Hochblauen Hotel","description":"Hochblauen Hotel is a sanctuary of wellness and relaxation where nature, adventure and connection meet.","publisher":{"@id":"https:\/\/www.hochblauenhotel.com\/de\/#organization"},"alternateName":"Hochblauen Hotel","potentialAction":[{"@type":"SearchAction","target":{"@type":"EntryPoint","urlTemplate":"https:\/\/www.hochblauenhotel.com\/de\/?s={search_term_string}"},"query-input":{"@type":"PropertyValueSpecification","valueRequired":true,"valueName":"search_term_string"}}],"inLanguage":"de-DE"},{"@type":"Organization","@id":"https:\/\/www.hochblauenhotel.com\/de\/#organization","name":"Hochblauen Hotel","alternateName":"Hochblauen Hotel","url":"https:\/\/www.hochblauenhotel.com\/de\/","logo":{"@type":"ImageObject","inLanguage":"de-DE","@id":"https:\/\/www.hochblauenhotel.com\/de\/#\/schema\/logo\/image\/","url":"https:\/\/www.hochblauenhotel.com\/wp-content\/uploads\/sites\/249\/2025\/05\/ERKEK.png","contentUrl":"https:\/\/www.hochblauenhotel.com\/wp-content\/uploads\/sites\/249\/2025\/05\/ERKEK.png","width":500,"height":186,"caption":"Hochblauen Hotel"},"image":{"@id":"https:\/\/www.hochblauenhotel.com\/de\/#\/schema\/logo\/image\/"}}]}},"acf":[],"_links":{"self":[{"href":"https:\/\/www.hochblauenhotel.com\/de\/wp-json\/wp\/v2\/pages\/440","targetHints":{"allow":["GET"]}}],"collection":[{"href":"https:\/\/www.hochblauenhotel.com\/de\/wp-json\/wp\/v2\/pages"}],"about":[{"href":"https:\/\/www.hochblauenhotel.com\/de\/wp-json\/wp\/v2\/types\/page"}],"author":[{"embeddable":true,"href":"https:\/\/www.hochblauenhotel.com\/de\/wp-json\/wp\/v2\/users\/12"}],"replies":[{"embeddable":true,"href":"https:\/\/www.hochblauenhotel.com\/de\/wp-json\/wp\/v2\/comments?post=440"}],"version-history":[{"count":0,"href":"https:\/\/www.hochblauenhotel.com\/de\/wp-json\/wp\/v2\/pages\/440\/revisions"}],"wp:attachment":[{"href":"https:\/\/www.hochblauenhotel.com\/de\/wp-json\/wp\/v2\/media?parent=440"}],"wp:term":[{"taxonomy":"category","embeddable":true,"href":"https:\/\/www.hochblauenhotel.com\/de\/wp-json\/wp\/v2\/categories?post=440"}],"curies":[{"name":"wp","href":"https:\/\/api.w.org\/{rel}","templated":true}]}}