{"id":437,"date":"2025-08-07T16:03:05","date_gmt":"2025-08-07T16:03:05","guid":{"rendered":"https:\/\/www.hochblauenhotel.com\/?page_id=437"},"modified":"2025-10-03T10:08:52","modified_gmt":"2025-10-03T10:08:52","slug":"standort-und-anfahrt","status":"publish","type":"page","link":"https:\/\/www.hochblauenhotel.com\/de\/standort-und-anfahrt\/","title":{"rendered":"Standort und Anfahrt"},"content":{"rendered":"<p>Hoch auf dem Blauen liegt unser Hotel, nur wenige Minuten von der A5 entfernt und ist von Basel, Freiburg und Z\u00fcrich schnell und einfach zu erreichen.<\/p>\n<p>Unabh\u00e4ngig davon, ob Sie sich einen R\u00fcckzugsort in den Bergen w\u00fcnschen oder einfach nur einen Boxenstopp einlegen: Unser <strong>Wellnesshotel in Baden-W\u00fcrttemberg<\/strong> bietet Ihnen die M\u00f6glichkeit, die Natur und die lebendige Kultur dieser Region zu erkunden.<\/p>\n","protected":false},"excerpt":{"rendered":"<p>Hoch auf dem Blauen liegt unser Hotel, nur wenige Minuten von der A5 entfernt und ist von Basel, Freiburg und Z\u00fcrich schnell und einfach zu erreichen. Unabh\u00e4ngig davon, ob Sie sich einen R\u00fcckzugsort in den Bergen w\u00fcnschen oder einfach nur einen Boxenstopp einlegen: Unser Wellnesshotel in Baden-W\u00fcrttemberg bietet Ihnen die M\u00f6glichkeit, die Natur und die [&hellip;]<\/p>\n","protected":false},"author":12,"featured_media":0,"parent":0,"menu_order":250,"comment_status":"closed","ping_status":"closed","template":"template-location.php","meta":{"footnotes":""},"categories":[],"class_list":["post-437","page","type-page","status-publish","hentry"],"yoast_head":"<!-- This site is optimized with the Yoast SEO plugin v27.3 - https:\/\/yoast.com\/product\/yoast-seo-wordpress\/ -->\n<title>Wellness Hotel Baden-W\u00fcrttemberg | Hochblauen Hotel &amp; Spa<\/title>\n<meta name=\"description\" content=\"Der Hochblauen ist ein gut erreichbarer Wellnesshotel in Baden-W\u00fcrttemberg, mit einzigartigen Bergblick, ein Ort an dem die Stille der reinen Natur herrscht.\" \/>\n<meta name=\"robots\" content=\"index, follow, max-snippet:-1, max-image-preview:large, max-video-preview:-1\" \/>\n<link rel=\"canonical\" href=\"https:\/\/www.hochblauenhotel.com\/de\/standort-und-anfahrt\/\" \/>\n<meta property=\"og:locale\" content=\"de_DE\" \/>\n<meta property=\"og:type\" content=\"article\" \/>\n<meta property=\"og:title\" content=\"Wellness Hotel Baden-W\u00fcrttemberg | Hochblauen Hotel &amp; Spa\" \/>\n<meta property=\"og:description\" content=\"Der Hochblauen ist ein gut erreichbarer Wellnesshotel in Baden-W\u00fcrttemberg, mit einzigartigen Bergblick, ein Ort an dem die Stille der reinen Natur herrscht.\" \/>\n<meta property=\"og:url\" content=\"https:\/\/www.hochblauenhotel.com\/de\/standort-und-anfahrt\/\" \/>\n<meta property=\"og:site_name\" content=\"Hochblauen Hotel\" \/>\n<meta property=\"article:modified_time\" content=\"2025-10-03T10:08:52+00:00\" \/>\n<meta property=\"og:image\" content=\"https:\/\/www.hochblauenhotel.com\/wp-content\/uploads\/sites\/249\/2025\/07\/E-Dron-shot4.jpg\" \/>\n\t<meta property=\"og:image:width\" content=\"2132\" \/>\n\t<meta property=\"og:image:height\" content=\"1200\" \/>\n\t<meta property=\"og:image:type\" content=\"image\/jpeg\" \/>\n<meta name=\"twitter:card\" content=\"summary_large_image\" \/>\n<meta name=\"twitter:label1\" content=\"Gesch\u00e4tzte Lesezeit\" \/>\n\t<meta name=\"twitter:data1\" content=\"1 Minute\" \/>\n<script type=\"application\/ld+json\" class=\"yoast-schema-graph\">{\"@context\":\"https:\\\/\\\/schema.org\",\"@graph\":[{\"@type\":\"WebPage\",\"@id\":\"https:\\\/\\\/www.hochblauenhotel.com\\\/de\\\/standort-und-anfahrt\\\/\",\"url\":\"https:\\\/\\\/www.hochblauenhotel.com\\\/de\\\/standort-und-anfahrt\\\/\",\"name\":\"Wellness Hotel Baden-W\u00fcrttemberg | Hochblauen Hotel & Spa\",\"isPartOf\":{\"@id\":\"https:\\\/\\\/www.hochblauenhotel.com\\\/de\\\/#website\"},\"datePublished\":\"2025-08-07T16:03:05+00:00\",\"dateModified\":\"2025-10-03T10:08:52+00:00\",\"description\":\"Der Hochblauen ist ein gut erreichbarer Wellnesshotel in Baden-W\u00fcrttemberg, mit einzigartigen Bergblick, ein Ort an dem die Stille der reinen Natur herrscht.\",\"breadcrumb\":{\"@id\":\"https:\\\/\\\/www.hochblauenhotel.com\\\/de\\\/standort-und-anfahrt\\\/#breadcrumb\"},\"inLanguage\":\"de-DE\",\"potentialAction\":[{\"@type\":\"ReadAction\",\"target\":[\"https:\\\/\\\/www.hochblauenhotel.com\\\/de\\\/standort-und-anfahrt\\\/\"]}]},{\"@type\":\"BreadcrumbList\",\"@id\":\"https:\\\/\\\/www.hochblauenhotel.com\\\/de\\\/standort-und-anfahrt\\\/#breadcrumb\",\"itemListElement\":[{\"@type\":\"ListItem\",\"position\":1,\"name\":\"Home\",\"item\":\"https:\\\/\\\/www.hochblauenhotel.com\\\/de\\\/\"},{\"@type\":\"ListItem\",\"position\":2,\"name\":\"Standort und Anfahrt\"}]},{\"@type\":\"WebSite\",\"@id\":\"https:\\\/\\\/www.hochblauenhotel.com\\\/de\\\/#website\",\"url\":\"https:\\\/\\\/www.hochblauenhotel.com\\\/de\\\/\",\"name\":\"Hochblauen Hotel\",\"description\":\"Hochblauen Hotel is a sanctuary of wellness and relaxation where nature, adventure and connection meet.\",\"publisher\":{\"@id\":\"https:\\\/\\\/www.hochblauenhotel.com\\\/de\\\/#organization\"},\"alternateName\":\"Hochblauen Hotel\",\"potentialAction\":[{\"@type\":\"SearchAction\",\"target\":{\"@type\":\"EntryPoint\",\"urlTemplate\":\"https:\\\/\\\/www.hochblauenhotel.com\\\/de\\\/?s={search_term_string}\"},\"query-input\":{\"@type\":\"PropertyValueSpecification\",\"valueRequired\":true,\"valueName\":\"search_term_string\"}}],\"inLanguage\":\"de-DE\"},{\"@type\":\"Organization\",\"@id\":\"https:\\\/\\\/www.hochblauenhotel.com\\\/de\\\/#organization\",\"name\":\"Hochblauen Hotel\",\"alternateName\":\"Hochblauen Hotel\",\"url\":\"https:\\\/\\\/www.hochblauenhotel.com\\\/de\\\/\",\"logo\":{\"@type\":\"ImageObject\",\"inLanguage\":\"de-DE\",\"@id\":\"https:\\\/\\\/www.hochblauenhotel.com\\\/de\\\/#\\\/schema\\\/logo\\\/image\\\/\",\"url\":\"https:\\\/\\\/www.hochblauenhotel.com\\\/wp-content\\\/uploads\\\/sites\\\/249\\\/2025\\\/05\\\/ERKEK.png\",\"contentUrl\":\"https:\\\/\\\/www.hochblauenhotel.com\\\/wp-content\\\/uploads\\\/sites\\\/249\\\/2025\\\/05\\\/ERKEK.png\",\"width\":500,\"height\":186,\"caption\":\"Hochblauen Hotel\"},\"image\":{\"@id\":\"https:\\\/\\\/www.hochblauenhotel.com\\\/de\\\/#\\\/schema\\\/logo\\\/image\\\/\"}}]}<\/script>\n<!-- \/ Yoast SEO plugin. -->","yoast_head_json":{"title":"Wellness Hotel Baden-W\u00fcrttemberg | Hochblauen Hotel & Spa","description":"Der Hochblauen ist ein gut erreichbarer Wellnesshotel in Baden-W\u00fcrttemberg, mit einzigartigen Bergblick, ein Ort an dem die Stille der reinen Natur herrscht.","robots":{"index":"index","follow":"follow","max-snippet":"max-snippet:-1","max-image-preview":"max-image-preview:large","max-video-preview":"max-video-preview:-1"},"canonical":"https:\/\/www.hochblauenhotel.com\/de\/standort-und-anfahrt\/","og_locale":"de_DE","og_type":"article","og_title":"Wellness Hotel Baden-W\u00fcrttemberg | Hochblauen Hotel & Spa","og_description":"Der Hochblauen ist ein gut erreichbarer Wellnesshotel in Baden-W\u00fcrttemberg, mit einzigartigen Bergblick, ein Ort an dem die Stille der reinen Natur herrscht.","og_url":"https:\/\/www.hochblauenhotel.com\/de\/standort-und-anfahrt\/","og_site_name":"Hochblauen Hotel","article_modified_time":"2025-10-03T10:08:52+00:00","og_image":[{"width":2132,"height":1200,"url":"https:\/\/www.hochblauenhotel.com\/wp-content\/uploads\/sites\/249\/2025\/07\/E-Dron-shot4.jpg","type":"image\/jpeg"}],"twitter_card":"summary_large_image","twitter_misc":{"Gesch\u00e4tzte Lesezeit":"1 Minute"},"schema":{"@context":"https:\/\/schema.org","@graph":[{"@type":"WebPage","@id":"https:\/\/www.hochblauenhotel.com\/de\/standort-und-anfahrt\/","url":"https:\/\/www.hochblauenhotel.com\/de\/standort-und-anfahrt\/","name":"Wellness Hotel Baden-W\u00fcrttemberg | Hochblauen Hotel & Spa","isPartOf":{"@id":"https:\/\/www.hochblauenhotel.com\/de\/#website"},"datePublished":"2025-08-07T16:03:05+00:00","dateModified":"2025-10-03T10:08:52+00:00","description":"Der Hochblauen ist ein gut erreichbarer Wellnesshotel in Baden-W\u00fcrttemberg, mit einzigartigen Bergblick, ein Ort an dem die Stille der reinen Natur herrscht.","breadcrumb":{"@id":"https:\/\/www.hochblauenhotel.com\/de\/standort-und-anfahrt\/#breadcrumb"},"inLanguage":"de-DE","potentialAction":[{"@type":"ReadAction","target":["https:\/\/www.hochblauenhotel.com\/de\/standort-und-anfahrt\/"]}]},{"@type":"BreadcrumbList","@id":"https:\/\/www.hochblauenhotel.com\/de\/standort-und-anfahrt\/#breadcrumb","itemListElement":[{"@type":"ListItem","position":1,"name":"Home","item":"https:\/\/www.hochblauenhotel.com\/de\/"},{"@type":"ListItem","position":2,"name":"Standort und Anfahrt"}]},{"@type":"WebSite","@id":"https:\/\/www.hochblauenhotel.com\/de\/#website","url":"https:\/\/www.hochblauenhotel.com\/de\/","name":"Hochblauen Hotel","description":"Hochblauen Hotel is a sanctuary of wellness and relaxation where nature, adventure and connection meet.","publisher":{"@id":"https:\/\/www.hochblauenhotel.com\/de\/#organization"},"alternateName":"Hochblauen Hotel","potentialAction":[{"@type":"SearchAction","target":{"@type":"EntryPoint","urlTemplate":"https:\/\/www.hochblauenhotel.com\/de\/?s={search_term_string}"},"query-input":{"@type":"PropertyValueSpecification","valueRequired":true,"valueName":"search_term_string"}}],"inLanguage":"de-DE"},{"@type":"Organization","@id":"https:\/\/www.hochblauenhotel.com\/de\/#organization","name":"Hochblauen Hotel","alternateName":"Hochblauen Hotel","url":"https:\/\/www.hochblauenhotel.com\/de\/","logo":{"@type":"ImageObject","inLanguage":"de-DE","@id":"https:\/\/www.hochblauenhotel.com\/de\/#\/schema\/logo\/image\/","url":"https:\/\/www.hochblauenhotel.com\/wp-content\/uploads\/sites\/249\/2025\/05\/ERKEK.png","contentUrl":"https:\/\/www.hochblauenhotel.com\/wp-content\/uploads\/sites\/249\/2025\/05\/ERKEK.png","width":500,"height":186,"caption":"Hochblauen Hotel"},"image":{"@id":"https:\/\/www.hochblauenhotel.com\/de\/#\/schema\/logo\/image\/"}}]}},"acf":[],"_links":{"self":[{"href":"https:\/\/www.hochblauenhotel.com\/de\/wp-json\/wp\/v2\/pages\/437","targetHints":{"allow":["GET"]}}],"collection":[{"href":"https:\/\/www.hochblauenhotel.com\/de\/wp-json\/wp\/v2\/pages"}],"about":[{"href":"https:\/\/www.hochblauenhotel.com\/de\/wp-json\/wp\/v2\/types\/page"}],"author":[{"embeddable":true,"href":"https:\/\/www.hochblauenhotel.com\/de\/wp-json\/wp\/v2\/users\/12"}],"replies":[{"embeddable":true,"href":"https:\/\/www.hochblauenhotel.com\/de\/wp-json\/wp\/v2\/comments?post=437"}],"version-history":[{"count":0,"href":"https:\/\/www.hochblauenhotel.com\/de\/wp-json\/wp\/v2\/pages\/437\/revisions"}],"wp:attachment":[{"href":"https:\/\/www.hochblauenhotel.com\/de\/wp-json\/wp\/v2\/media?parent=437"}],"wp:term":[{"taxonomy":"category","embeddable":true,"href":"https:\/\/www.hochblauenhotel.com\/de\/wp-json\/wp\/v2\/categories?post=437"}],"curies":[{"name":"wp","href":"https:\/\/api.w.org\/{rel}","templated":true}]}}