{"id":435,"date":"2025-08-07T16:49:52","date_gmt":"2025-08-07T16:49:52","guid":{"rendered":"https:\/\/www.hochblauenhotel.com\/?page_id=435"},"modified":"2025-10-03T09:53:25","modified_gmt":"2025-10-03T09:53:25","slug":"abenteuer-und-unterhaltung-fuer-die-ganze-familie","status":"publish","type":"page","link":"https:\/\/www.hochblauenhotel.com\/de\/standort-und-anfahrt\/abenteuer-und-unterhaltung-fuer-die-ganze-familie\/","title":{"rendered":"Abenteuer und Unterhaltung f\u00fcr die ganze Familie"},"content":{"rendered":"<p>Familien- und Aktivurlauber finden in der Umgebung zahlreiche M\u00f6glichkeiten zur Erkundung.<\/p>\n<p>Entdecken Sie den Mundenhof, Freiburgs beliebten Tierpark; den Steinwasen Park in Oberried mit seiner Mischung aus Fahrgesch\u00e4ften und Wildtieren; sowie das Badeparadies, einen gro\u00dfen Wasserpark in Titisee-Neustadt. F\u00fcr noch mehr Spannung bieten sich der Europa-Park und Rulantica in Rust an, Deutschlands f\u00fchrende Freizeit- und Wasserparks. Outdoor-Fans k\u00f6nnen die Kletterparcours im Kletterwald Staufen genie\u00dfen, die perfekt f\u00fcr Kinder \u00fcber 140 cm geeignet sind.<\/p>\n","protected":false},"excerpt":{"rendered":"<p>Familien- und Aktivurlauber finden in der Umgebung zahlreiche M\u00f6glichkeiten zur Erkundung. Entdecken Sie den Mundenhof, Freiburgs beliebten Tierpark; den Steinwasen Park in Oberried mit seiner Mischung aus Fahrgesch\u00e4ften und Wildtieren; sowie das Badeparadies, einen gro\u00dfen Wasserpark in Titisee-Neustadt. F\u00fcr noch mehr Spannung bieten sich der Europa-Park und Rulantica in Rust an, Deutschlands f\u00fchrende Freizeit- und [&hellip;]<\/p>\n","protected":false},"author":12,"featured_media":0,"parent":437,"menu_order":254,"comment_status":"closed","ping_status":"closed","template":"template-default-3.php","meta":{"footnotes":""},"categories":[],"class_list":["post-435","page","type-page","status-publish","hentry"],"yoast_head":"<!-- This site is optimized with the Yoast SEO plugin v27.3 - https:\/\/yoast.com\/product\/yoast-seo-wordpress\/ -->\n<title>Abenteuer und Unterhaltung f\u00fcr die ganze Familie - Hochblauen Hotel<\/title>\n<meta name=\"robots\" content=\"index, follow, max-snippet:-1, max-image-preview:large, max-video-preview:-1\" \/>\n<link rel=\"canonical\" href=\"https:\/\/www.hochblauenhotel.com\/de\/standort-und-anfahrt\/abenteuer-und-unterhaltung-fuer-die-ganze-familie\/\" \/>\n<meta property=\"og:locale\" content=\"de_DE\" \/>\n<meta property=\"og:type\" content=\"article\" \/>\n<meta property=\"og:title\" content=\"Abenteuer und Unterhaltung f\u00fcr die ganze Familie - Hochblauen Hotel\" \/>\n<meta property=\"og:description\" content=\"Familien- und Aktivurlauber finden in der Umgebung zahlreiche M\u00f6glichkeiten zur Erkundung. Entdecken Sie den Mundenhof, Freiburgs beliebten Tierpark; den Steinwasen Park in Oberried mit seiner Mischung aus Fahrgesch\u00e4ften und Wildtieren; sowie das Badeparadies, einen gro\u00dfen Wasserpark in Titisee-Neustadt. F\u00fcr noch mehr Spannung bieten sich der Europa-Park und Rulantica in Rust an, Deutschlands f\u00fchrende Freizeit- und [&hellip;]\" \/>\n<meta property=\"og:url\" content=\"https:\/\/www.hochblauenhotel.com\/de\/standort-und-anfahrt\/abenteuer-und-unterhaltung-fuer-die-ganze-familie\/\" \/>\n<meta property=\"og:site_name\" content=\"Hochblauen Hotel\" \/>\n<meta property=\"article:modified_time\" content=\"2025-10-03T09:53:25+00:00\" \/>\n<meta property=\"og:image\" content=\"https:\/\/www.hochblauenhotel.com\/wp-content\/uploads\/sites\/249\/2025\/07\/E-Dron-shot4.jpg\" \/>\n\t<meta property=\"og:image:width\" content=\"2132\" \/>\n\t<meta property=\"og:image:height\" content=\"1200\" \/>\n\t<meta property=\"og:image:type\" content=\"image\/jpeg\" \/>\n<meta name=\"twitter:card\" content=\"summary_large_image\" \/>\n<meta name=\"twitter:label1\" content=\"Gesch\u00e4tzte Lesezeit\" \/>\n\t<meta name=\"twitter:data1\" content=\"1 Minute\" \/>\n<script type=\"application\/ld+json\" class=\"yoast-schema-graph\">{\"@context\":\"https:\\\/\\\/schema.org\",\"@graph\":[{\"@type\":\"WebPage\",\"@id\":\"https:\\\/\\\/www.hochblauenhotel.com\\\/de\\\/standort-und-anfahrt\\\/abenteuer-und-unterhaltung-fuer-die-ganze-familie\\\/\",\"url\":\"https:\\\/\\\/www.hochblauenhotel.com\\\/de\\\/standort-und-anfahrt\\\/abenteuer-und-unterhaltung-fuer-die-ganze-familie\\\/\",\"name\":\"Abenteuer und Unterhaltung f\u00fcr die ganze Familie - Hochblauen Hotel\",\"isPartOf\":{\"@id\":\"https:\\\/\\\/www.hochblauenhotel.com\\\/de\\\/#website\"},\"datePublished\":\"2025-08-07T16:49:52+00:00\",\"dateModified\":\"2025-10-03T09:53:25+00:00\",\"breadcrumb\":{\"@id\":\"https:\\\/\\\/www.hochblauenhotel.com\\\/de\\\/standort-und-anfahrt\\\/abenteuer-und-unterhaltung-fuer-die-ganze-familie\\\/#breadcrumb\"},\"inLanguage\":\"de-DE\",\"potentialAction\":[{\"@type\":\"ReadAction\",\"target\":[\"https:\\\/\\\/www.hochblauenhotel.com\\\/de\\\/standort-und-anfahrt\\\/abenteuer-und-unterhaltung-fuer-die-ganze-familie\\\/\"]}]},{\"@type\":\"BreadcrumbList\",\"@id\":\"https:\\\/\\\/www.hochblauenhotel.com\\\/de\\\/standort-und-anfahrt\\\/abenteuer-und-unterhaltung-fuer-die-ganze-familie\\\/#breadcrumb\",\"itemListElement\":[{\"@type\":\"ListItem\",\"position\":1,\"name\":\"Home\",\"item\":\"https:\\\/\\\/www.hochblauenhotel.com\\\/de\\\/\"},{\"@type\":\"ListItem\",\"position\":2,\"name\":\"Abenteuer und Unterhaltung f\u00fcr die ganze Familie\"}]},{\"@type\":\"WebSite\",\"@id\":\"https:\\\/\\\/www.hochblauenhotel.com\\\/de\\\/#website\",\"url\":\"https:\\\/\\\/www.hochblauenhotel.com\\\/de\\\/\",\"name\":\"Hochblauen Hotel\",\"description\":\"Hochblauen Hotel is a sanctuary of wellness and relaxation where nature, adventure and connection meet.\",\"publisher\":{\"@id\":\"https:\\\/\\\/www.hochblauenhotel.com\\\/de\\\/#organization\"},\"alternateName\":\"Hochblauen Hotel\",\"potentialAction\":[{\"@type\":\"SearchAction\",\"target\":{\"@type\":\"EntryPoint\",\"urlTemplate\":\"https:\\\/\\\/www.hochblauenhotel.com\\\/de\\\/?s={search_term_string}\"},\"query-input\":{\"@type\":\"PropertyValueSpecification\",\"valueRequired\":true,\"valueName\":\"search_term_string\"}}],\"inLanguage\":\"de-DE\"},{\"@type\":\"Organization\",\"@id\":\"https:\\\/\\\/www.hochblauenhotel.com\\\/de\\\/#organization\",\"name\":\"Hochblauen Hotel\",\"alternateName\":\"Hochblauen Hotel\",\"url\":\"https:\\\/\\\/www.hochblauenhotel.com\\\/de\\\/\",\"logo\":{\"@type\":\"ImageObject\",\"inLanguage\":\"de-DE\",\"@id\":\"https:\\\/\\\/www.hochblauenhotel.com\\\/de\\\/#\\\/schema\\\/logo\\\/image\\\/\",\"url\":\"https:\\\/\\\/www.hochblauenhotel.com\\\/wp-content\\\/uploads\\\/sites\\\/249\\\/2025\\\/05\\\/ERKEK.png\",\"contentUrl\":\"https:\\\/\\\/www.hochblauenhotel.com\\\/wp-content\\\/uploads\\\/sites\\\/249\\\/2025\\\/05\\\/ERKEK.png\",\"width\":500,\"height\":186,\"caption\":\"Hochblauen Hotel\"},\"image\":{\"@id\":\"https:\\\/\\\/www.hochblauenhotel.com\\\/de\\\/#\\\/schema\\\/logo\\\/image\\\/\"}}]}<\/script>\n<!-- \/ Yoast SEO plugin. -->","yoast_head_json":{"title":"Abenteuer und Unterhaltung f\u00fcr die ganze Familie - Hochblauen Hotel","robots":{"index":"index","follow":"follow","max-snippet":"max-snippet:-1","max-image-preview":"max-image-preview:large","max-video-preview":"max-video-preview:-1"},"canonical":"https:\/\/www.hochblauenhotel.com\/de\/standort-und-anfahrt\/abenteuer-und-unterhaltung-fuer-die-ganze-familie\/","og_locale":"de_DE","og_type":"article","og_title":"Abenteuer und Unterhaltung f\u00fcr die ganze Familie - Hochblauen Hotel","og_description":"Familien- und Aktivurlauber finden in der Umgebung zahlreiche M\u00f6glichkeiten zur Erkundung. Entdecken Sie den Mundenhof, Freiburgs beliebten Tierpark; den Steinwasen Park in Oberried mit seiner Mischung aus Fahrgesch\u00e4ften und Wildtieren; sowie das Badeparadies, einen gro\u00dfen Wasserpark in Titisee-Neustadt. F\u00fcr noch mehr Spannung bieten sich der Europa-Park und Rulantica in Rust an, Deutschlands f\u00fchrende Freizeit- und [&hellip;]","og_url":"https:\/\/www.hochblauenhotel.com\/de\/standort-und-anfahrt\/abenteuer-und-unterhaltung-fuer-die-ganze-familie\/","og_site_name":"Hochblauen Hotel","article_modified_time":"2025-10-03T09:53:25+00:00","og_image":[{"width":2132,"height":1200,"url":"https:\/\/www.hochblauenhotel.com\/wp-content\/uploads\/sites\/249\/2025\/07\/E-Dron-shot4.jpg","type":"image\/jpeg"}],"twitter_card":"summary_large_image","twitter_misc":{"Gesch\u00e4tzte Lesezeit":"1 Minute"},"schema":{"@context":"https:\/\/schema.org","@graph":[{"@type":"WebPage","@id":"https:\/\/www.hochblauenhotel.com\/de\/standort-und-anfahrt\/abenteuer-und-unterhaltung-fuer-die-ganze-familie\/","url":"https:\/\/www.hochblauenhotel.com\/de\/standort-und-anfahrt\/abenteuer-und-unterhaltung-fuer-die-ganze-familie\/","name":"Abenteuer und Unterhaltung f\u00fcr die ganze Familie - Hochblauen Hotel","isPartOf":{"@id":"https:\/\/www.hochblauenhotel.com\/de\/#website"},"datePublished":"2025-08-07T16:49:52+00:00","dateModified":"2025-10-03T09:53:25+00:00","breadcrumb":{"@id":"https:\/\/www.hochblauenhotel.com\/de\/standort-und-anfahrt\/abenteuer-und-unterhaltung-fuer-die-ganze-familie\/#breadcrumb"},"inLanguage":"de-DE","potentialAction":[{"@type":"ReadAction","target":["https:\/\/www.hochblauenhotel.com\/de\/standort-und-anfahrt\/abenteuer-und-unterhaltung-fuer-die-ganze-familie\/"]}]},{"@type":"BreadcrumbList","@id":"https:\/\/www.hochblauenhotel.com\/de\/standort-und-anfahrt\/abenteuer-und-unterhaltung-fuer-die-ganze-familie\/#breadcrumb","itemListElement":[{"@type":"ListItem","position":1,"name":"Home","item":"https:\/\/www.hochblauenhotel.com\/de\/"},{"@type":"ListItem","position":2,"name":"Abenteuer und Unterhaltung f\u00fcr die ganze Familie"}]},{"@type":"WebSite","@id":"https:\/\/www.hochblauenhotel.com\/de\/#website","url":"https:\/\/www.hochblauenhotel.com\/de\/","name":"Hochblauen Hotel","description":"Hochblauen Hotel is a sanctuary of wellness and relaxation where nature, adventure and connection meet.","publisher":{"@id":"https:\/\/www.hochblauenhotel.com\/de\/#organization"},"alternateName":"Hochblauen Hotel","potentialAction":[{"@type":"SearchAction","target":{"@type":"EntryPoint","urlTemplate":"https:\/\/www.hochblauenhotel.com\/de\/?s={search_term_string}"},"query-input":{"@type":"PropertyValueSpecification","valueRequired":true,"valueName":"search_term_string"}}],"inLanguage":"de-DE"},{"@type":"Organization","@id":"https:\/\/www.hochblauenhotel.com\/de\/#organization","name":"Hochblauen Hotel","alternateName":"Hochblauen Hotel","url":"https:\/\/www.hochblauenhotel.com\/de\/","logo":{"@type":"ImageObject","inLanguage":"de-DE","@id":"https:\/\/www.hochblauenhotel.com\/de\/#\/schema\/logo\/image\/","url":"https:\/\/www.hochblauenhotel.com\/wp-content\/uploads\/sites\/249\/2025\/05\/ERKEK.png","contentUrl":"https:\/\/www.hochblauenhotel.com\/wp-content\/uploads\/sites\/249\/2025\/05\/ERKEK.png","width":500,"height":186,"caption":"Hochblauen Hotel"},"image":{"@id":"https:\/\/www.hochblauenhotel.com\/de\/#\/schema\/logo\/image\/"}}]}},"acf":[],"_links":{"self":[{"href":"https:\/\/www.hochblauenhotel.com\/de\/wp-json\/wp\/v2\/pages\/435","targetHints":{"allow":["GET"]}}],"collection":[{"href":"https:\/\/www.hochblauenhotel.com\/de\/wp-json\/wp\/v2\/pages"}],"about":[{"href":"https:\/\/www.hochblauenhotel.com\/de\/wp-json\/wp\/v2\/types\/page"}],"author":[{"embeddable":true,"href":"https:\/\/www.hochblauenhotel.com\/de\/wp-json\/wp\/v2\/users\/12"}],"replies":[{"embeddable":true,"href":"https:\/\/www.hochblauenhotel.com\/de\/wp-json\/wp\/v2\/comments?post=435"}],"version-history":[{"count":0,"href":"https:\/\/www.hochblauenhotel.com\/de\/wp-json\/wp\/v2\/pages\/435\/revisions"}],"up":[{"embeddable":true,"href":"https:\/\/www.hochblauenhotel.com\/de\/wp-json\/wp\/v2\/pages\/437"}],"wp:attachment":[{"href":"https:\/\/www.hochblauenhotel.com\/de\/wp-json\/wp\/v2\/media?parent=435"}],"wp:term":[{"taxonomy":"category","embeddable":true,"href":"https:\/\/www.hochblauenhotel.com\/de\/wp-json\/wp\/v2\/categories?post=435"}],"curies":[{"name":"wp","href":"https:\/\/api.w.org\/{rel}","templated":true}]}}