{"id":428,"date":"2025-07-04T10:30:31","date_gmt":"2025-07-04T10:30:31","guid":{"rendered":"https:\/\/www.hochblauenhotel.com\/?page_id=428"},"modified":"2026-05-13T11:22:38","modified_gmt":"2026-05-13T11:22:38","slug":"horizon-restaurant-bar","status":"publish","type":"page","link":"https:\/\/www.hochblauenhotel.com\/de\/horizon-restaurant-bar\/","title":{"rendered":"Horizon Restaurant &amp; Bar"},"content":{"rendered":"<p style=\"text-align: center\">In unserem <strong>Restaurant im Schwarzwald<\/strong> erwartet Sie eine entspannte Atmosph\u00e4re mit elegantem Flair.<\/p>\n<p style=\"text-align: center\">Nat\u00fcrliche Materialien wie Holz, Gr\u00fcnt\u00f6ne und florale Details spiegeln die umliegende Natur des Schwarzwaldes wider. Die Landschaft vor unseren Fenstern ist mehr als nur ein Ausblick \u2013 sie inspiriert jedes Gericht.<\/p>\n<p style=\"text-align: center\">Unsere K\u00fcche verbindet traditionelle Schwarzwald-Spezialit\u00e4ten mit mediterranen Einfl\u00fcssen. Dabei verwenden wir saisonale und regionale Zutaten, um einzigartige Gerichte zu kreieren, die zum Entspannen und Genie\u00dfen einladen.<\/p>\n<h3 style=\"text-align: center\"><em><strong>Wir nehmen uns Zeit, damit Sie es auch k\u00f6nnen.<\/strong><\/em><\/h3>\n<p style=\"text-align: center\">Der K\u00fcchenchef bereitet mit Sorgfalt und Kreativit\u00e4t jedes Gericht an. Am Tisch soll jeder Teller in Ruhe wirken d\u00fcrfen. Hier vereinen sich Schwarzw\u00e4lder Gem\u00fctlichkeit mit mediterraner Lebensfreude, w\u00e4hrend der Genuss von dem Ausblick angeregt wird.<\/p>\n<p style=\"text-align: center\"><span style=\"color: #666699\"><em>\u2192 <a style=\"color: #666699\" href=\"https:\/\/www.hochblauenhotel.com\/wp-content\/uploads\/sites\/249\/2026\/04\/SpringMenu_Website.pdf\"><strong data-start=\"375\" data-end=\"428\">Saisonale Fr\u00fchlingsgerichte im Horizon Restaurant<\/strong> <\/a><\/em><\/span><\/p>\n","protected":false},"excerpt":{"rendered":"<p>In unserem Restaurant im Schwarzwald erwartet Sie eine entspannte Atmosph\u00e4re mit elegantem Flair. Nat\u00fcrliche Materialien wie Holz, Gr\u00fcnt\u00f6ne und florale Details spiegeln die umliegende Natur des Schwarzwaldes wider. Die Landschaft vor unseren Fenstern ist mehr als nur ein Ausblick \u2013 sie inspiriert jedes Gericht. Unsere K\u00fcche verbindet traditionelle Schwarzwald-Spezialit\u00e4ten mit mediterranen Einfl\u00fcssen. Dabei verwenden wir [&hellip;]<\/p>\n","protected":false},"author":12,"featured_media":0,"parent":0,"menu_order":40,"comment_status":"closed","ping_status":"closed","template":"template-single-restaurant.php","meta":{"footnotes":""},"categories":[],"class_list":["post-428","page","type-page","status-publish","hentry"],"yoast_head":"<!-- This site is optimized with the Yoast SEO plugin v27.3 - https:\/\/yoast.com\/product\/yoast-seo-wordpress\/ -->\n<title>Restaurant im Schwarzwald | Hochblauen Hotel &amp; Spa<\/title>\n<meta name=\"description\" content=\"Erleben Sie unser Schwarzw\u00e4lder Berggipfel Restaurant. Frische und saisonale Zutaten von regionalen Produzenten, mediterran und bodenst\u00e4ndig interpretiert.\" \/>\n<meta name=\"robots\" content=\"index, follow, max-snippet:-1, max-image-preview:large, max-video-preview:-1\" \/>\n<link rel=\"canonical\" href=\"https:\/\/www.hochblauenhotel.com\/de\/horizon-restaurant-bar\/\" \/>\n<meta property=\"og:locale\" content=\"de_DE\" \/>\n<meta property=\"og:type\" content=\"article\" \/>\n<meta property=\"og:title\" content=\"Restaurant im Schwarzwald | Hochblauen Hotel &amp; Spa\" \/>\n<meta property=\"og:description\" content=\"Erleben Sie unser Schwarzw\u00e4lder Berggipfel Restaurant. Frische und saisonale Zutaten von regionalen Produzenten, mediterran und bodenst\u00e4ndig interpretiert.\" \/>\n<meta property=\"og:url\" content=\"https:\/\/www.hochblauenhotel.com\/de\/horizon-restaurant-bar\/\" \/>\n<meta property=\"og:site_name\" content=\"Hochblauen Hotel\" \/>\n<meta property=\"article:modified_time\" content=\"2026-05-13T11:22:38+00:00\" \/>\n<meta property=\"og:image\" content=\"https:\/\/www.hochblauenhotel.com\/wp-content\/uploads\/sites\/249\/2025\/07\/E-Dron-shot4.jpg\" \/>\n\t<meta property=\"og:image:width\" content=\"2132\" \/>\n\t<meta property=\"og:image:height\" content=\"1200\" \/>\n\t<meta property=\"og:image:type\" content=\"image\/jpeg\" \/>\n<meta name=\"twitter:card\" content=\"summary_large_image\" \/>\n<meta name=\"twitter:label1\" content=\"Gesch\u00e4tzte Lesezeit\" \/>\n\t<meta name=\"twitter:data1\" content=\"1 Minute\" \/>\n<script type=\"application\/ld+json\" class=\"yoast-schema-graph\">{\"@context\":\"https:\\\/\\\/schema.org\",\"@graph\":[{\"@type\":\"WebPage\",\"@id\":\"https:\\\/\\\/www.hochblauenhotel.com\\\/de\\\/horizon-restaurant-bar\\\/\",\"url\":\"https:\\\/\\\/www.hochblauenhotel.com\\\/de\\\/horizon-restaurant-bar\\\/\",\"name\":\"Restaurant im Schwarzwald | Hochblauen Hotel & Spa\",\"isPartOf\":{\"@id\":\"https:\\\/\\\/www.hochblauenhotel.com\\\/de\\\/#website\"},\"datePublished\":\"2025-07-04T10:30:31+00:00\",\"dateModified\":\"2026-05-13T11:22:38+00:00\",\"description\":\"Erleben Sie unser Schwarzw\u00e4lder Berggipfel Restaurant. Frische und saisonale Zutaten von regionalen Produzenten, mediterran und bodenst\u00e4ndig interpretiert.\",\"breadcrumb\":{\"@id\":\"https:\\\/\\\/www.hochblauenhotel.com\\\/de\\\/horizon-restaurant-bar\\\/#breadcrumb\"},\"inLanguage\":\"de-DE\",\"potentialAction\":[{\"@type\":\"ReadAction\",\"target\":[\"https:\\\/\\\/www.hochblauenhotel.com\\\/de\\\/horizon-restaurant-bar\\\/\"]}]},{\"@type\":\"BreadcrumbList\",\"@id\":\"https:\\\/\\\/www.hochblauenhotel.com\\\/de\\\/horizon-restaurant-bar\\\/#breadcrumb\",\"itemListElement\":[{\"@type\":\"ListItem\",\"position\":1,\"name\":\"Home\",\"item\":\"https:\\\/\\\/www.hochblauenhotel.com\\\/de\\\/\"},{\"@type\":\"ListItem\",\"position\":2,\"name\":\"Horizon Restaurant &amp; Bar\"}]},{\"@type\":\"WebSite\",\"@id\":\"https:\\\/\\\/www.hochblauenhotel.com\\\/de\\\/#website\",\"url\":\"https:\\\/\\\/www.hochblauenhotel.com\\\/de\\\/\",\"name\":\"Hochblauen Hotel\",\"description\":\"Hochblauen Hotel is a sanctuary of wellness and relaxation where nature, adventure and connection meet.\",\"publisher\":{\"@id\":\"https:\\\/\\\/www.hochblauenhotel.com\\\/de\\\/#organization\"},\"alternateName\":\"Hochblauen Hotel\",\"potentialAction\":[{\"@type\":\"SearchAction\",\"target\":{\"@type\":\"EntryPoint\",\"urlTemplate\":\"https:\\\/\\\/www.hochblauenhotel.com\\\/de\\\/?s={search_term_string}\"},\"query-input\":{\"@type\":\"PropertyValueSpecification\",\"valueRequired\":true,\"valueName\":\"search_term_string\"}}],\"inLanguage\":\"de-DE\"},{\"@type\":\"Organization\",\"@id\":\"https:\\\/\\\/www.hochblauenhotel.com\\\/de\\\/#organization\",\"name\":\"Hochblauen Hotel\",\"alternateName\":\"Hochblauen Hotel\",\"url\":\"https:\\\/\\\/www.hochblauenhotel.com\\\/de\\\/\",\"logo\":{\"@type\":\"ImageObject\",\"inLanguage\":\"de-DE\",\"@id\":\"https:\\\/\\\/www.hochblauenhotel.com\\\/de\\\/#\\\/schema\\\/logo\\\/image\\\/\",\"url\":\"https:\\\/\\\/www.hochblauenhotel.com\\\/wp-content\\\/uploads\\\/sites\\\/249\\\/2025\\\/05\\\/ERKEK.png\",\"contentUrl\":\"https:\\\/\\\/www.hochblauenhotel.com\\\/wp-content\\\/uploads\\\/sites\\\/249\\\/2025\\\/05\\\/ERKEK.png\",\"width\":500,\"height\":186,\"caption\":\"Hochblauen Hotel\"},\"image\":{\"@id\":\"https:\\\/\\\/www.hochblauenhotel.com\\\/de\\\/#\\\/schema\\\/logo\\\/image\\\/\"}}]}<\/script>\n<!-- \/ Yoast SEO plugin. -->","yoast_head_json":{"title":"Restaurant im Schwarzwald | Hochblauen Hotel & Spa","description":"Erleben Sie unser Schwarzw\u00e4lder Berggipfel Restaurant. Frische und saisonale Zutaten von regionalen Produzenten, mediterran und bodenst\u00e4ndig interpretiert.","robots":{"index":"index","follow":"follow","max-snippet":"max-snippet:-1","max-image-preview":"max-image-preview:large","max-video-preview":"max-video-preview:-1"},"canonical":"https:\/\/www.hochblauenhotel.com\/de\/horizon-restaurant-bar\/","og_locale":"de_DE","og_type":"article","og_title":"Restaurant im Schwarzwald | Hochblauen Hotel & Spa","og_description":"Erleben Sie unser Schwarzw\u00e4lder Berggipfel Restaurant. Frische und saisonale Zutaten von regionalen Produzenten, mediterran und bodenst\u00e4ndig interpretiert.","og_url":"https:\/\/www.hochblauenhotel.com\/de\/horizon-restaurant-bar\/","og_site_name":"Hochblauen Hotel","article_modified_time":"2026-05-13T11:22:38+00:00","og_image":[{"width":2132,"height":1200,"url":"https:\/\/www.hochblauenhotel.com\/wp-content\/uploads\/sites\/249\/2025\/07\/E-Dron-shot4.jpg","type":"image\/jpeg"}],"twitter_card":"summary_large_image","twitter_misc":{"Gesch\u00e4tzte Lesezeit":"1 Minute"},"schema":{"@context":"https:\/\/schema.org","@graph":[{"@type":"WebPage","@id":"https:\/\/www.hochblauenhotel.com\/de\/horizon-restaurant-bar\/","url":"https:\/\/www.hochblauenhotel.com\/de\/horizon-restaurant-bar\/","name":"Restaurant im Schwarzwald | Hochblauen Hotel & Spa","isPartOf":{"@id":"https:\/\/www.hochblauenhotel.com\/de\/#website"},"datePublished":"2025-07-04T10:30:31+00:00","dateModified":"2026-05-13T11:22:38+00:00","description":"Erleben Sie unser Schwarzw\u00e4lder Berggipfel Restaurant. Frische und saisonale Zutaten von regionalen Produzenten, mediterran und bodenst\u00e4ndig interpretiert.","breadcrumb":{"@id":"https:\/\/www.hochblauenhotel.com\/de\/horizon-restaurant-bar\/#breadcrumb"},"inLanguage":"de-DE","potentialAction":[{"@type":"ReadAction","target":["https:\/\/www.hochblauenhotel.com\/de\/horizon-restaurant-bar\/"]}]},{"@type":"BreadcrumbList","@id":"https:\/\/www.hochblauenhotel.com\/de\/horizon-restaurant-bar\/#breadcrumb","itemListElement":[{"@type":"ListItem","position":1,"name":"Home","item":"https:\/\/www.hochblauenhotel.com\/de\/"},{"@type":"ListItem","position":2,"name":"Horizon Restaurant &amp; Bar"}]},{"@type":"WebSite","@id":"https:\/\/www.hochblauenhotel.com\/de\/#website","url":"https:\/\/www.hochblauenhotel.com\/de\/","name":"Hochblauen Hotel","description":"Hochblauen Hotel is a sanctuary of wellness and relaxation where nature, adventure and connection meet.","publisher":{"@id":"https:\/\/www.hochblauenhotel.com\/de\/#organization"},"alternateName":"Hochblauen Hotel","potentialAction":[{"@type":"SearchAction","target":{"@type":"EntryPoint","urlTemplate":"https:\/\/www.hochblauenhotel.com\/de\/?s={search_term_string}"},"query-input":{"@type":"PropertyValueSpecification","valueRequired":true,"valueName":"search_term_string"}}],"inLanguage":"de-DE"},{"@type":"Organization","@id":"https:\/\/www.hochblauenhotel.com\/de\/#organization","name":"Hochblauen Hotel","alternateName":"Hochblauen Hotel","url":"https:\/\/www.hochblauenhotel.com\/de\/","logo":{"@type":"ImageObject","inLanguage":"de-DE","@id":"https:\/\/www.hochblauenhotel.com\/de\/#\/schema\/logo\/image\/","url":"https:\/\/www.hochblauenhotel.com\/wp-content\/uploads\/sites\/249\/2025\/05\/ERKEK.png","contentUrl":"https:\/\/www.hochblauenhotel.com\/wp-content\/uploads\/sites\/249\/2025\/05\/ERKEK.png","width":500,"height":186,"caption":"Hochblauen Hotel"},"image":{"@id":"https:\/\/www.hochblauenhotel.com\/de\/#\/schema\/logo\/image\/"}}]}},"acf":[],"_links":{"self":[{"href":"https:\/\/www.hochblauenhotel.com\/de\/wp-json\/wp\/v2\/pages\/428","targetHints":{"allow":["GET"]}}],"collection":[{"href":"https:\/\/www.hochblauenhotel.com\/de\/wp-json\/wp\/v2\/pages"}],"about":[{"href":"https:\/\/www.hochblauenhotel.com\/de\/wp-json\/wp\/v2\/types\/page"}],"author":[{"embeddable":true,"href":"https:\/\/www.hochblauenhotel.com\/de\/wp-json\/wp\/v2\/users\/12"}],"replies":[{"embeddable":true,"href":"https:\/\/www.hochblauenhotel.com\/de\/wp-json\/wp\/v2\/comments?post=428"}],"version-history":[{"count":0,"href":"https:\/\/www.hochblauenhotel.com\/de\/wp-json\/wp\/v2\/pages\/428\/revisions"}],"wp:attachment":[{"href":"https:\/\/www.hochblauenhotel.com\/de\/wp-json\/wp\/v2\/media?parent=428"}],"wp:term":[{"taxonomy":"category","embeddable":true,"href":"https:\/\/www.hochblauenhotel.com\/de\/wp-json\/wp\/v2\/categories?post=428"}],"curies":[{"name":"wp","href":"https:\/\/api.w.org\/{rel}","templated":true}]}}