{"id":425,"date":"2025-07-18T17:16:53","date_gmt":"2025-07-18T17:16:53","guid":{"rendered":"https:\/\/www.hochblauenhotel.com\/?page_id=425"},"modified":"2025-10-02T14:08:18","modified_gmt":"2025-10-02T14:08:18","slug":"aktivitaeten-im-schwarzwald","status":"publish","type":"page","link":"https:\/\/www.hochblauenhotel.com\/de\/aktivitaeten-im-schwarzwald\/","title":{"rendered":"Aktivit\u00e4ten im Schwarzwald"},"content":{"rendered":"<p style=\"text-align: center;\"><span style=\"font-weight: 400;\">Eingebettet in das malerische <strong>Grenzgebiet zwischen dem Schwarzwald<\/strong> und den sonnigen H\u00e4ngen des Markgr\u00e4flerlands, \u00f6ffnet der Hochblauen das Tor zu einer Region voller faszinierender Kontraste. Hier vereinen sich majest\u00e4tische Berge mit sanften Wiesen, uralte Legenden mit malerischen Landschaften und Momente der Stille mit aktiven Abenteuern. <\/span><\/p>\n<p style=\"text-align: center;\"><span style=\"font-weight: 400;\">Jede Jahreszeit hat ihren eigenen Reiz: ob Sie im Sommer die belebenden Wanderwege erkunden oder im Winter die ruhige Sch\u00f6nheit der verschneiten Landschaft genie\u00dfen.<br \/>\nDer Hochblauen ist mehr als nur ein Reiseziel \u2013 er ist ein Ort, der den Puls der Natur sp\u00fcren l\u00e4sst.<\/span><\/p>\n","protected":false},"excerpt":{"rendered":"<p>Eingebettet in das malerische Grenzgebiet zwischen dem Schwarzwald und den sonnigen H\u00e4ngen des Markgr\u00e4flerlands, \u00f6ffnet der Hochblauen das Tor zu einer Region voller faszinierender Kontraste. Hier vereinen sich majest\u00e4tische Berge mit sanften Wiesen, uralte Legenden mit malerischen Landschaften und Momente der Stille mit aktiven Abenteuern. Jede Jahreszeit hat ihren eigenen Reiz: ob Sie im Sommer [&hellip;]<\/p>\n","protected":false},"author":12,"featured_media":0,"parent":0,"menu_order":200,"comment_status":"closed","ping_status":"closed","template":"template-default-4.php","meta":{"footnotes":""},"categories":[],"class_list":["post-425","page","type-page","status-publish","hentry"],"yoast_head":"<!-- This site is optimized with the Yoast SEO plugin v27.3 - https:\/\/yoast.com\/product\/yoast-seo-wordpress\/ -->\n<title>Aktivit\u00e4ten im Schwarzwald\u200b | Hochblauen Hotel &amp; Spa<\/title>\n<meta name=\"description\" content=\"Entdecken Sie mit Aktivit\u00e4ten im Schwarzwald die Region, Kultur und Geschichte im Hochblauen, einem Hotel, das in der Tradition des Berges verwurzelt ist.\" \/>\n<meta name=\"robots\" content=\"index, follow, max-snippet:-1, max-image-preview:large, max-video-preview:-1\" \/>\n<link rel=\"canonical\" href=\"https:\/\/www.hochblauenhotel.com\/de\/aktivitaeten-im-schwarzwald\/\" \/>\n<meta property=\"og:locale\" content=\"de_DE\" \/>\n<meta property=\"og:type\" content=\"article\" \/>\n<meta property=\"og:title\" content=\"Aktivit\u00e4ten im Schwarzwald\u200b | Hochblauen Hotel &amp; Spa\" \/>\n<meta property=\"og:description\" content=\"Entdecken Sie mit Aktivit\u00e4ten im Schwarzwald die Region, Kultur und Geschichte im Hochblauen, einem Hotel, das in der Tradition des Berges verwurzelt ist.\" \/>\n<meta property=\"og:url\" content=\"https:\/\/www.hochblauenhotel.com\/de\/aktivitaeten-im-schwarzwald\/\" \/>\n<meta property=\"og:site_name\" content=\"Hochblauen Hotel\" \/>\n<meta property=\"article:modified_time\" content=\"2025-10-02T14:08:18+00:00\" \/>\n<meta property=\"og:image\" content=\"https:\/\/www.hochblauenhotel.com\/wp-content\/uploads\/sites\/249\/2025\/07\/E-Dron-shot4.jpg\" \/>\n\t<meta property=\"og:image:width\" content=\"2132\" \/>\n\t<meta property=\"og:image:height\" content=\"1200\" \/>\n\t<meta property=\"og:image:type\" content=\"image\/jpeg\" \/>\n<meta name=\"twitter:card\" content=\"summary_large_image\" \/>\n<meta name=\"twitter:label1\" content=\"Gesch\u00e4tzte Lesezeit\" \/>\n\t<meta name=\"twitter:data1\" content=\"1 Minute\" \/>\n<script type=\"application\/ld+json\" class=\"yoast-schema-graph\">{\"@context\":\"https:\\\/\\\/schema.org\",\"@graph\":[{\"@type\":\"WebPage\",\"@id\":\"https:\\\/\\\/www.hochblauenhotel.com\\\/de\\\/aktivitaeten-im-schwarzwald\\\/\",\"url\":\"https:\\\/\\\/www.hochblauenhotel.com\\\/de\\\/aktivitaeten-im-schwarzwald\\\/\",\"name\":\"Aktivit\u00e4ten im Schwarzwald\u200b | Hochblauen Hotel & Spa\",\"isPartOf\":{\"@id\":\"https:\\\/\\\/www.hochblauenhotel.com\\\/de\\\/#website\"},\"datePublished\":\"2025-07-18T17:16:53+00:00\",\"dateModified\":\"2025-10-02T14:08:18+00:00\",\"description\":\"Entdecken Sie mit Aktivit\u00e4ten im Schwarzwald die Region, Kultur und Geschichte im Hochblauen, einem Hotel, das in der Tradition des Berges verwurzelt ist.\",\"breadcrumb\":{\"@id\":\"https:\\\/\\\/www.hochblauenhotel.com\\\/de\\\/aktivitaeten-im-schwarzwald\\\/#breadcrumb\"},\"inLanguage\":\"de-DE\",\"potentialAction\":[{\"@type\":\"ReadAction\",\"target\":[\"https:\\\/\\\/www.hochblauenhotel.com\\\/de\\\/aktivitaeten-im-schwarzwald\\\/\"]}]},{\"@type\":\"BreadcrumbList\",\"@id\":\"https:\\\/\\\/www.hochblauenhotel.com\\\/de\\\/aktivitaeten-im-schwarzwald\\\/#breadcrumb\",\"itemListElement\":[{\"@type\":\"ListItem\",\"position\":1,\"name\":\"Home\",\"item\":\"https:\\\/\\\/www.hochblauenhotel.com\\\/de\\\/\"},{\"@type\":\"ListItem\",\"position\":2,\"name\":\"Aktivit\u00e4ten im Schwarzwald\"}]},{\"@type\":\"WebSite\",\"@id\":\"https:\\\/\\\/www.hochblauenhotel.com\\\/de\\\/#website\",\"url\":\"https:\\\/\\\/www.hochblauenhotel.com\\\/de\\\/\",\"name\":\"Hochblauen Hotel\",\"description\":\"Hochblauen Hotel is a sanctuary of wellness and relaxation where nature, adventure and connection meet.\",\"publisher\":{\"@id\":\"https:\\\/\\\/www.hochblauenhotel.com\\\/de\\\/#organization\"},\"alternateName\":\"Hochblauen Hotel\",\"potentialAction\":[{\"@type\":\"SearchAction\",\"target\":{\"@type\":\"EntryPoint\",\"urlTemplate\":\"https:\\\/\\\/www.hochblauenhotel.com\\\/de\\\/?s={search_term_string}\"},\"query-input\":{\"@type\":\"PropertyValueSpecification\",\"valueRequired\":true,\"valueName\":\"search_term_string\"}}],\"inLanguage\":\"de-DE\"},{\"@type\":\"Organization\",\"@id\":\"https:\\\/\\\/www.hochblauenhotel.com\\\/de\\\/#organization\",\"name\":\"Hochblauen Hotel\",\"alternateName\":\"Hochblauen Hotel\",\"url\":\"https:\\\/\\\/www.hochblauenhotel.com\\\/de\\\/\",\"logo\":{\"@type\":\"ImageObject\",\"inLanguage\":\"de-DE\",\"@id\":\"https:\\\/\\\/www.hochblauenhotel.com\\\/de\\\/#\\\/schema\\\/logo\\\/image\\\/\",\"url\":\"https:\\\/\\\/www.hochblauenhotel.com\\\/wp-content\\\/uploads\\\/sites\\\/249\\\/2025\\\/05\\\/ERKEK.png\",\"contentUrl\":\"https:\\\/\\\/www.hochblauenhotel.com\\\/wp-content\\\/uploads\\\/sites\\\/249\\\/2025\\\/05\\\/ERKEK.png\",\"width\":500,\"height\":186,\"caption\":\"Hochblauen Hotel\"},\"image\":{\"@id\":\"https:\\\/\\\/www.hochblauenhotel.com\\\/de\\\/#\\\/schema\\\/logo\\\/image\\\/\"}}]}<\/script>\n<!-- \/ Yoast SEO plugin. -->","yoast_head_json":{"title":"Aktivit\u00e4ten im Schwarzwald\u200b | Hochblauen Hotel & Spa","description":"Entdecken Sie mit Aktivit\u00e4ten im Schwarzwald die Region, Kultur und Geschichte im Hochblauen, einem Hotel, das in der Tradition des Berges verwurzelt ist.","robots":{"index":"index","follow":"follow","max-snippet":"max-snippet:-1","max-image-preview":"max-image-preview:large","max-video-preview":"max-video-preview:-1"},"canonical":"https:\/\/www.hochblauenhotel.com\/de\/aktivitaeten-im-schwarzwald\/","og_locale":"de_DE","og_type":"article","og_title":"Aktivit\u00e4ten im Schwarzwald\u200b | Hochblauen Hotel & Spa","og_description":"Entdecken Sie mit Aktivit\u00e4ten im Schwarzwald die Region, Kultur und Geschichte im Hochblauen, einem Hotel, das in der Tradition des Berges verwurzelt ist.","og_url":"https:\/\/www.hochblauenhotel.com\/de\/aktivitaeten-im-schwarzwald\/","og_site_name":"Hochblauen Hotel","article_modified_time":"2025-10-02T14:08:18+00:00","og_image":[{"width":2132,"height":1200,"url":"https:\/\/www.hochblauenhotel.com\/wp-content\/uploads\/sites\/249\/2025\/07\/E-Dron-shot4.jpg","type":"image\/jpeg"}],"twitter_card":"summary_large_image","twitter_misc":{"Gesch\u00e4tzte Lesezeit":"1 Minute"},"schema":{"@context":"https:\/\/schema.org","@graph":[{"@type":"WebPage","@id":"https:\/\/www.hochblauenhotel.com\/de\/aktivitaeten-im-schwarzwald\/","url":"https:\/\/www.hochblauenhotel.com\/de\/aktivitaeten-im-schwarzwald\/","name":"Aktivit\u00e4ten im Schwarzwald\u200b | Hochblauen Hotel & Spa","isPartOf":{"@id":"https:\/\/www.hochblauenhotel.com\/de\/#website"},"datePublished":"2025-07-18T17:16:53+00:00","dateModified":"2025-10-02T14:08:18+00:00","description":"Entdecken Sie mit Aktivit\u00e4ten im Schwarzwald die Region, Kultur und Geschichte im Hochblauen, einem Hotel, das in der Tradition des Berges verwurzelt ist.","breadcrumb":{"@id":"https:\/\/www.hochblauenhotel.com\/de\/aktivitaeten-im-schwarzwald\/#breadcrumb"},"inLanguage":"de-DE","potentialAction":[{"@type":"ReadAction","target":["https:\/\/www.hochblauenhotel.com\/de\/aktivitaeten-im-schwarzwald\/"]}]},{"@type":"BreadcrumbList","@id":"https:\/\/www.hochblauenhotel.com\/de\/aktivitaeten-im-schwarzwald\/#breadcrumb","itemListElement":[{"@type":"ListItem","position":1,"name":"Home","item":"https:\/\/www.hochblauenhotel.com\/de\/"},{"@type":"ListItem","position":2,"name":"Aktivit\u00e4ten im Schwarzwald"}]},{"@type":"WebSite","@id":"https:\/\/www.hochblauenhotel.com\/de\/#website","url":"https:\/\/www.hochblauenhotel.com\/de\/","name":"Hochblauen Hotel","description":"Hochblauen Hotel is a sanctuary of wellness and relaxation where nature, adventure and connection meet.","publisher":{"@id":"https:\/\/www.hochblauenhotel.com\/de\/#organization"},"alternateName":"Hochblauen Hotel","potentialAction":[{"@type":"SearchAction","target":{"@type":"EntryPoint","urlTemplate":"https:\/\/www.hochblauenhotel.com\/de\/?s={search_term_string}"},"query-input":{"@type":"PropertyValueSpecification","valueRequired":true,"valueName":"search_term_string"}}],"inLanguage":"de-DE"},{"@type":"Organization","@id":"https:\/\/www.hochblauenhotel.com\/de\/#organization","name":"Hochblauen Hotel","alternateName":"Hochblauen Hotel","url":"https:\/\/www.hochblauenhotel.com\/de\/","logo":{"@type":"ImageObject","inLanguage":"de-DE","@id":"https:\/\/www.hochblauenhotel.com\/de\/#\/schema\/logo\/image\/","url":"https:\/\/www.hochblauenhotel.com\/wp-content\/uploads\/sites\/249\/2025\/05\/ERKEK.png","contentUrl":"https:\/\/www.hochblauenhotel.com\/wp-content\/uploads\/sites\/249\/2025\/05\/ERKEK.png","width":500,"height":186,"caption":"Hochblauen Hotel"},"image":{"@id":"https:\/\/www.hochblauenhotel.com\/de\/#\/schema\/logo\/image\/"}}]}},"acf":[],"_links":{"self":[{"href":"https:\/\/www.hochblauenhotel.com\/de\/wp-json\/wp\/v2\/pages\/425","targetHints":{"allow":["GET"]}}],"collection":[{"href":"https:\/\/www.hochblauenhotel.com\/de\/wp-json\/wp\/v2\/pages"}],"about":[{"href":"https:\/\/www.hochblauenhotel.com\/de\/wp-json\/wp\/v2\/types\/page"}],"author":[{"embeddable":true,"href":"https:\/\/www.hochblauenhotel.com\/de\/wp-json\/wp\/v2\/users\/12"}],"replies":[{"embeddable":true,"href":"https:\/\/www.hochblauenhotel.com\/de\/wp-json\/wp\/v2\/comments?post=425"}],"version-history":[{"count":0,"href":"https:\/\/www.hochblauenhotel.com\/de\/wp-json\/wp\/v2\/pages\/425\/revisions"}],"wp:attachment":[{"href":"https:\/\/www.hochblauenhotel.com\/de\/wp-json\/wp\/v2\/media?parent=425"}],"wp:term":[{"taxonomy":"category","embeddable":true,"href":"https:\/\/www.hochblauenhotel.com\/de\/wp-json\/wp\/v2\/categories?post=425"}],"curies":[{"name":"wp","href":"https:\/\/api.w.org\/{rel}","templated":true}]}}