{"id":424,"date":"2025-07-24T13:36:04","date_gmt":"2025-07-24T13:36:04","guid":{"rendered":"https:\/\/www.hochblauenhotel.com\/?page_id=424"},"modified":"2025-10-07T09:37:31","modified_gmt":"2025-10-07T09:37:31","slug":"radfahren","status":"publish","type":"page","link":"https:\/\/www.hochblauenhotel.com\/de\/aktivitaeten-im-schwarzwald\/sommeraktivitaeten\/radfahren\/","title":{"rendered":"Radfahren"},"content":{"rendered":"<p>Ob Sie nun ein passionierter Radfahrer sind oder sich nur einfach gerne an der frischen Luft aufhalten: Radfahren im Schwarzwald ist ein ganz besonderes Erlebnis und hier erwarten Sie einige der sch\u00f6nsten Radwanderwege Deutschlands.<\/p>\n<p>Erkunden Sie die sch\u00f6nsten Aussichtspunkte auf eigene Faust. Sie k\u00f6nnen es so langsam oder schnell angehen lassen, wie Sie m\u00f6chten. Zu den sch\u00f6nsten Radwanderwegen geh\u00f6rt die Blauen-Route, die Kandern und Badenweiler miteinander verbindet. Diese beliebte Radtour begeistert durch die herrlichen Panorama-Aussichten, dem Wechselspiel von Wald-und Kulturlandschaften und malerischen Wein D\u00f6rfern.<\/p>\n<p>Das Kandertal hebt das Ganze auf ein neues Niveau. Diese idyllische Landschaft eignet sich wunderbar f\u00fcr ausgedehnte Wanderungen oder Radtouren und f\u00fchrt durch die traditionellen Landschaften im Schwarzwald, mit ihren Wiesen, H\u00f6fen und schattigen Waldwanderwegen.<\/p>\n","protected":false},"excerpt":{"rendered":"<p>Ob Sie nun ein passionierter Radfahrer sind oder sich nur einfach gerne an der frischen Luft aufhalten: Radfahren im Schwarzwald ist ein ganz besonderes Erlebnis und hier erwarten Sie einige der sch\u00f6nsten Radwanderwege Deutschlands. Erkunden Sie die sch\u00f6nsten Aussichtspunkte auf eigene Faust. Sie k\u00f6nnen es so langsam oder schnell angehen lassen, wie Sie m\u00f6chten. Zu [&hellip;]<\/p>\n","protected":false},"author":12,"featured_media":0,"parent":420,"menu_order":0,"comment_status":"closed","ping_status":"closed","template":"template-single-service.php","meta":{"footnotes":""},"categories":[],"class_list":["post-424","page","type-page","status-publish","hentry"],"yoast_head":"<!-- This site is optimized with the Yoast SEO plugin v27.3 - https:\/\/yoast.com\/product\/yoast-seo-wordpress\/ -->\n<title>Radwege &amp; Radfahren im Schwarzwald | Hochblauen Hotel &amp; Spa<\/title>\n<meta name=\"description\" content=\"Radfahren im Schwarzwald auf H\u00f6henwegen rund um Hochblauen und Belchen. Wahrlich atemberaubende Strecken, von denen man sich in unserem SPA erholen kann.\" \/>\n<meta name=\"robots\" content=\"index, follow, max-snippet:-1, max-image-preview:large, max-video-preview:-1\" \/>\n<link rel=\"canonical\" href=\"https:\/\/www.hochblauenhotel.com\/de\/aktivitaeten-im-schwarzwald\/sommeraktivitaeten\/radfahren\/\" \/>\n<meta property=\"og:locale\" content=\"de_DE\" \/>\n<meta property=\"og:type\" content=\"article\" \/>\n<meta property=\"og:title\" content=\"Radwege &amp; Radfahren im Schwarzwald | Hochblauen Hotel &amp; Spa\" \/>\n<meta property=\"og:description\" content=\"Radfahren im Schwarzwald auf H\u00f6henwegen rund um Hochblauen und Belchen. Wahrlich atemberaubende Strecken, von denen man sich in unserem SPA erholen kann.\" \/>\n<meta property=\"og:url\" content=\"https:\/\/www.hochblauenhotel.com\/de\/aktivitaeten-im-schwarzwald\/sommeraktivitaeten\/radfahren\/\" \/>\n<meta property=\"og:site_name\" content=\"Hochblauen Hotel\" \/>\n<meta property=\"article:modified_time\" content=\"2025-10-07T09:37:31+00:00\" \/>\n<meta property=\"og:image\" content=\"https:\/\/www.hochblauenhotel.com\/wp-content\/uploads\/sites\/249\/2025\/07\/E-Dron-shot4.jpg\" \/>\n\t<meta property=\"og:image:width\" content=\"2132\" \/>\n\t<meta property=\"og:image:height\" content=\"1200\" \/>\n\t<meta property=\"og:image:type\" content=\"image\/jpeg\" \/>\n<meta name=\"twitter:card\" content=\"summary_large_image\" \/>\n<meta name=\"twitter:label1\" content=\"Gesch\u00e4tzte Lesezeit\" \/>\n\t<meta name=\"twitter:data1\" content=\"1 Minute\" \/>\n<script type=\"application\/ld+json\" class=\"yoast-schema-graph\">{\"@context\":\"https:\\\/\\\/schema.org\",\"@graph\":[{\"@type\":\"WebPage\",\"@id\":\"https:\\\/\\\/www.hochblauenhotel.com\\\/de\\\/aktivitaeten-im-schwarzwald\\\/sommeraktivitaeten\\\/radfahren\\\/\",\"url\":\"https:\\\/\\\/www.hochblauenhotel.com\\\/de\\\/aktivitaeten-im-schwarzwald\\\/sommeraktivitaeten\\\/radfahren\\\/\",\"name\":\"Radwege & Radfahren im Schwarzwald | Hochblauen Hotel & Spa\",\"isPartOf\":{\"@id\":\"https:\\\/\\\/www.hochblauenhotel.com\\\/de\\\/#website\"},\"datePublished\":\"2025-07-24T13:36:04+00:00\",\"dateModified\":\"2025-10-07T09:37:31+00:00\",\"description\":\"Radfahren im Schwarzwald auf H\u00f6henwegen rund um Hochblauen und Belchen. Wahrlich atemberaubende Strecken, von denen man sich in unserem SPA erholen kann.\",\"breadcrumb\":{\"@id\":\"https:\\\/\\\/www.hochblauenhotel.com\\\/de\\\/aktivitaeten-im-schwarzwald\\\/sommeraktivitaeten\\\/radfahren\\\/#breadcrumb\"},\"inLanguage\":\"de-DE\",\"potentialAction\":[{\"@type\":\"ReadAction\",\"target\":[\"https:\\\/\\\/www.hochblauenhotel.com\\\/de\\\/aktivitaeten-im-schwarzwald\\\/sommeraktivitaeten\\\/radfahren\\\/\"]}]},{\"@type\":\"BreadcrumbList\",\"@id\":\"https:\\\/\\\/www.hochblauenhotel.com\\\/de\\\/aktivitaeten-im-schwarzwald\\\/sommeraktivitaeten\\\/radfahren\\\/#breadcrumb\",\"itemListElement\":[{\"@type\":\"ListItem\",\"position\":1,\"name\":\"Home\",\"item\":\"https:\\\/\\\/www.hochblauenhotel.com\\\/de\\\/\"},{\"@type\":\"ListItem\",\"position\":2,\"name\":\"Aktivit\u00e4ten im Schwarzwald\",\"item\":\"https:\\\/\\\/www.hochblauenhotel.com\\\/de\\\/aktivitaeten-im-schwarzwald\\\/\"},{\"@type\":\"ListItem\",\"position\":3,\"name\":\"Sommeraktivit\u00e4ten\",\"item\":\"https:\\\/\\\/www.hochblauenhotel.com\\\/de\\\/sommeraktivitaeten\\\/\"},{\"@type\":\"ListItem\",\"position\":4,\"name\":\"Radfahren\"}]},{\"@type\":\"WebSite\",\"@id\":\"https:\\\/\\\/www.hochblauenhotel.com\\\/de\\\/#website\",\"url\":\"https:\\\/\\\/www.hochblauenhotel.com\\\/de\\\/\",\"name\":\"Hochblauen Hotel\",\"description\":\"Hochblauen Hotel is a sanctuary of wellness and relaxation where nature, adventure and connection meet.\",\"publisher\":{\"@id\":\"https:\\\/\\\/www.hochblauenhotel.com\\\/de\\\/#organization\"},\"alternateName\":\"Hochblauen Hotel\",\"potentialAction\":[{\"@type\":\"SearchAction\",\"target\":{\"@type\":\"EntryPoint\",\"urlTemplate\":\"https:\\\/\\\/www.hochblauenhotel.com\\\/de\\\/?s={search_term_string}\"},\"query-input\":{\"@type\":\"PropertyValueSpecification\",\"valueRequired\":true,\"valueName\":\"search_term_string\"}}],\"inLanguage\":\"de-DE\"},{\"@type\":\"Organization\",\"@id\":\"https:\\\/\\\/www.hochblauenhotel.com\\\/de\\\/#organization\",\"name\":\"Hochblauen Hotel\",\"alternateName\":\"Hochblauen Hotel\",\"url\":\"https:\\\/\\\/www.hochblauenhotel.com\\\/de\\\/\",\"logo\":{\"@type\":\"ImageObject\",\"inLanguage\":\"de-DE\",\"@id\":\"https:\\\/\\\/www.hochblauenhotel.com\\\/de\\\/#\\\/schema\\\/logo\\\/image\\\/\",\"url\":\"https:\\\/\\\/www.hochblauenhotel.com\\\/wp-content\\\/uploads\\\/sites\\\/249\\\/2025\\\/05\\\/ERKEK.png\",\"contentUrl\":\"https:\\\/\\\/www.hochblauenhotel.com\\\/wp-content\\\/uploads\\\/sites\\\/249\\\/2025\\\/05\\\/ERKEK.png\",\"width\":500,\"height\":186,\"caption\":\"Hochblauen Hotel\"},\"image\":{\"@id\":\"https:\\\/\\\/www.hochblauenhotel.com\\\/de\\\/#\\\/schema\\\/logo\\\/image\\\/\"}}]}<\/script>\n<!-- \/ Yoast SEO plugin. -->","yoast_head_json":{"title":"Radwege & Radfahren im Schwarzwald | Hochblauen Hotel & Spa","description":"Radfahren im Schwarzwald auf H\u00f6henwegen rund um Hochblauen und Belchen. Wahrlich atemberaubende Strecken, von denen man sich in unserem SPA erholen kann.","robots":{"index":"index","follow":"follow","max-snippet":"max-snippet:-1","max-image-preview":"max-image-preview:large","max-video-preview":"max-video-preview:-1"},"canonical":"https:\/\/www.hochblauenhotel.com\/de\/aktivitaeten-im-schwarzwald\/sommeraktivitaeten\/radfahren\/","og_locale":"de_DE","og_type":"article","og_title":"Radwege & Radfahren im Schwarzwald | Hochblauen Hotel & Spa","og_description":"Radfahren im Schwarzwald auf H\u00f6henwegen rund um Hochblauen und Belchen. Wahrlich atemberaubende Strecken, von denen man sich in unserem SPA erholen kann.","og_url":"https:\/\/www.hochblauenhotel.com\/de\/aktivitaeten-im-schwarzwald\/sommeraktivitaeten\/radfahren\/","og_site_name":"Hochblauen Hotel","article_modified_time":"2025-10-07T09:37:31+00:00","og_image":[{"width":2132,"height":1200,"url":"https:\/\/www.hochblauenhotel.com\/wp-content\/uploads\/sites\/249\/2025\/07\/E-Dron-shot4.jpg","type":"image\/jpeg"}],"twitter_card":"summary_large_image","twitter_misc":{"Gesch\u00e4tzte Lesezeit":"1 Minute"},"schema":{"@context":"https:\/\/schema.org","@graph":[{"@type":"WebPage","@id":"https:\/\/www.hochblauenhotel.com\/de\/aktivitaeten-im-schwarzwald\/sommeraktivitaeten\/radfahren\/","url":"https:\/\/www.hochblauenhotel.com\/de\/aktivitaeten-im-schwarzwald\/sommeraktivitaeten\/radfahren\/","name":"Radwege & Radfahren im Schwarzwald | Hochblauen Hotel & Spa","isPartOf":{"@id":"https:\/\/www.hochblauenhotel.com\/de\/#website"},"datePublished":"2025-07-24T13:36:04+00:00","dateModified":"2025-10-07T09:37:31+00:00","description":"Radfahren im Schwarzwald auf H\u00f6henwegen rund um Hochblauen und Belchen. Wahrlich atemberaubende Strecken, von denen man sich in unserem SPA erholen kann.","breadcrumb":{"@id":"https:\/\/www.hochblauenhotel.com\/de\/aktivitaeten-im-schwarzwald\/sommeraktivitaeten\/radfahren\/#breadcrumb"},"inLanguage":"de-DE","potentialAction":[{"@type":"ReadAction","target":["https:\/\/www.hochblauenhotel.com\/de\/aktivitaeten-im-schwarzwald\/sommeraktivitaeten\/radfahren\/"]}]},{"@type":"BreadcrumbList","@id":"https:\/\/www.hochblauenhotel.com\/de\/aktivitaeten-im-schwarzwald\/sommeraktivitaeten\/radfahren\/#breadcrumb","itemListElement":[{"@type":"ListItem","position":1,"name":"Home","item":"https:\/\/www.hochblauenhotel.com\/de\/"},{"@type":"ListItem","position":2,"name":"Aktivit\u00e4ten im Schwarzwald","item":"https:\/\/www.hochblauenhotel.com\/de\/aktivitaeten-im-schwarzwald\/"},{"@type":"ListItem","position":3,"name":"Sommeraktivit\u00e4ten","item":"https:\/\/www.hochblauenhotel.com\/de\/sommeraktivitaeten\/"},{"@type":"ListItem","position":4,"name":"Radfahren"}]},{"@type":"WebSite","@id":"https:\/\/www.hochblauenhotel.com\/de\/#website","url":"https:\/\/www.hochblauenhotel.com\/de\/","name":"Hochblauen Hotel","description":"Hochblauen Hotel is a sanctuary of wellness and relaxation where nature, adventure and connection meet.","publisher":{"@id":"https:\/\/www.hochblauenhotel.com\/de\/#organization"},"alternateName":"Hochblauen Hotel","potentialAction":[{"@type":"SearchAction","target":{"@type":"EntryPoint","urlTemplate":"https:\/\/www.hochblauenhotel.com\/de\/?s={search_term_string}"},"query-input":{"@type":"PropertyValueSpecification","valueRequired":true,"valueName":"search_term_string"}}],"inLanguage":"de-DE"},{"@type":"Organization","@id":"https:\/\/www.hochblauenhotel.com\/de\/#organization","name":"Hochblauen Hotel","alternateName":"Hochblauen Hotel","url":"https:\/\/www.hochblauenhotel.com\/de\/","logo":{"@type":"ImageObject","inLanguage":"de-DE","@id":"https:\/\/www.hochblauenhotel.com\/de\/#\/schema\/logo\/image\/","url":"https:\/\/www.hochblauenhotel.com\/wp-content\/uploads\/sites\/249\/2025\/05\/ERKEK.png","contentUrl":"https:\/\/www.hochblauenhotel.com\/wp-content\/uploads\/sites\/249\/2025\/05\/ERKEK.png","width":500,"height":186,"caption":"Hochblauen Hotel"},"image":{"@id":"https:\/\/www.hochblauenhotel.com\/de\/#\/schema\/logo\/image\/"}}]}},"acf":[],"_links":{"self":[{"href":"https:\/\/www.hochblauenhotel.com\/de\/wp-json\/wp\/v2\/pages\/424","targetHints":{"allow":["GET"]}}],"collection":[{"href":"https:\/\/www.hochblauenhotel.com\/de\/wp-json\/wp\/v2\/pages"}],"about":[{"href":"https:\/\/www.hochblauenhotel.com\/de\/wp-json\/wp\/v2\/types\/page"}],"author":[{"embeddable":true,"href":"https:\/\/www.hochblauenhotel.com\/de\/wp-json\/wp\/v2\/users\/12"}],"replies":[{"embeddable":true,"href":"https:\/\/www.hochblauenhotel.com\/de\/wp-json\/wp\/v2\/comments?post=424"}],"version-history":[{"count":0,"href":"https:\/\/www.hochblauenhotel.com\/de\/wp-json\/wp\/v2\/pages\/424\/revisions"}],"up":[{"embeddable":true,"href":"https:\/\/www.hochblauenhotel.com\/de\/wp-json\/wp\/v2\/pages\/420"}],"wp:attachment":[{"href":"https:\/\/www.hochblauenhotel.com\/de\/wp-json\/wp\/v2\/media?parent=424"}],"wp:term":[{"taxonomy":"category","embeddable":true,"href":"https:\/\/www.hochblauenhotel.com\/de\/wp-json\/wp\/v2\/categories?post=424"}],"curies":[{"name":"wp","href":"https:\/\/api.w.org\/{rel}","templated":true}]}}