{"id":422,"date":"2025-07-24T13:31:54","date_gmt":"2025-07-24T13:31:54","guid":{"rendered":"https:\/\/www.hochblauenhotel.com\/?page_id=422"},"modified":"2025-10-07T09:44:05","modified_gmt":"2025-10-07T09:44:05","slug":"wandern","status":"publish","type":"page","link":"https:\/\/www.hochblauenhotel.com\/de\/aktivitaeten-im-schwarzwald\/sommeraktivitaeten\/wandern\/","title":{"rendered":"Wandern"},"content":{"rendered":"<p><span style=\"font-weight: 400;\">Unz\u00e4hlige <strong>Wanderwege im Schwarzwald<\/strong> f\u00fchren Sie \u00fcber Berge und T\u00e4ler zu den sch\u00f6nsten Kur- und B\u00e4derorten und verborgenen Waldseen.<\/span><\/p>\n<p><span style=\"font-weight: 400;\">Doch wie f\u00fchlt sich dieses einzigartige Erlebnis an? <\/span><\/p>\n<p><span style=\"font-weight: 400;\">Von ruhigen T\u00e4lern bis hin zu majest\u00e4tischen Gipfeln hat jeder der Wanderwege im Schwarzwald seine eigene Geschichte, die nur darauf wartet, von Ihnen entdeckt zu werden.<\/span><\/p>\n","protected":false},"excerpt":{"rendered":"<p>Unz\u00e4hlige Wanderwege im Schwarzwald f\u00fchren Sie \u00fcber Berge und T\u00e4ler zu den sch\u00f6nsten Kur- und B\u00e4derorten und verborgenen Waldseen. Doch wie f\u00fchlt sich dieses einzigartige Erlebnis an? Von ruhigen T\u00e4lern bis hin zu majest\u00e4tischen Gipfeln hat jeder der Wanderwege im Schwarzwald seine eigene Geschichte, die nur darauf wartet, von Ihnen entdeckt zu werden.<\/p>\n","protected":false},"author":12,"featured_media":0,"parent":420,"menu_order":0,"comment_status":"closed","ping_status":"closed","template":"template-single-service.php","meta":{"footnotes":""},"categories":[],"class_list":["post-422","page","type-page","status-publish","hentry"],"yoast_head":"<!-- This site is optimized with the Yoast SEO plugin v27.3 - https:\/\/yoast.com\/product\/yoast-seo-wordpress\/ -->\n<title>Wanderwege Schwarzwald | Hochblauen Hotel &amp; Spa<\/title>\n<meta name=\"description\" content=\"Wenige Schritte vom Hotel entfernt passiert der legend\u00e4re 285 km lange Wanderweg im Schwarzwald. Ausgangspunkt f\u00fcr Fernwanderungen mit unz\u00e4hligen Ausblicken.\" \/>\n<meta name=\"robots\" content=\"index, follow, max-snippet:-1, max-image-preview:large, max-video-preview:-1\" \/>\n<link rel=\"canonical\" href=\"https:\/\/www.hochblauenhotel.com\/de\/aktivitaeten-im-schwarzwald\/sommeraktivitaeten\/wandern\/\" \/>\n<meta property=\"og:locale\" content=\"de_DE\" \/>\n<meta property=\"og:type\" content=\"article\" \/>\n<meta property=\"og:title\" content=\"Wanderwege Schwarzwald | Hochblauen Hotel &amp; Spa\" \/>\n<meta property=\"og:description\" content=\"Wenige Schritte vom Hotel entfernt passiert der legend\u00e4re 285 km lange Wanderweg im Schwarzwald. Ausgangspunkt f\u00fcr Fernwanderungen mit unz\u00e4hligen Ausblicken.\" \/>\n<meta property=\"og:url\" content=\"https:\/\/www.hochblauenhotel.com\/de\/aktivitaeten-im-schwarzwald\/sommeraktivitaeten\/wandern\/\" \/>\n<meta property=\"og:site_name\" content=\"Hochblauen Hotel\" \/>\n<meta property=\"article:modified_time\" content=\"2025-10-07T09:44:05+00:00\" \/>\n<meta property=\"og:image\" content=\"https:\/\/www.hochblauenhotel.com\/wp-content\/uploads\/sites\/249\/2025\/07\/E-Dron-shot4.jpg\" \/>\n\t<meta property=\"og:image:width\" content=\"2132\" \/>\n\t<meta property=\"og:image:height\" content=\"1200\" \/>\n\t<meta property=\"og:image:type\" content=\"image\/jpeg\" \/>\n<meta name=\"twitter:card\" content=\"summary_large_image\" \/>\n<meta name=\"twitter:label1\" content=\"Gesch\u00e4tzte Lesezeit\" \/>\n\t<meta name=\"twitter:data1\" content=\"1 Minute\" \/>\n<script type=\"application\/ld+json\" class=\"yoast-schema-graph\">{\"@context\":\"https:\\\/\\\/schema.org\",\"@graph\":[{\"@type\":\"WebPage\",\"@id\":\"https:\\\/\\\/www.hochblauenhotel.com\\\/de\\\/aktivitaeten-im-schwarzwald\\\/sommeraktivitaeten\\\/wandern\\\/\",\"url\":\"https:\\\/\\\/www.hochblauenhotel.com\\\/de\\\/aktivitaeten-im-schwarzwald\\\/sommeraktivitaeten\\\/wandern\\\/\",\"name\":\"Wanderwege Schwarzwald | Hochblauen Hotel & Spa\",\"isPartOf\":{\"@id\":\"https:\\\/\\\/www.hochblauenhotel.com\\\/de\\\/#website\"},\"datePublished\":\"2025-07-24T13:31:54+00:00\",\"dateModified\":\"2025-10-07T09:44:05+00:00\",\"description\":\"Wenige Schritte vom Hotel entfernt passiert der legend\u00e4re 285 km lange Wanderweg im Schwarzwald. Ausgangspunkt f\u00fcr Fernwanderungen mit unz\u00e4hligen Ausblicken.\",\"breadcrumb\":{\"@id\":\"https:\\\/\\\/www.hochblauenhotel.com\\\/de\\\/aktivitaeten-im-schwarzwald\\\/sommeraktivitaeten\\\/wandern\\\/#breadcrumb\"},\"inLanguage\":\"de-DE\",\"potentialAction\":[{\"@type\":\"ReadAction\",\"target\":[\"https:\\\/\\\/www.hochblauenhotel.com\\\/de\\\/aktivitaeten-im-schwarzwald\\\/sommeraktivitaeten\\\/wandern\\\/\"]}]},{\"@type\":\"BreadcrumbList\",\"@id\":\"https:\\\/\\\/www.hochblauenhotel.com\\\/de\\\/aktivitaeten-im-schwarzwald\\\/sommeraktivitaeten\\\/wandern\\\/#breadcrumb\",\"itemListElement\":[{\"@type\":\"ListItem\",\"position\":1,\"name\":\"Home\",\"item\":\"https:\\\/\\\/www.hochblauenhotel.com\\\/de\\\/\"},{\"@type\":\"ListItem\",\"position\":2,\"name\":\"Aktivit\u00e4ten im Schwarzwald\",\"item\":\"https:\\\/\\\/www.hochblauenhotel.com\\\/de\\\/aktivitaeten-im-schwarzwald\\\/\"},{\"@type\":\"ListItem\",\"position\":3,\"name\":\"Sommeraktivit\u00e4ten\",\"item\":\"https:\\\/\\\/www.hochblauenhotel.com\\\/de\\\/sommeraktivitaeten\\\/\"},{\"@type\":\"ListItem\",\"position\":4,\"name\":\"Wandern\"}]},{\"@type\":\"WebSite\",\"@id\":\"https:\\\/\\\/www.hochblauenhotel.com\\\/de\\\/#website\",\"url\":\"https:\\\/\\\/www.hochblauenhotel.com\\\/de\\\/\",\"name\":\"Hochblauen Hotel\",\"description\":\"Hochblauen Hotel is a sanctuary of wellness and relaxation where nature, adventure and connection meet.\",\"publisher\":{\"@id\":\"https:\\\/\\\/www.hochblauenhotel.com\\\/de\\\/#organization\"},\"alternateName\":\"Hochblauen Hotel\",\"potentialAction\":[{\"@type\":\"SearchAction\",\"target\":{\"@type\":\"EntryPoint\",\"urlTemplate\":\"https:\\\/\\\/www.hochblauenhotel.com\\\/de\\\/?s={search_term_string}\"},\"query-input\":{\"@type\":\"PropertyValueSpecification\",\"valueRequired\":true,\"valueName\":\"search_term_string\"}}],\"inLanguage\":\"de-DE\"},{\"@type\":\"Organization\",\"@id\":\"https:\\\/\\\/www.hochblauenhotel.com\\\/de\\\/#organization\",\"name\":\"Hochblauen Hotel\",\"alternateName\":\"Hochblauen Hotel\",\"url\":\"https:\\\/\\\/www.hochblauenhotel.com\\\/de\\\/\",\"logo\":{\"@type\":\"ImageObject\",\"inLanguage\":\"de-DE\",\"@id\":\"https:\\\/\\\/www.hochblauenhotel.com\\\/de\\\/#\\\/schema\\\/logo\\\/image\\\/\",\"url\":\"https:\\\/\\\/www.hochblauenhotel.com\\\/wp-content\\\/uploads\\\/sites\\\/249\\\/2025\\\/05\\\/ERKEK.png\",\"contentUrl\":\"https:\\\/\\\/www.hochblauenhotel.com\\\/wp-content\\\/uploads\\\/sites\\\/249\\\/2025\\\/05\\\/ERKEK.png\",\"width\":500,\"height\":186,\"caption\":\"Hochblauen Hotel\"},\"image\":{\"@id\":\"https:\\\/\\\/www.hochblauenhotel.com\\\/de\\\/#\\\/schema\\\/logo\\\/image\\\/\"}}]}<\/script>\n<!-- \/ Yoast SEO plugin. -->","yoast_head_json":{"title":"Wanderwege Schwarzwald | Hochblauen Hotel & Spa","description":"Wenige Schritte vom Hotel entfernt passiert der legend\u00e4re 285 km lange Wanderweg im Schwarzwald. Ausgangspunkt f\u00fcr Fernwanderungen mit unz\u00e4hligen Ausblicken.","robots":{"index":"index","follow":"follow","max-snippet":"max-snippet:-1","max-image-preview":"max-image-preview:large","max-video-preview":"max-video-preview:-1"},"canonical":"https:\/\/www.hochblauenhotel.com\/de\/aktivitaeten-im-schwarzwald\/sommeraktivitaeten\/wandern\/","og_locale":"de_DE","og_type":"article","og_title":"Wanderwege Schwarzwald | Hochblauen Hotel & Spa","og_description":"Wenige Schritte vom Hotel entfernt passiert der legend\u00e4re 285 km lange Wanderweg im Schwarzwald. Ausgangspunkt f\u00fcr Fernwanderungen mit unz\u00e4hligen Ausblicken.","og_url":"https:\/\/www.hochblauenhotel.com\/de\/aktivitaeten-im-schwarzwald\/sommeraktivitaeten\/wandern\/","og_site_name":"Hochblauen Hotel","article_modified_time":"2025-10-07T09:44:05+00:00","og_image":[{"width":2132,"height":1200,"url":"https:\/\/www.hochblauenhotel.com\/wp-content\/uploads\/sites\/249\/2025\/07\/E-Dron-shot4.jpg","type":"image\/jpeg"}],"twitter_card":"summary_large_image","twitter_misc":{"Gesch\u00e4tzte Lesezeit":"1 Minute"},"schema":{"@context":"https:\/\/schema.org","@graph":[{"@type":"WebPage","@id":"https:\/\/www.hochblauenhotel.com\/de\/aktivitaeten-im-schwarzwald\/sommeraktivitaeten\/wandern\/","url":"https:\/\/www.hochblauenhotel.com\/de\/aktivitaeten-im-schwarzwald\/sommeraktivitaeten\/wandern\/","name":"Wanderwege Schwarzwald | Hochblauen Hotel & Spa","isPartOf":{"@id":"https:\/\/www.hochblauenhotel.com\/de\/#website"},"datePublished":"2025-07-24T13:31:54+00:00","dateModified":"2025-10-07T09:44:05+00:00","description":"Wenige Schritte vom Hotel entfernt passiert der legend\u00e4re 285 km lange Wanderweg im Schwarzwald. Ausgangspunkt f\u00fcr Fernwanderungen mit unz\u00e4hligen Ausblicken.","breadcrumb":{"@id":"https:\/\/www.hochblauenhotel.com\/de\/aktivitaeten-im-schwarzwald\/sommeraktivitaeten\/wandern\/#breadcrumb"},"inLanguage":"de-DE","potentialAction":[{"@type":"ReadAction","target":["https:\/\/www.hochblauenhotel.com\/de\/aktivitaeten-im-schwarzwald\/sommeraktivitaeten\/wandern\/"]}]},{"@type":"BreadcrumbList","@id":"https:\/\/www.hochblauenhotel.com\/de\/aktivitaeten-im-schwarzwald\/sommeraktivitaeten\/wandern\/#breadcrumb","itemListElement":[{"@type":"ListItem","position":1,"name":"Home","item":"https:\/\/www.hochblauenhotel.com\/de\/"},{"@type":"ListItem","position":2,"name":"Aktivit\u00e4ten im Schwarzwald","item":"https:\/\/www.hochblauenhotel.com\/de\/aktivitaeten-im-schwarzwald\/"},{"@type":"ListItem","position":3,"name":"Sommeraktivit\u00e4ten","item":"https:\/\/www.hochblauenhotel.com\/de\/sommeraktivitaeten\/"},{"@type":"ListItem","position":4,"name":"Wandern"}]},{"@type":"WebSite","@id":"https:\/\/www.hochblauenhotel.com\/de\/#website","url":"https:\/\/www.hochblauenhotel.com\/de\/","name":"Hochblauen Hotel","description":"Hochblauen Hotel is a sanctuary of wellness and relaxation where nature, adventure and connection meet.","publisher":{"@id":"https:\/\/www.hochblauenhotel.com\/de\/#organization"},"alternateName":"Hochblauen Hotel","potentialAction":[{"@type":"SearchAction","target":{"@type":"EntryPoint","urlTemplate":"https:\/\/www.hochblauenhotel.com\/de\/?s={search_term_string}"},"query-input":{"@type":"PropertyValueSpecification","valueRequired":true,"valueName":"search_term_string"}}],"inLanguage":"de-DE"},{"@type":"Organization","@id":"https:\/\/www.hochblauenhotel.com\/de\/#organization","name":"Hochblauen Hotel","alternateName":"Hochblauen Hotel","url":"https:\/\/www.hochblauenhotel.com\/de\/","logo":{"@type":"ImageObject","inLanguage":"de-DE","@id":"https:\/\/www.hochblauenhotel.com\/de\/#\/schema\/logo\/image\/","url":"https:\/\/www.hochblauenhotel.com\/wp-content\/uploads\/sites\/249\/2025\/05\/ERKEK.png","contentUrl":"https:\/\/www.hochblauenhotel.com\/wp-content\/uploads\/sites\/249\/2025\/05\/ERKEK.png","width":500,"height":186,"caption":"Hochblauen Hotel"},"image":{"@id":"https:\/\/www.hochblauenhotel.com\/de\/#\/schema\/logo\/image\/"}}]}},"acf":[],"_links":{"self":[{"href":"https:\/\/www.hochblauenhotel.com\/de\/wp-json\/wp\/v2\/pages\/422","targetHints":{"allow":["GET"]}}],"collection":[{"href":"https:\/\/www.hochblauenhotel.com\/de\/wp-json\/wp\/v2\/pages"}],"about":[{"href":"https:\/\/www.hochblauenhotel.com\/de\/wp-json\/wp\/v2\/types\/page"}],"author":[{"embeddable":true,"href":"https:\/\/www.hochblauenhotel.com\/de\/wp-json\/wp\/v2\/users\/12"}],"replies":[{"embeddable":true,"href":"https:\/\/www.hochblauenhotel.com\/de\/wp-json\/wp\/v2\/comments?post=422"}],"version-history":[{"count":0,"href":"https:\/\/www.hochblauenhotel.com\/de\/wp-json\/wp\/v2\/pages\/422\/revisions"}],"up":[{"embeddable":true,"href":"https:\/\/www.hochblauenhotel.com\/de\/wp-json\/wp\/v2\/pages\/420"}],"wp:attachment":[{"href":"https:\/\/www.hochblauenhotel.com\/de\/wp-json\/wp\/v2\/media?parent=422"}],"wp:term":[{"taxonomy":"category","embeddable":true,"href":"https:\/\/www.hochblauenhotel.com\/de\/wp-json\/wp\/v2\/categories?post=422"}],"curies":[{"name":"wp","href":"https:\/\/api.w.org\/{rel}","templated":true}]}}