{"id":420,"date":"2025-07-24T13:24:07","date_gmt":"2025-07-24T13:24:07","guid":{"rendered":"https:\/\/www.hochblauenhotel.com\/?page_id=420"},"modified":"2025-10-02T13:46:29","modified_gmt":"2025-10-02T13:46:29","slug":"sommeraktivitaeten","status":"publish","type":"page","link":"https:\/\/www.hochblauenhotel.com\/de\/aktivitaeten-im-schwarzwald\/sommeraktivitaeten\/","title":{"rendered":"Sommeraktivit\u00e4ten"},"content":{"rendered":"<p style=\"text-align: center;\">Bei einem Schwarzwaldurlaub im Sommer genie\u00dfen Sie das Privileg, die B\u00e4ume genau dann zu sehen, wenn das Bl\u00e4tterdach in hellem Gr\u00fcn erstrahlt, der Himmel blau und wolkenlos ist und die Sommerabende lang sind.<\/p>\n<p style=\"text-align: center;\"><span style=\"font-weight: 400;\">Hier drau\u00dfen im Naturpark S\u00fcdschwarzwald lockt eine Welt voller Abenteuer. Wandern Sie auf sonnenverw\u00f6hnten Pfaden, sp\u00fcren Sie den Fahrtwind bei einer Radtour durch die k\u00fchlen, bewaldeten T\u00e4ler oder erheben Sie sich wie ein Vogel in die L\u00fcfte und bestaunen Sie die majest\u00e4tischen Berggipfel bei einem Gleitschirmflug aus einer ganz neuen Perspektive.<\/span><\/p>\n","protected":false},"excerpt":{"rendered":"<p>Bei einem Schwarzwaldurlaub im Sommer genie\u00dfen Sie das Privileg, die B\u00e4ume genau dann zu sehen, wenn das Bl\u00e4tterdach in hellem Gr\u00fcn erstrahlt, der Himmel blau und wolkenlos ist und die Sommerabende lang sind. Hier drau\u00dfen im Naturpark S\u00fcdschwarzwald lockt eine Welt voller Abenteuer. Wandern Sie auf sonnenverw\u00f6hnten Pfaden, sp\u00fcren Sie den Fahrtwind bei einer Radtour [&hellip;]<\/p>\n","protected":false},"author":12,"featured_media":0,"parent":425,"menu_order":202,"comment_status":"closed","ping_status":"closed","template":"template-surroundings.php","meta":{"footnotes":""},"categories":[],"class_list":["post-420","page","type-page","status-publish","hentry"],"yoast_head":"<!-- This site is optimized with the Yoast SEO plugin v27.3 - https:\/\/yoast.com\/product\/yoast-seo-wordpress\/ -->\n<title>Schwarzwald Urlaub im Sommer\u200b | Hochblauen Hotel &amp; Spa<\/title>\n<meta name=\"description\" content=\"W\u00e4hrend Ihres Sommerurlaubs im Schwarzwald erwarten Sie malerische Wanderungen im Naturpark, Radwege im Markgr\u00e4flerland und Paragliding direkt vom Hochblauen.\" \/>\n<meta name=\"robots\" content=\"index, follow, max-snippet:-1, max-image-preview:large, max-video-preview:-1\" \/>\n<link rel=\"canonical\" href=\"https:\/\/www.hochblauenhotel.com\/de\/aktivitaeten-im-schwarzwald\/sommeraktivitaeten\/\" \/>\n<meta property=\"og:locale\" content=\"de_DE\" \/>\n<meta property=\"og:type\" content=\"article\" \/>\n<meta property=\"og:title\" content=\"Schwarzwald Urlaub im Sommer\u200b | Hochblauen Hotel &amp; Spa\" \/>\n<meta property=\"og:description\" content=\"W\u00e4hrend Ihres Sommerurlaubs im Schwarzwald erwarten Sie malerische Wanderungen im Naturpark, Radwege im Markgr\u00e4flerland und Paragliding direkt vom Hochblauen.\" \/>\n<meta property=\"og:url\" content=\"https:\/\/www.hochblauenhotel.com\/de\/aktivitaeten-im-schwarzwald\/sommeraktivitaeten\/\" \/>\n<meta property=\"og:site_name\" content=\"Hochblauen Hotel\" \/>\n<meta property=\"article:modified_time\" content=\"2025-10-02T13:46:29+00:00\" \/>\n<meta property=\"og:image\" content=\"https:\/\/www.hochblauenhotel.com\/wp-content\/uploads\/sites\/249\/2025\/07\/E-Dron-shot4.jpg\" \/>\n\t<meta property=\"og:image:width\" content=\"2132\" \/>\n\t<meta property=\"og:image:height\" content=\"1200\" \/>\n\t<meta property=\"og:image:type\" content=\"image\/jpeg\" \/>\n<meta name=\"twitter:card\" content=\"summary_large_image\" \/>\n<meta name=\"twitter:label1\" content=\"Gesch\u00e4tzte Lesezeit\" \/>\n\t<meta name=\"twitter:data1\" content=\"1 Minute\" \/>\n<script type=\"application\/ld+json\" class=\"yoast-schema-graph\">{\"@context\":\"https:\\\/\\\/schema.org\",\"@graph\":[{\"@type\":\"WebPage\",\"@id\":\"https:\\\/\\\/www.hochblauenhotel.com\\\/de\\\/aktivitaeten-im-schwarzwald\\\/sommeraktivitaeten\\\/\",\"url\":\"https:\\\/\\\/www.hochblauenhotel.com\\\/de\\\/aktivitaeten-im-schwarzwald\\\/sommeraktivitaeten\\\/\",\"name\":\"Schwarzwald Urlaub im Sommer\u200b | Hochblauen Hotel & Spa\",\"isPartOf\":{\"@id\":\"https:\\\/\\\/www.hochblauenhotel.com\\\/de\\\/#website\"},\"datePublished\":\"2025-07-24T13:24:07+00:00\",\"dateModified\":\"2025-10-02T13:46:29+00:00\",\"description\":\"W\u00e4hrend Ihres Sommerurlaubs im Schwarzwald erwarten Sie malerische Wanderungen im Naturpark, Radwege im Markgr\u00e4flerland und Paragliding direkt vom Hochblauen.\",\"breadcrumb\":{\"@id\":\"https:\\\/\\\/www.hochblauenhotel.com\\\/de\\\/aktivitaeten-im-schwarzwald\\\/sommeraktivitaeten\\\/#breadcrumb\"},\"inLanguage\":\"de-DE\",\"potentialAction\":[{\"@type\":\"ReadAction\",\"target\":[\"https:\\\/\\\/www.hochblauenhotel.com\\\/de\\\/aktivitaeten-im-schwarzwald\\\/sommeraktivitaeten\\\/\"]}]},{\"@type\":\"BreadcrumbList\",\"@id\":\"https:\\\/\\\/www.hochblauenhotel.com\\\/de\\\/aktivitaeten-im-schwarzwald\\\/sommeraktivitaeten\\\/#breadcrumb\",\"itemListElement\":[{\"@type\":\"ListItem\",\"position\":1,\"name\":\"Home\",\"item\":\"https:\\\/\\\/www.hochblauenhotel.com\\\/de\\\/\"},{\"@type\":\"ListItem\",\"position\":2,\"name\":\"Sommeraktivit\u00e4ten\"}]},{\"@type\":\"WebSite\",\"@id\":\"https:\\\/\\\/www.hochblauenhotel.com\\\/de\\\/#website\",\"url\":\"https:\\\/\\\/www.hochblauenhotel.com\\\/de\\\/\",\"name\":\"Hochblauen Hotel\",\"description\":\"Hochblauen Hotel is a sanctuary of wellness and relaxation where nature, adventure and connection meet.\",\"publisher\":{\"@id\":\"https:\\\/\\\/www.hochblauenhotel.com\\\/de\\\/#organization\"},\"alternateName\":\"Hochblauen Hotel\",\"potentialAction\":[{\"@type\":\"SearchAction\",\"target\":{\"@type\":\"EntryPoint\",\"urlTemplate\":\"https:\\\/\\\/www.hochblauenhotel.com\\\/de\\\/?s={search_term_string}\"},\"query-input\":{\"@type\":\"PropertyValueSpecification\",\"valueRequired\":true,\"valueName\":\"search_term_string\"}}],\"inLanguage\":\"de-DE\"},{\"@type\":\"Organization\",\"@id\":\"https:\\\/\\\/www.hochblauenhotel.com\\\/de\\\/#organization\",\"name\":\"Hochblauen Hotel\",\"alternateName\":\"Hochblauen Hotel\",\"url\":\"https:\\\/\\\/www.hochblauenhotel.com\\\/de\\\/\",\"logo\":{\"@type\":\"ImageObject\",\"inLanguage\":\"de-DE\",\"@id\":\"https:\\\/\\\/www.hochblauenhotel.com\\\/de\\\/#\\\/schema\\\/logo\\\/image\\\/\",\"url\":\"https:\\\/\\\/www.hochblauenhotel.com\\\/wp-content\\\/uploads\\\/sites\\\/249\\\/2025\\\/05\\\/ERKEK.png\",\"contentUrl\":\"https:\\\/\\\/www.hochblauenhotel.com\\\/wp-content\\\/uploads\\\/sites\\\/249\\\/2025\\\/05\\\/ERKEK.png\",\"width\":500,\"height\":186,\"caption\":\"Hochblauen Hotel\"},\"image\":{\"@id\":\"https:\\\/\\\/www.hochblauenhotel.com\\\/de\\\/#\\\/schema\\\/logo\\\/image\\\/\"}}]}<\/script>\n<!-- \/ Yoast SEO plugin. -->","yoast_head_json":{"title":"Schwarzwald Urlaub im Sommer\u200b | Hochblauen Hotel & Spa","description":"W\u00e4hrend Ihres Sommerurlaubs im Schwarzwald erwarten Sie malerische Wanderungen im Naturpark, Radwege im Markgr\u00e4flerland und Paragliding direkt vom Hochblauen.","robots":{"index":"index","follow":"follow","max-snippet":"max-snippet:-1","max-image-preview":"max-image-preview:large","max-video-preview":"max-video-preview:-1"},"canonical":"https:\/\/www.hochblauenhotel.com\/de\/aktivitaeten-im-schwarzwald\/sommeraktivitaeten\/","og_locale":"de_DE","og_type":"article","og_title":"Schwarzwald Urlaub im Sommer\u200b | Hochblauen Hotel & Spa","og_description":"W\u00e4hrend Ihres Sommerurlaubs im Schwarzwald erwarten Sie malerische Wanderungen im Naturpark, Radwege im Markgr\u00e4flerland und Paragliding direkt vom Hochblauen.","og_url":"https:\/\/www.hochblauenhotel.com\/de\/aktivitaeten-im-schwarzwald\/sommeraktivitaeten\/","og_site_name":"Hochblauen Hotel","article_modified_time":"2025-10-02T13:46:29+00:00","og_image":[{"width":2132,"height":1200,"url":"https:\/\/www.hochblauenhotel.com\/wp-content\/uploads\/sites\/249\/2025\/07\/E-Dron-shot4.jpg","type":"image\/jpeg"}],"twitter_card":"summary_large_image","twitter_misc":{"Gesch\u00e4tzte Lesezeit":"1 Minute"},"schema":{"@context":"https:\/\/schema.org","@graph":[{"@type":"WebPage","@id":"https:\/\/www.hochblauenhotel.com\/de\/aktivitaeten-im-schwarzwald\/sommeraktivitaeten\/","url":"https:\/\/www.hochblauenhotel.com\/de\/aktivitaeten-im-schwarzwald\/sommeraktivitaeten\/","name":"Schwarzwald Urlaub im Sommer\u200b | Hochblauen Hotel & Spa","isPartOf":{"@id":"https:\/\/www.hochblauenhotel.com\/de\/#website"},"datePublished":"2025-07-24T13:24:07+00:00","dateModified":"2025-10-02T13:46:29+00:00","description":"W\u00e4hrend Ihres Sommerurlaubs im Schwarzwald erwarten Sie malerische Wanderungen im Naturpark, Radwege im Markgr\u00e4flerland und Paragliding direkt vom Hochblauen.","breadcrumb":{"@id":"https:\/\/www.hochblauenhotel.com\/de\/aktivitaeten-im-schwarzwald\/sommeraktivitaeten\/#breadcrumb"},"inLanguage":"de-DE","potentialAction":[{"@type":"ReadAction","target":["https:\/\/www.hochblauenhotel.com\/de\/aktivitaeten-im-schwarzwald\/sommeraktivitaeten\/"]}]},{"@type":"BreadcrumbList","@id":"https:\/\/www.hochblauenhotel.com\/de\/aktivitaeten-im-schwarzwald\/sommeraktivitaeten\/#breadcrumb","itemListElement":[{"@type":"ListItem","position":1,"name":"Home","item":"https:\/\/www.hochblauenhotel.com\/de\/"},{"@type":"ListItem","position":2,"name":"Sommeraktivit\u00e4ten"}]},{"@type":"WebSite","@id":"https:\/\/www.hochblauenhotel.com\/de\/#website","url":"https:\/\/www.hochblauenhotel.com\/de\/","name":"Hochblauen Hotel","description":"Hochblauen Hotel is a sanctuary of wellness and relaxation where nature, adventure and connection meet.","publisher":{"@id":"https:\/\/www.hochblauenhotel.com\/de\/#organization"},"alternateName":"Hochblauen Hotel","potentialAction":[{"@type":"SearchAction","target":{"@type":"EntryPoint","urlTemplate":"https:\/\/www.hochblauenhotel.com\/de\/?s={search_term_string}"},"query-input":{"@type":"PropertyValueSpecification","valueRequired":true,"valueName":"search_term_string"}}],"inLanguage":"de-DE"},{"@type":"Organization","@id":"https:\/\/www.hochblauenhotel.com\/de\/#organization","name":"Hochblauen Hotel","alternateName":"Hochblauen Hotel","url":"https:\/\/www.hochblauenhotel.com\/de\/","logo":{"@type":"ImageObject","inLanguage":"de-DE","@id":"https:\/\/www.hochblauenhotel.com\/de\/#\/schema\/logo\/image\/","url":"https:\/\/www.hochblauenhotel.com\/wp-content\/uploads\/sites\/249\/2025\/05\/ERKEK.png","contentUrl":"https:\/\/www.hochblauenhotel.com\/wp-content\/uploads\/sites\/249\/2025\/05\/ERKEK.png","width":500,"height":186,"caption":"Hochblauen Hotel"},"image":{"@id":"https:\/\/www.hochblauenhotel.com\/de\/#\/schema\/logo\/image\/"}}]}},"acf":[],"_links":{"self":[{"href":"https:\/\/www.hochblauenhotel.com\/de\/wp-json\/wp\/v2\/pages\/420","targetHints":{"allow":["GET"]}}],"collection":[{"href":"https:\/\/www.hochblauenhotel.com\/de\/wp-json\/wp\/v2\/pages"}],"about":[{"href":"https:\/\/www.hochblauenhotel.com\/de\/wp-json\/wp\/v2\/types\/page"}],"author":[{"embeddable":true,"href":"https:\/\/www.hochblauenhotel.com\/de\/wp-json\/wp\/v2\/users\/12"}],"replies":[{"embeddable":true,"href":"https:\/\/www.hochblauenhotel.com\/de\/wp-json\/wp\/v2\/comments?post=420"}],"version-history":[{"count":0,"href":"https:\/\/www.hochblauenhotel.com\/de\/wp-json\/wp\/v2\/pages\/420\/revisions"}],"up":[{"embeddable":true,"href":"https:\/\/www.hochblauenhotel.com\/de\/wp-json\/wp\/v2\/pages\/425"}],"wp:attachment":[{"href":"https:\/\/www.hochblauenhotel.com\/de\/wp-json\/wp\/v2\/media?parent=420"}],"wp:term":[{"taxonomy":"category","embeddable":true,"href":"https:\/\/www.hochblauenhotel.com\/de\/wp-json\/wp\/v2\/categories?post=420"}],"curies":[{"name":"wp","href":"https:\/\/api.w.org\/{rel}","templated":true}]}}