{"id":419,"date":"2025-08-05T14:57:30","date_gmt":"2025-08-05T14:57:30","guid":{"rendered":"https:\/\/www.hochblauenhotel.com\/?page_id=419"},"modified":"2025-10-07T09:35:35","modified_gmt":"2025-10-07T09:35:35","slug":"nationalpark-schwarzwald","status":"publish","type":"page","link":"https:\/\/www.hochblauenhotel.com\/de\/aktivitaeten-im-schwarzwald\/sommeraktivitaeten\/nationalpark-schwarzwald\/","title":{"rendered":"Nationalpark Schwarzwald"},"content":{"rendered":"<p>Sie m\u00f6chten einen Tagesausflug in die Region unternehmen? Nur etwa zwei Stunden vom Hotel entfernt ist der Nationalpark Schwarzwald ein beliebtes Ausflugsziel f\u00fcr die ganze Familie.<\/p>\n<p>Dieser Park erstreckt sich \u00fcber 10.000 ha und wartet mit gut ausgewiesenen Wanderwegen, erfrischenden Waldb\u00e4chen und steilen Klippen auf, von denen aus man einen Traumblick auf die nahegelegenen Ortschaften genie\u00dft. Mit etwas Gl\u00fcck k\u00f6nnen Sie auch das eine oder andere Tier entdecken, darunter auch den Sperlingskauz, die kleinste Eule Europas! Der Park ver\u00e4ndert sich im Laufe des Jahres. Vom satten Gr\u00fcn des Sommers geht er \u00fcber in die goldene Stille des Herbstes, ein Naturschauspiel, das Sie sich nicht entgehen lassen sollten.<\/p>\n","protected":false},"excerpt":{"rendered":"<p>Sie m\u00f6chten einen Tagesausflug in die Region unternehmen? Nur etwa zwei Stunden vom Hotel entfernt ist der Nationalpark Schwarzwald ein beliebtes Ausflugsziel f\u00fcr die ganze Familie. Dieser Park erstreckt sich \u00fcber 10.000 ha und wartet mit gut ausgewiesenen Wanderwegen, erfrischenden Waldb\u00e4chen und steilen Klippen auf, von denen aus man einen Traumblick auf die nahegelegenen Ortschaften [&hellip;]<\/p>\n","protected":false},"author":12,"featured_media":0,"parent":420,"menu_order":0,"comment_status":"closed","ping_status":"closed","template":"template-single-service.php","meta":{"footnotes":""},"categories":[],"class_list":["post-419","page","type-page","status-publish","hentry"],"yoast_head":"<!-- This site is optimized with the Yoast SEO plugin v27.3 - https:\/\/yoast.com\/product\/yoast-seo-wordpress\/ -->\n<title>Natur Wellnesshotel Deutschland | Hochblauen Hotel &amp; Spa<\/title>\n<meta name=\"description\" content=\"Genie\u00dfen Sie im Naturpark S\u00fcdschwarzwald den jahreszeitlichen Wandel der Natur und entspannen Sie im angrenzenden Natur Wellnesshotel Hochblauen in Deutschland.\" \/>\n<meta name=\"robots\" content=\"index, follow, max-snippet:-1, max-image-preview:large, max-video-preview:-1\" \/>\n<link rel=\"canonical\" href=\"https:\/\/www.hochblauenhotel.com\/de\/aktivitaeten-im-schwarzwald\/sommeraktivitaeten\/nationalpark-schwarzwald\/\" \/>\n<meta property=\"og:locale\" content=\"de_DE\" \/>\n<meta property=\"og:type\" content=\"article\" \/>\n<meta property=\"og:title\" content=\"Natur Wellnesshotel Deutschland | Hochblauen Hotel &amp; Spa\" \/>\n<meta property=\"og:description\" content=\"Genie\u00dfen Sie im Naturpark S\u00fcdschwarzwald den jahreszeitlichen Wandel der Natur und entspannen Sie im angrenzenden Natur Wellnesshotel Hochblauen in Deutschland.\" \/>\n<meta property=\"og:url\" content=\"https:\/\/www.hochblauenhotel.com\/de\/aktivitaeten-im-schwarzwald\/sommeraktivitaeten\/nationalpark-schwarzwald\/\" \/>\n<meta property=\"og:site_name\" content=\"Hochblauen Hotel\" \/>\n<meta property=\"article:modified_time\" content=\"2025-10-07T09:35:35+00:00\" \/>\n<meta property=\"og:image\" content=\"https:\/\/www.hochblauenhotel.com\/wp-content\/uploads\/sites\/249\/2025\/07\/E-Dron-shot4.jpg\" \/>\n\t<meta property=\"og:image:width\" content=\"2132\" \/>\n\t<meta property=\"og:image:height\" content=\"1200\" \/>\n\t<meta property=\"og:image:type\" content=\"image\/jpeg\" \/>\n<meta name=\"twitter:card\" content=\"summary_large_image\" \/>\n<meta name=\"twitter:label1\" content=\"Gesch\u00e4tzte Lesezeit\" \/>\n\t<meta name=\"twitter:data1\" content=\"1 Minute\" \/>\n<script type=\"application\/ld+json\" class=\"yoast-schema-graph\">{\"@context\":\"https:\\\/\\\/schema.org\",\"@graph\":[{\"@type\":\"WebPage\",\"@id\":\"https:\\\/\\\/www.hochblauenhotel.com\\\/de\\\/aktivitaeten-im-schwarzwald\\\/sommeraktivitaeten\\\/nationalpark-schwarzwald\\\/\",\"url\":\"https:\\\/\\\/www.hochblauenhotel.com\\\/de\\\/aktivitaeten-im-schwarzwald\\\/sommeraktivitaeten\\\/nationalpark-schwarzwald\\\/\",\"name\":\"Natur Wellnesshotel Deutschland | Hochblauen Hotel & Spa\",\"isPartOf\":{\"@id\":\"https:\\\/\\\/www.hochblauenhotel.com\\\/de\\\/#website\"},\"datePublished\":\"2025-08-05T14:57:30+00:00\",\"dateModified\":\"2025-10-07T09:35:35+00:00\",\"description\":\"Genie\u00dfen Sie im Naturpark S\u00fcdschwarzwald den jahreszeitlichen Wandel der Natur und entspannen Sie im angrenzenden Natur Wellnesshotel Hochblauen in Deutschland.\",\"breadcrumb\":{\"@id\":\"https:\\\/\\\/www.hochblauenhotel.com\\\/de\\\/aktivitaeten-im-schwarzwald\\\/sommeraktivitaeten\\\/nationalpark-schwarzwald\\\/#breadcrumb\"},\"inLanguage\":\"de-DE\",\"potentialAction\":[{\"@type\":\"ReadAction\",\"target\":[\"https:\\\/\\\/www.hochblauenhotel.com\\\/de\\\/aktivitaeten-im-schwarzwald\\\/sommeraktivitaeten\\\/nationalpark-schwarzwald\\\/\"]}]},{\"@type\":\"BreadcrumbList\",\"@id\":\"https:\\\/\\\/www.hochblauenhotel.com\\\/de\\\/aktivitaeten-im-schwarzwald\\\/sommeraktivitaeten\\\/nationalpark-schwarzwald\\\/#breadcrumb\",\"itemListElement\":[{\"@type\":\"ListItem\",\"position\":1,\"name\":\"Home\",\"item\":\"https:\\\/\\\/www.hochblauenhotel.com\\\/de\\\/\"},{\"@type\":\"ListItem\",\"position\":2,\"name\":\"Aktivit\u00e4ten im Schwarzwald\",\"item\":\"https:\\\/\\\/www.hochblauenhotel.com\\\/de\\\/aktivitaeten-im-schwarzwald\\\/\"},{\"@type\":\"ListItem\",\"position\":3,\"name\":\"Sommeraktivit\u00e4ten\",\"item\":\"https:\\\/\\\/www.hochblauenhotel.com\\\/de\\\/sommeraktivitaeten\\\/\"},{\"@type\":\"ListItem\",\"position\":4,\"name\":\"Nationalpark Schwarzwald\"}]},{\"@type\":\"WebSite\",\"@id\":\"https:\\\/\\\/www.hochblauenhotel.com\\\/de\\\/#website\",\"url\":\"https:\\\/\\\/www.hochblauenhotel.com\\\/de\\\/\",\"name\":\"Hochblauen Hotel\",\"description\":\"Hochblauen Hotel is a sanctuary of wellness and relaxation where nature, adventure and connection meet.\",\"publisher\":{\"@id\":\"https:\\\/\\\/www.hochblauenhotel.com\\\/de\\\/#organization\"},\"alternateName\":\"Hochblauen Hotel\",\"potentialAction\":[{\"@type\":\"SearchAction\",\"target\":{\"@type\":\"EntryPoint\",\"urlTemplate\":\"https:\\\/\\\/www.hochblauenhotel.com\\\/de\\\/?s={search_term_string}\"},\"query-input\":{\"@type\":\"PropertyValueSpecification\",\"valueRequired\":true,\"valueName\":\"search_term_string\"}}],\"inLanguage\":\"de-DE\"},{\"@type\":\"Organization\",\"@id\":\"https:\\\/\\\/www.hochblauenhotel.com\\\/de\\\/#organization\",\"name\":\"Hochblauen Hotel\",\"alternateName\":\"Hochblauen Hotel\",\"url\":\"https:\\\/\\\/www.hochblauenhotel.com\\\/de\\\/\",\"logo\":{\"@type\":\"ImageObject\",\"inLanguage\":\"de-DE\",\"@id\":\"https:\\\/\\\/www.hochblauenhotel.com\\\/de\\\/#\\\/schema\\\/logo\\\/image\\\/\",\"url\":\"https:\\\/\\\/www.hochblauenhotel.com\\\/wp-content\\\/uploads\\\/sites\\\/249\\\/2025\\\/05\\\/ERKEK.png\",\"contentUrl\":\"https:\\\/\\\/www.hochblauenhotel.com\\\/wp-content\\\/uploads\\\/sites\\\/249\\\/2025\\\/05\\\/ERKEK.png\",\"width\":500,\"height\":186,\"caption\":\"Hochblauen Hotel\"},\"image\":{\"@id\":\"https:\\\/\\\/www.hochblauenhotel.com\\\/de\\\/#\\\/schema\\\/logo\\\/image\\\/\"}}]}<\/script>\n<!-- \/ Yoast SEO plugin. -->","yoast_head_json":{"title":"Natur Wellnesshotel Deutschland | Hochblauen Hotel & Spa","description":"Genie\u00dfen Sie im Naturpark S\u00fcdschwarzwald den jahreszeitlichen Wandel der Natur und entspannen Sie im angrenzenden Natur Wellnesshotel Hochblauen in Deutschland.","robots":{"index":"index","follow":"follow","max-snippet":"max-snippet:-1","max-image-preview":"max-image-preview:large","max-video-preview":"max-video-preview:-1"},"canonical":"https:\/\/www.hochblauenhotel.com\/de\/aktivitaeten-im-schwarzwald\/sommeraktivitaeten\/nationalpark-schwarzwald\/","og_locale":"de_DE","og_type":"article","og_title":"Natur Wellnesshotel Deutschland | Hochblauen Hotel & Spa","og_description":"Genie\u00dfen Sie im Naturpark S\u00fcdschwarzwald den jahreszeitlichen Wandel der Natur und entspannen Sie im angrenzenden Natur Wellnesshotel Hochblauen in Deutschland.","og_url":"https:\/\/www.hochblauenhotel.com\/de\/aktivitaeten-im-schwarzwald\/sommeraktivitaeten\/nationalpark-schwarzwald\/","og_site_name":"Hochblauen Hotel","article_modified_time":"2025-10-07T09:35:35+00:00","og_image":[{"width":2132,"height":1200,"url":"https:\/\/www.hochblauenhotel.com\/wp-content\/uploads\/sites\/249\/2025\/07\/E-Dron-shot4.jpg","type":"image\/jpeg"}],"twitter_card":"summary_large_image","twitter_misc":{"Gesch\u00e4tzte Lesezeit":"1 Minute"},"schema":{"@context":"https:\/\/schema.org","@graph":[{"@type":"WebPage","@id":"https:\/\/www.hochblauenhotel.com\/de\/aktivitaeten-im-schwarzwald\/sommeraktivitaeten\/nationalpark-schwarzwald\/","url":"https:\/\/www.hochblauenhotel.com\/de\/aktivitaeten-im-schwarzwald\/sommeraktivitaeten\/nationalpark-schwarzwald\/","name":"Natur Wellnesshotel Deutschland | Hochblauen Hotel & Spa","isPartOf":{"@id":"https:\/\/www.hochblauenhotel.com\/de\/#website"},"datePublished":"2025-08-05T14:57:30+00:00","dateModified":"2025-10-07T09:35:35+00:00","description":"Genie\u00dfen Sie im Naturpark S\u00fcdschwarzwald den jahreszeitlichen Wandel der Natur und entspannen Sie im angrenzenden Natur Wellnesshotel Hochblauen in Deutschland.","breadcrumb":{"@id":"https:\/\/www.hochblauenhotel.com\/de\/aktivitaeten-im-schwarzwald\/sommeraktivitaeten\/nationalpark-schwarzwald\/#breadcrumb"},"inLanguage":"de-DE","potentialAction":[{"@type":"ReadAction","target":["https:\/\/www.hochblauenhotel.com\/de\/aktivitaeten-im-schwarzwald\/sommeraktivitaeten\/nationalpark-schwarzwald\/"]}]},{"@type":"BreadcrumbList","@id":"https:\/\/www.hochblauenhotel.com\/de\/aktivitaeten-im-schwarzwald\/sommeraktivitaeten\/nationalpark-schwarzwald\/#breadcrumb","itemListElement":[{"@type":"ListItem","position":1,"name":"Home","item":"https:\/\/www.hochblauenhotel.com\/de\/"},{"@type":"ListItem","position":2,"name":"Aktivit\u00e4ten im Schwarzwald","item":"https:\/\/www.hochblauenhotel.com\/de\/aktivitaeten-im-schwarzwald\/"},{"@type":"ListItem","position":3,"name":"Sommeraktivit\u00e4ten","item":"https:\/\/www.hochblauenhotel.com\/de\/sommeraktivitaeten\/"},{"@type":"ListItem","position":4,"name":"Nationalpark Schwarzwald"}]},{"@type":"WebSite","@id":"https:\/\/www.hochblauenhotel.com\/de\/#website","url":"https:\/\/www.hochblauenhotel.com\/de\/","name":"Hochblauen Hotel","description":"Hochblauen Hotel is a sanctuary of wellness and relaxation where nature, adventure and connection meet.","publisher":{"@id":"https:\/\/www.hochblauenhotel.com\/de\/#organization"},"alternateName":"Hochblauen Hotel","potentialAction":[{"@type":"SearchAction","target":{"@type":"EntryPoint","urlTemplate":"https:\/\/www.hochblauenhotel.com\/de\/?s={search_term_string}"},"query-input":{"@type":"PropertyValueSpecification","valueRequired":true,"valueName":"search_term_string"}}],"inLanguage":"de-DE"},{"@type":"Organization","@id":"https:\/\/www.hochblauenhotel.com\/de\/#organization","name":"Hochblauen Hotel","alternateName":"Hochblauen Hotel","url":"https:\/\/www.hochblauenhotel.com\/de\/","logo":{"@type":"ImageObject","inLanguage":"de-DE","@id":"https:\/\/www.hochblauenhotel.com\/de\/#\/schema\/logo\/image\/","url":"https:\/\/www.hochblauenhotel.com\/wp-content\/uploads\/sites\/249\/2025\/05\/ERKEK.png","contentUrl":"https:\/\/www.hochblauenhotel.com\/wp-content\/uploads\/sites\/249\/2025\/05\/ERKEK.png","width":500,"height":186,"caption":"Hochblauen Hotel"},"image":{"@id":"https:\/\/www.hochblauenhotel.com\/de\/#\/schema\/logo\/image\/"}}]}},"acf":[],"_links":{"self":[{"href":"https:\/\/www.hochblauenhotel.com\/de\/wp-json\/wp\/v2\/pages\/419","targetHints":{"allow":["GET"]}}],"collection":[{"href":"https:\/\/www.hochblauenhotel.com\/de\/wp-json\/wp\/v2\/pages"}],"about":[{"href":"https:\/\/www.hochblauenhotel.com\/de\/wp-json\/wp\/v2\/types\/page"}],"author":[{"embeddable":true,"href":"https:\/\/www.hochblauenhotel.com\/de\/wp-json\/wp\/v2\/users\/12"}],"replies":[{"embeddable":true,"href":"https:\/\/www.hochblauenhotel.com\/de\/wp-json\/wp\/v2\/comments?post=419"}],"version-history":[{"count":0,"href":"https:\/\/www.hochblauenhotel.com\/de\/wp-json\/wp\/v2\/pages\/419\/revisions"}],"up":[{"embeddable":true,"href":"https:\/\/www.hochblauenhotel.com\/de\/wp-json\/wp\/v2\/pages\/420"}],"wp:attachment":[{"href":"https:\/\/www.hochblauenhotel.com\/de\/wp-json\/wp\/v2\/media?parent=419"}],"wp:term":[{"taxonomy":"category","embeddable":true,"href":"https:\/\/www.hochblauenhotel.com\/de\/wp-json\/wp\/v2\/categories?post=419"}],"curies":[{"name":"wp","href":"https:\/\/api.w.org\/{rel}","templated":true}]}}