{"id":418,"date":"2025-08-05T15:11:11","date_gmt":"2025-08-05T15:11:11","guid":{"rendered":"https:\/\/www.hochblauenhotel.com\/?page_id=418"},"modified":"2025-10-07T09:43:12","modified_gmt":"2025-10-07T09:43:12","slug":"schwarzwald-wein","status":"publish","type":"page","link":"https:\/\/www.hochblauenhotel.com\/de\/aktivitaeten-im-schwarzwald\/sommeraktivitaeten\/schwarzwald-wein\/","title":{"rendered":"Schwarzwald Wein"},"content":{"rendered":"<p>Der Schwarzwald geh\u00f6rt zu Baden, eine der 13 Weinregionen in Deutschland. Nur eine kurze Fahrt vom Hotel Hochblauen entfernt befindet sich die Region Markgr\u00e4flerland, Heimat verschiedener Traubensorten, darunter Gutedel (Chasselas), Pinot Noir und M\u00fcller-Thurgau. Diese von der Sonne verw\u00f6hnte Ecke im S\u00fcdwesten Deutschlands ist f\u00fcr seine eleganten Wei\u00dfweine bekannt, darunter vor allem die Rebsorte Gutedel, die in diesem milden Klima besonders gut gedeiht.<\/p>\n<p>G\u00f6nnen Sie sich eine klassische <strong>Weinreise in Deutschland<\/strong>, um mehr \u00fcber die Rebsorten und Weine dieser Region zu erfahren. Dabei besichtigen Sie die Weinberge und die Weinbauern und k\u00f6nnen direkt beim Hersteller einer Weinprobe beiwohnen. Am Oberrhein, wo sich unser Hotel befindet, k\u00f6nnen Sie die Markgr\u00e4fler Weinstra\u00dfe von Schliengen bis Staufen erkunden. Schliengen, eine malerische Ortschaft ganz in der N\u00e4he, liegt mitten im Herzen des Markgr\u00e4flerlandes. Diese Weinberge bringen einige der elegantesten und ausdrucksst\u00e4rksten Weine dieses Terroirs hervor.<\/p>\n","protected":false},"excerpt":{"rendered":"<p>Der Schwarzwald geh\u00f6rt zu Baden, eine der 13 Weinregionen in Deutschland. Nur eine kurze Fahrt vom Hotel Hochblauen entfernt befindet sich die Region Markgr\u00e4flerland, Heimat verschiedener Traubensorten, darunter Gutedel (Chasselas), Pinot Noir und M\u00fcller-Thurgau. Diese von der Sonne verw\u00f6hnte Ecke im S\u00fcdwesten Deutschlands ist f\u00fcr seine eleganten Wei\u00dfweine bekannt, darunter vor allem die Rebsorte Gutedel, [&hellip;]<\/p>\n","protected":false},"author":12,"featured_media":0,"parent":420,"menu_order":0,"comment_status":"closed","ping_status":"closed","template":"template-single-service.php","meta":{"footnotes":""},"categories":[],"class_list":["post-418","page","type-page","status-publish","hentry"],"yoast_head":"<!-- This site is optimized with the Yoast SEO plugin v27.3 - https:\/\/yoast.com\/product\/yoast-seo-wordpress\/ -->\n<title>Weinreise Deutschland| Hochblauen Hotel &amp; Spa<\/title>\n<meta name=\"description\" content=\"Angrenzend an den Schwarzwald bieten das Markgr\u00e4flerland und der Kaiserstuhl alles f\u00fcr eine Weinreise in Deutschland: Touren, Wanderungen und Verkostungen.\" \/>\n<meta name=\"robots\" content=\"index, follow, max-snippet:-1, max-image-preview:large, max-video-preview:-1\" \/>\n<link rel=\"canonical\" href=\"https:\/\/www.hochblauenhotel.com\/de\/aktivitaeten-im-schwarzwald\/sommeraktivitaeten\/schwarzwald-wein\/\" \/>\n<meta property=\"og:locale\" content=\"de_DE\" \/>\n<meta property=\"og:type\" content=\"article\" \/>\n<meta property=\"og:title\" content=\"Weinreise Deutschland| Hochblauen Hotel &amp; Spa\" \/>\n<meta property=\"og:description\" content=\"Angrenzend an den Schwarzwald bieten das Markgr\u00e4flerland und der Kaiserstuhl alles f\u00fcr eine Weinreise in Deutschland: Touren, Wanderungen und Verkostungen.\" \/>\n<meta property=\"og:url\" content=\"https:\/\/www.hochblauenhotel.com\/de\/aktivitaeten-im-schwarzwald\/sommeraktivitaeten\/schwarzwald-wein\/\" \/>\n<meta property=\"og:site_name\" content=\"Hochblauen Hotel\" \/>\n<meta property=\"article:modified_time\" content=\"2025-10-07T09:43:12+00:00\" \/>\n<meta property=\"og:image\" content=\"https:\/\/www.hochblauenhotel.com\/wp-content\/uploads\/sites\/249\/2025\/07\/E-Dron-shot4.jpg\" \/>\n\t<meta property=\"og:image:width\" content=\"2132\" \/>\n\t<meta property=\"og:image:height\" content=\"1200\" \/>\n\t<meta property=\"og:image:type\" content=\"image\/jpeg\" \/>\n<meta name=\"twitter:card\" content=\"summary_large_image\" \/>\n<meta name=\"twitter:label1\" content=\"Gesch\u00e4tzte Lesezeit\" \/>\n\t<meta name=\"twitter:data1\" content=\"1 Minute\" \/>\n<script type=\"application\/ld+json\" class=\"yoast-schema-graph\">{\"@context\":\"https:\\\/\\\/schema.org\",\"@graph\":[{\"@type\":\"WebPage\",\"@id\":\"https:\\\/\\\/www.hochblauenhotel.com\\\/de\\\/aktivitaeten-im-schwarzwald\\\/sommeraktivitaeten\\\/schwarzwald-wein\\\/\",\"url\":\"https:\\\/\\\/www.hochblauenhotel.com\\\/de\\\/aktivitaeten-im-schwarzwald\\\/sommeraktivitaeten\\\/schwarzwald-wein\\\/\",\"name\":\"Weinreise Deutschland| Hochblauen Hotel & Spa\",\"isPartOf\":{\"@id\":\"https:\\\/\\\/www.hochblauenhotel.com\\\/de\\\/#website\"},\"datePublished\":\"2025-08-05T15:11:11+00:00\",\"dateModified\":\"2025-10-07T09:43:12+00:00\",\"description\":\"Angrenzend an den Schwarzwald bieten das Markgr\u00e4flerland und der Kaiserstuhl alles f\u00fcr eine Weinreise in Deutschland: Touren, Wanderungen und Verkostungen.\",\"breadcrumb\":{\"@id\":\"https:\\\/\\\/www.hochblauenhotel.com\\\/de\\\/aktivitaeten-im-schwarzwald\\\/sommeraktivitaeten\\\/schwarzwald-wein\\\/#breadcrumb\"},\"inLanguage\":\"de-DE\",\"potentialAction\":[{\"@type\":\"ReadAction\",\"target\":[\"https:\\\/\\\/www.hochblauenhotel.com\\\/de\\\/aktivitaeten-im-schwarzwald\\\/sommeraktivitaeten\\\/schwarzwald-wein\\\/\"]}]},{\"@type\":\"BreadcrumbList\",\"@id\":\"https:\\\/\\\/www.hochblauenhotel.com\\\/de\\\/aktivitaeten-im-schwarzwald\\\/sommeraktivitaeten\\\/schwarzwald-wein\\\/#breadcrumb\",\"itemListElement\":[{\"@type\":\"ListItem\",\"position\":1,\"name\":\"Home\",\"item\":\"https:\\\/\\\/www.hochblauenhotel.com\\\/de\\\/\"},{\"@type\":\"ListItem\",\"position\":2,\"name\":\"Aktivit\u00e4ten im Schwarzwald\",\"item\":\"https:\\\/\\\/www.hochblauenhotel.com\\\/de\\\/aktivitaeten-im-schwarzwald\\\/\"},{\"@type\":\"ListItem\",\"position\":3,\"name\":\"Sommeraktivit\u00e4ten\",\"item\":\"https:\\\/\\\/www.hochblauenhotel.com\\\/de\\\/sommeraktivitaeten\\\/\"},{\"@type\":\"ListItem\",\"position\":4,\"name\":\"Schwarzwald Wein\"}]},{\"@type\":\"WebSite\",\"@id\":\"https:\\\/\\\/www.hochblauenhotel.com\\\/de\\\/#website\",\"url\":\"https:\\\/\\\/www.hochblauenhotel.com\\\/de\\\/\",\"name\":\"Hochblauen Hotel\",\"description\":\"Hochblauen Hotel is a sanctuary of wellness and relaxation where nature, adventure and connection meet.\",\"publisher\":{\"@id\":\"https:\\\/\\\/www.hochblauenhotel.com\\\/de\\\/#organization\"},\"alternateName\":\"Hochblauen Hotel\",\"potentialAction\":[{\"@type\":\"SearchAction\",\"target\":{\"@type\":\"EntryPoint\",\"urlTemplate\":\"https:\\\/\\\/www.hochblauenhotel.com\\\/de\\\/?s={search_term_string}\"},\"query-input\":{\"@type\":\"PropertyValueSpecification\",\"valueRequired\":true,\"valueName\":\"search_term_string\"}}],\"inLanguage\":\"de-DE\"},{\"@type\":\"Organization\",\"@id\":\"https:\\\/\\\/www.hochblauenhotel.com\\\/de\\\/#organization\",\"name\":\"Hochblauen Hotel\",\"alternateName\":\"Hochblauen Hotel\",\"url\":\"https:\\\/\\\/www.hochblauenhotel.com\\\/de\\\/\",\"logo\":{\"@type\":\"ImageObject\",\"inLanguage\":\"de-DE\",\"@id\":\"https:\\\/\\\/www.hochblauenhotel.com\\\/de\\\/#\\\/schema\\\/logo\\\/image\\\/\",\"url\":\"https:\\\/\\\/www.hochblauenhotel.com\\\/wp-content\\\/uploads\\\/sites\\\/249\\\/2025\\\/05\\\/ERKEK.png\",\"contentUrl\":\"https:\\\/\\\/www.hochblauenhotel.com\\\/wp-content\\\/uploads\\\/sites\\\/249\\\/2025\\\/05\\\/ERKEK.png\",\"width\":500,\"height\":186,\"caption\":\"Hochblauen Hotel\"},\"image\":{\"@id\":\"https:\\\/\\\/www.hochblauenhotel.com\\\/de\\\/#\\\/schema\\\/logo\\\/image\\\/\"}}]}<\/script>\n<!-- \/ Yoast SEO plugin. -->","yoast_head_json":{"title":"Weinreise Deutschland| Hochblauen Hotel & Spa","description":"Angrenzend an den Schwarzwald bieten das Markgr\u00e4flerland und der Kaiserstuhl alles f\u00fcr eine Weinreise in Deutschland: Touren, Wanderungen und Verkostungen.","robots":{"index":"index","follow":"follow","max-snippet":"max-snippet:-1","max-image-preview":"max-image-preview:large","max-video-preview":"max-video-preview:-1"},"canonical":"https:\/\/www.hochblauenhotel.com\/de\/aktivitaeten-im-schwarzwald\/sommeraktivitaeten\/schwarzwald-wein\/","og_locale":"de_DE","og_type":"article","og_title":"Weinreise Deutschland| Hochblauen Hotel & Spa","og_description":"Angrenzend an den Schwarzwald bieten das Markgr\u00e4flerland und der Kaiserstuhl alles f\u00fcr eine Weinreise in Deutschland: Touren, Wanderungen und Verkostungen.","og_url":"https:\/\/www.hochblauenhotel.com\/de\/aktivitaeten-im-schwarzwald\/sommeraktivitaeten\/schwarzwald-wein\/","og_site_name":"Hochblauen Hotel","article_modified_time":"2025-10-07T09:43:12+00:00","og_image":[{"width":2132,"height":1200,"url":"https:\/\/www.hochblauenhotel.com\/wp-content\/uploads\/sites\/249\/2025\/07\/E-Dron-shot4.jpg","type":"image\/jpeg"}],"twitter_card":"summary_large_image","twitter_misc":{"Gesch\u00e4tzte Lesezeit":"1 Minute"},"schema":{"@context":"https:\/\/schema.org","@graph":[{"@type":"WebPage","@id":"https:\/\/www.hochblauenhotel.com\/de\/aktivitaeten-im-schwarzwald\/sommeraktivitaeten\/schwarzwald-wein\/","url":"https:\/\/www.hochblauenhotel.com\/de\/aktivitaeten-im-schwarzwald\/sommeraktivitaeten\/schwarzwald-wein\/","name":"Weinreise Deutschland| Hochblauen Hotel & Spa","isPartOf":{"@id":"https:\/\/www.hochblauenhotel.com\/de\/#website"},"datePublished":"2025-08-05T15:11:11+00:00","dateModified":"2025-10-07T09:43:12+00:00","description":"Angrenzend an den Schwarzwald bieten das Markgr\u00e4flerland und der Kaiserstuhl alles f\u00fcr eine Weinreise in Deutschland: Touren, Wanderungen und Verkostungen.","breadcrumb":{"@id":"https:\/\/www.hochblauenhotel.com\/de\/aktivitaeten-im-schwarzwald\/sommeraktivitaeten\/schwarzwald-wein\/#breadcrumb"},"inLanguage":"de-DE","potentialAction":[{"@type":"ReadAction","target":["https:\/\/www.hochblauenhotel.com\/de\/aktivitaeten-im-schwarzwald\/sommeraktivitaeten\/schwarzwald-wein\/"]}]},{"@type":"BreadcrumbList","@id":"https:\/\/www.hochblauenhotel.com\/de\/aktivitaeten-im-schwarzwald\/sommeraktivitaeten\/schwarzwald-wein\/#breadcrumb","itemListElement":[{"@type":"ListItem","position":1,"name":"Home","item":"https:\/\/www.hochblauenhotel.com\/de\/"},{"@type":"ListItem","position":2,"name":"Aktivit\u00e4ten im Schwarzwald","item":"https:\/\/www.hochblauenhotel.com\/de\/aktivitaeten-im-schwarzwald\/"},{"@type":"ListItem","position":3,"name":"Sommeraktivit\u00e4ten","item":"https:\/\/www.hochblauenhotel.com\/de\/sommeraktivitaeten\/"},{"@type":"ListItem","position":4,"name":"Schwarzwald Wein"}]},{"@type":"WebSite","@id":"https:\/\/www.hochblauenhotel.com\/de\/#website","url":"https:\/\/www.hochblauenhotel.com\/de\/","name":"Hochblauen Hotel","description":"Hochblauen Hotel is a sanctuary of wellness and relaxation where nature, adventure and connection meet.","publisher":{"@id":"https:\/\/www.hochblauenhotel.com\/de\/#organization"},"alternateName":"Hochblauen Hotel","potentialAction":[{"@type":"SearchAction","target":{"@type":"EntryPoint","urlTemplate":"https:\/\/www.hochblauenhotel.com\/de\/?s={search_term_string}"},"query-input":{"@type":"PropertyValueSpecification","valueRequired":true,"valueName":"search_term_string"}}],"inLanguage":"de-DE"},{"@type":"Organization","@id":"https:\/\/www.hochblauenhotel.com\/de\/#organization","name":"Hochblauen Hotel","alternateName":"Hochblauen Hotel","url":"https:\/\/www.hochblauenhotel.com\/de\/","logo":{"@type":"ImageObject","inLanguage":"de-DE","@id":"https:\/\/www.hochblauenhotel.com\/de\/#\/schema\/logo\/image\/","url":"https:\/\/www.hochblauenhotel.com\/wp-content\/uploads\/sites\/249\/2025\/05\/ERKEK.png","contentUrl":"https:\/\/www.hochblauenhotel.com\/wp-content\/uploads\/sites\/249\/2025\/05\/ERKEK.png","width":500,"height":186,"caption":"Hochblauen Hotel"},"image":{"@id":"https:\/\/www.hochblauenhotel.com\/de\/#\/schema\/logo\/image\/"}}]}},"acf":[],"_links":{"self":[{"href":"https:\/\/www.hochblauenhotel.com\/de\/wp-json\/wp\/v2\/pages\/418","targetHints":{"allow":["GET"]}}],"collection":[{"href":"https:\/\/www.hochblauenhotel.com\/de\/wp-json\/wp\/v2\/pages"}],"about":[{"href":"https:\/\/www.hochblauenhotel.com\/de\/wp-json\/wp\/v2\/types\/page"}],"author":[{"embeddable":true,"href":"https:\/\/www.hochblauenhotel.com\/de\/wp-json\/wp\/v2\/users\/12"}],"replies":[{"embeddable":true,"href":"https:\/\/www.hochblauenhotel.com\/de\/wp-json\/wp\/v2\/comments?post=418"}],"version-history":[{"count":0,"href":"https:\/\/www.hochblauenhotel.com\/de\/wp-json\/wp\/v2\/pages\/418\/revisions"}],"up":[{"embeddable":true,"href":"https:\/\/www.hochblauenhotel.com\/de\/wp-json\/wp\/v2\/pages\/420"}],"wp:attachment":[{"href":"https:\/\/www.hochblauenhotel.com\/de\/wp-json\/wp\/v2\/media?parent=418"}],"wp:term":[{"taxonomy":"category","embeddable":true,"href":"https:\/\/www.hochblauenhotel.com\/de\/wp-json\/wp\/v2\/categories?post=418"}],"curies":[{"name":"wp","href":"https:\/\/api.w.org\/{rel}","templated":true}]}}