{"id":416,"date":"2025-08-05T15:28:07","date_gmt":"2025-08-05T15:28:07","guid":{"rendered":"https:\/\/www.hochblauenhotel.com\/?page_id=416"},"modified":"2025-10-07T09:34:33","modified_gmt":"2025-10-07T09:34:33","slug":"ihr-golfurlaub-im-markgraeflerland","status":"publish","type":"page","link":"https:\/\/www.hochblauenhotel.com\/de\/aktivitaeten-im-schwarzwald\/sommeraktivitaeten\/ihr-golfurlaub-im-markgraeflerland\/","title":{"rendered":"Ihr Golfurlaub im Markgr\u00e4flerland"},"content":{"rendered":"<p>Das Markgr\u00e4flerland ist ein Paradies f\u00fcr Golfer \u2013 eingebettet in sanfte Weinberge, ein mildes Klima und eine beeindruckende Naturkulisse. Der <strong>Golfclub Markgr\u00e4flerland<\/strong> in Kandern begeistert mit seiner herrlichen Lage am Fu\u00dfe des Schwarzwalds. Das renommierte Three Thermen Golf Resort lockt mit vier abwechslungsreichen Pl\u00e4tzen, modernen Trainingsanlagen und einem vielf\u00e4ltigen Eventprogramm.<\/p>\n<p>Die Golfpl\u00e4tze der Region bieten unvergleichliche Panoramablicke auf die Alpen, den Schwarzwald und das Rheintal \u2013 ein Erlebnis, das Sport und Natur harmonisch vereint. Ob passionierter Golfer oder Genie\u00dfer: Hier verbindet sich sportliche Herausforderung mit Wellness, Kulinarik und Erholung auf h\u00f6chstem Niveau.<\/p>\n","protected":false},"excerpt":{"rendered":"<p>Das Markgr\u00e4flerland ist ein Paradies f\u00fcr Golfer \u2013 eingebettet in sanfte Weinberge, ein mildes Klima und eine beeindruckende Naturkulisse. Der Golfclub Markgr\u00e4flerland in Kandern begeistert mit seiner herrlichen Lage am Fu\u00dfe des Schwarzwalds. Das renommierte Three Thermen Golf Resort lockt mit vier abwechslungsreichen Pl\u00e4tzen, modernen Trainingsanlagen und einem vielf\u00e4ltigen Eventprogramm. Die Golfpl\u00e4tze der Region bieten [&hellip;]<\/p>\n","protected":false},"author":12,"featured_media":0,"parent":420,"menu_order":0,"comment_status":"closed","ping_status":"closed","template":"template-single-service.php","meta":{"footnotes":""},"categories":[],"class_list":["post-416","page","type-page","status-publish","hentry"],"yoast_head":"<!-- This site is optimized with the Yoast SEO plugin v27.3 - https:\/\/yoast.com\/product\/yoast-seo-wordpress\/ -->\n<title>Golfurlaub in Deutschland | Hochblauen Hotel &amp; Spa<\/title>\n<meta name=\"description\" content=\"Kombinieren Sie Wellness- und Golfurlaub in Deutschland am Hochblauen. Der nahe gelegene Golfclub Markgr\u00e4flerland ist nur wenige Minuten entfernt.\" \/>\n<meta name=\"robots\" content=\"index, follow, max-snippet:-1, max-image-preview:large, max-video-preview:-1\" \/>\n<link rel=\"canonical\" href=\"https:\/\/www.hochblauenhotel.com\/de\/aktivitaeten-im-schwarzwald\/sommeraktivitaeten\/ihr-golfurlaub-im-markgraeflerland\/\" \/>\n<meta property=\"og:locale\" content=\"de_DE\" \/>\n<meta property=\"og:type\" content=\"article\" \/>\n<meta property=\"og:title\" content=\"Golfurlaub in Deutschland | Hochblauen Hotel &amp; Spa\" \/>\n<meta property=\"og:description\" content=\"Kombinieren Sie Wellness- und Golfurlaub in Deutschland am Hochblauen. Der nahe gelegene Golfclub Markgr\u00e4flerland ist nur wenige Minuten entfernt.\" \/>\n<meta property=\"og:url\" content=\"https:\/\/www.hochblauenhotel.com\/de\/aktivitaeten-im-schwarzwald\/sommeraktivitaeten\/ihr-golfurlaub-im-markgraeflerland\/\" \/>\n<meta property=\"og:site_name\" content=\"Hochblauen Hotel\" \/>\n<meta property=\"article:modified_time\" content=\"2025-10-07T09:34:33+00:00\" \/>\n<meta property=\"og:image\" content=\"https:\/\/www.hochblauenhotel.com\/wp-content\/uploads\/sites\/249\/2025\/07\/E-Dron-shot4.jpg\" \/>\n\t<meta property=\"og:image:width\" content=\"2132\" \/>\n\t<meta property=\"og:image:height\" content=\"1200\" \/>\n\t<meta property=\"og:image:type\" content=\"image\/jpeg\" \/>\n<meta name=\"twitter:card\" content=\"summary_large_image\" \/>\n<meta name=\"twitter:label1\" content=\"Gesch\u00e4tzte Lesezeit\" \/>\n\t<meta name=\"twitter:data1\" content=\"1 Minute\" \/>\n<script type=\"application\/ld+json\" class=\"yoast-schema-graph\">{\"@context\":\"https:\\\/\\\/schema.org\",\"@graph\":[{\"@type\":\"WebPage\",\"@id\":\"https:\\\/\\\/www.hochblauenhotel.com\\\/de\\\/aktivitaeten-im-schwarzwald\\\/sommeraktivitaeten\\\/ihr-golfurlaub-im-markgraeflerland\\\/\",\"url\":\"https:\\\/\\\/www.hochblauenhotel.com\\\/de\\\/aktivitaeten-im-schwarzwald\\\/sommeraktivitaeten\\\/ihr-golfurlaub-im-markgraeflerland\\\/\",\"name\":\"Golfurlaub in Deutschland | Hochblauen Hotel & Spa\",\"isPartOf\":{\"@id\":\"https:\\\/\\\/www.hochblauenhotel.com\\\/de\\\/#website\"},\"datePublished\":\"2025-08-05T15:28:07+00:00\",\"dateModified\":\"2025-10-07T09:34:33+00:00\",\"description\":\"Kombinieren Sie Wellness- und Golfurlaub in Deutschland am Hochblauen. Der nahe gelegene Golfclub Markgr\u00e4flerland ist nur wenige Minuten entfernt.\",\"breadcrumb\":{\"@id\":\"https:\\\/\\\/www.hochblauenhotel.com\\\/de\\\/aktivitaeten-im-schwarzwald\\\/sommeraktivitaeten\\\/ihr-golfurlaub-im-markgraeflerland\\\/#breadcrumb\"},\"inLanguage\":\"de-DE\",\"potentialAction\":[{\"@type\":\"ReadAction\",\"target\":[\"https:\\\/\\\/www.hochblauenhotel.com\\\/de\\\/aktivitaeten-im-schwarzwald\\\/sommeraktivitaeten\\\/ihr-golfurlaub-im-markgraeflerland\\\/\"]}]},{\"@type\":\"BreadcrumbList\",\"@id\":\"https:\\\/\\\/www.hochblauenhotel.com\\\/de\\\/aktivitaeten-im-schwarzwald\\\/sommeraktivitaeten\\\/ihr-golfurlaub-im-markgraeflerland\\\/#breadcrumb\",\"itemListElement\":[{\"@type\":\"ListItem\",\"position\":1,\"name\":\"Home\",\"item\":\"https:\\\/\\\/www.hochblauenhotel.com\\\/de\\\/\"},{\"@type\":\"ListItem\",\"position\":2,\"name\":\"Aktivit\u00e4ten im Schwarzwald\",\"item\":\"https:\\\/\\\/www.hochblauenhotel.com\\\/de\\\/aktivitaeten-im-schwarzwald\\\/\"},{\"@type\":\"ListItem\",\"position\":3,\"name\":\"Sommeraktivit\u00e4ten\",\"item\":\"https:\\\/\\\/www.hochblauenhotel.com\\\/de\\\/sommeraktivitaeten\\\/\"},{\"@type\":\"ListItem\",\"position\":4,\"name\":\"Ihr Golfurlaub im Markgr\u00e4flerland\"}]},{\"@type\":\"WebSite\",\"@id\":\"https:\\\/\\\/www.hochblauenhotel.com\\\/de\\\/#website\",\"url\":\"https:\\\/\\\/www.hochblauenhotel.com\\\/de\\\/\",\"name\":\"Hochblauen Hotel\",\"description\":\"Hochblauen Hotel is a sanctuary of wellness and relaxation where nature, adventure and connection meet.\",\"publisher\":{\"@id\":\"https:\\\/\\\/www.hochblauenhotel.com\\\/de\\\/#organization\"},\"alternateName\":\"Hochblauen Hotel\",\"potentialAction\":[{\"@type\":\"SearchAction\",\"target\":{\"@type\":\"EntryPoint\",\"urlTemplate\":\"https:\\\/\\\/www.hochblauenhotel.com\\\/de\\\/?s={search_term_string}\"},\"query-input\":{\"@type\":\"PropertyValueSpecification\",\"valueRequired\":true,\"valueName\":\"search_term_string\"}}],\"inLanguage\":\"de-DE\"},{\"@type\":\"Organization\",\"@id\":\"https:\\\/\\\/www.hochblauenhotel.com\\\/de\\\/#organization\",\"name\":\"Hochblauen Hotel\",\"alternateName\":\"Hochblauen Hotel\",\"url\":\"https:\\\/\\\/www.hochblauenhotel.com\\\/de\\\/\",\"logo\":{\"@type\":\"ImageObject\",\"inLanguage\":\"de-DE\",\"@id\":\"https:\\\/\\\/www.hochblauenhotel.com\\\/de\\\/#\\\/schema\\\/logo\\\/image\\\/\",\"url\":\"https:\\\/\\\/www.hochblauenhotel.com\\\/wp-content\\\/uploads\\\/sites\\\/249\\\/2025\\\/05\\\/ERKEK.png\",\"contentUrl\":\"https:\\\/\\\/www.hochblauenhotel.com\\\/wp-content\\\/uploads\\\/sites\\\/249\\\/2025\\\/05\\\/ERKEK.png\",\"width\":500,\"height\":186,\"caption\":\"Hochblauen Hotel\"},\"image\":{\"@id\":\"https:\\\/\\\/www.hochblauenhotel.com\\\/de\\\/#\\\/schema\\\/logo\\\/image\\\/\"}}]}<\/script>\n<!-- \/ Yoast SEO plugin. -->","yoast_head_json":{"title":"Golfurlaub in Deutschland | Hochblauen Hotel & Spa","description":"Kombinieren Sie Wellness- und Golfurlaub in Deutschland am Hochblauen. Der nahe gelegene Golfclub Markgr\u00e4flerland ist nur wenige Minuten entfernt.","robots":{"index":"index","follow":"follow","max-snippet":"max-snippet:-1","max-image-preview":"max-image-preview:large","max-video-preview":"max-video-preview:-1"},"canonical":"https:\/\/www.hochblauenhotel.com\/de\/aktivitaeten-im-schwarzwald\/sommeraktivitaeten\/ihr-golfurlaub-im-markgraeflerland\/","og_locale":"de_DE","og_type":"article","og_title":"Golfurlaub in Deutschland | Hochblauen Hotel & Spa","og_description":"Kombinieren Sie Wellness- und Golfurlaub in Deutschland am Hochblauen. Der nahe gelegene Golfclub Markgr\u00e4flerland ist nur wenige Minuten entfernt.","og_url":"https:\/\/www.hochblauenhotel.com\/de\/aktivitaeten-im-schwarzwald\/sommeraktivitaeten\/ihr-golfurlaub-im-markgraeflerland\/","og_site_name":"Hochblauen Hotel","article_modified_time":"2025-10-07T09:34:33+00:00","og_image":[{"width":2132,"height":1200,"url":"https:\/\/www.hochblauenhotel.com\/wp-content\/uploads\/sites\/249\/2025\/07\/E-Dron-shot4.jpg","type":"image\/jpeg"}],"twitter_card":"summary_large_image","twitter_misc":{"Gesch\u00e4tzte Lesezeit":"1 Minute"},"schema":{"@context":"https:\/\/schema.org","@graph":[{"@type":"WebPage","@id":"https:\/\/www.hochblauenhotel.com\/de\/aktivitaeten-im-schwarzwald\/sommeraktivitaeten\/ihr-golfurlaub-im-markgraeflerland\/","url":"https:\/\/www.hochblauenhotel.com\/de\/aktivitaeten-im-schwarzwald\/sommeraktivitaeten\/ihr-golfurlaub-im-markgraeflerland\/","name":"Golfurlaub in Deutschland | Hochblauen Hotel & Spa","isPartOf":{"@id":"https:\/\/www.hochblauenhotel.com\/de\/#website"},"datePublished":"2025-08-05T15:28:07+00:00","dateModified":"2025-10-07T09:34:33+00:00","description":"Kombinieren Sie Wellness- und Golfurlaub in Deutschland am Hochblauen. Der nahe gelegene Golfclub Markgr\u00e4flerland ist nur wenige Minuten entfernt.","breadcrumb":{"@id":"https:\/\/www.hochblauenhotel.com\/de\/aktivitaeten-im-schwarzwald\/sommeraktivitaeten\/ihr-golfurlaub-im-markgraeflerland\/#breadcrumb"},"inLanguage":"de-DE","potentialAction":[{"@type":"ReadAction","target":["https:\/\/www.hochblauenhotel.com\/de\/aktivitaeten-im-schwarzwald\/sommeraktivitaeten\/ihr-golfurlaub-im-markgraeflerland\/"]}]},{"@type":"BreadcrumbList","@id":"https:\/\/www.hochblauenhotel.com\/de\/aktivitaeten-im-schwarzwald\/sommeraktivitaeten\/ihr-golfurlaub-im-markgraeflerland\/#breadcrumb","itemListElement":[{"@type":"ListItem","position":1,"name":"Home","item":"https:\/\/www.hochblauenhotel.com\/de\/"},{"@type":"ListItem","position":2,"name":"Aktivit\u00e4ten im Schwarzwald","item":"https:\/\/www.hochblauenhotel.com\/de\/aktivitaeten-im-schwarzwald\/"},{"@type":"ListItem","position":3,"name":"Sommeraktivit\u00e4ten","item":"https:\/\/www.hochblauenhotel.com\/de\/sommeraktivitaeten\/"},{"@type":"ListItem","position":4,"name":"Ihr Golfurlaub im Markgr\u00e4flerland"}]},{"@type":"WebSite","@id":"https:\/\/www.hochblauenhotel.com\/de\/#website","url":"https:\/\/www.hochblauenhotel.com\/de\/","name":"Hochblauen Hotel","description":"Hochblauen Hotel is a sanctuary of wellness and relaxation where nature, adventure and connection meet.","publisher":{"@id":"https:\/\/www.hochblauenhotel.com\/de\/#organization"},"alternateName":"Hochblauen Hotel","potentialAction":[{"@type":"SearchAction","target":{"@type":"EntryPoint","urlTemplate":"https:\/\/www.hochblauenhotel.com\/de\/?s={search_term_string}"},"query-input":{"@type":"PropertyValueSpecification","valueRequired":true,"valueName":"search_term_string"}}],"inLanguage":"de-DE"},{"@type":"Organization","@id":"https:\/\/www.hochblauenhotel.com\/de\/#organization","name":"Hochblauen Hotel","alternateName":"Hochblauen Hotel","url":"https:\/\/www.hochblauenhotel.com\/de\/","logo":{"@type":"ImageObject","inLanguage":"de-DE","@id":"https:\/\/www.hochblauenhotel.com\/de\/#\/schema\/logo\/image\/","url":"https:\/\/www.hochblauenhotel.com\/wp-content\/uploads\/sites\/249\/2025\/05\/ERKEK.png","contentUrl":"https:\/\/www.hochblauenhotel.com\/wp-content\/uploads\/sites\/249\/2025\/05\/ERKEK.png","width":500,"height":186,"caption":"Hochblauen Hotel"},"image":{"@id":"https:\/\/www.hochblauenhotel.com\/de\/#\/schema\/logo\/image\/"}}]}},"acf":[],"_links":{"self":[{"href":"https:\/\/www.hochblauenhotel.com\/de\/wp-json\/wp\/v2\/pages\/416","targetHints":{"allow":["GET"]}}],"collection":[{"href":"https:\/\/www.hochblauenhotel.com\/de\/wp-json\/wp\/v2\/pages"}],"about":[{"href":"https:\/\/www.hochblauenhotel.com\/de\/wp-json\/wp\/v2\/types\/page"}],"author":[{"embeddable":true,"href":"https:\/\/www.hochblauenhotel.com\/de\/wp-json\/wp\/v2\/users\/12"}],"replies":[{"embeddable":true,"href":"https:\/\/www.hochblauenhotel.com\/de\/wp-json\/wp\/v2\/comments?post=416"}],"version-history":[{"count":0,"href":"https:\/\/www.hochblauenhotel.com\/de\/wp-json\/wp\/v2\/pages\/416\/revisions"}],"up":[{"embeddable":true,"href":"https:\/\/www.hochblauenhotel.com\/de\/wp-json\/wp\/v2\/pages\/420"}],"wp:attachment":[{"href":"https:\/\/www.hochblauenhotel.com\/de\/wp-json\/wp\/v2\/media?parent=416"}],"wp:term":[{"taxonomy":"category","embeddable":true,"href":"https:\/\/www.hochblauenhotel.com\/de\/wp-json\/wp\/v2\/categories?post=416"}],"curies":[{"name":"wp","href":"https:\/\/api.w.org\/{rel}","templated":true}]}}