{"id":415,"date":"2025-08-05T15:48:37","date_gmt":"2025-08-05T15:48:37","guid":{"rendered":"https:\/\/www.hochblauenhotel.com\/?page_id=415"},"modified":"2025-09-24T10:07:51","modified_gmt":"2025-09-24T10:07:51","slug":"aktivitaten-im-winter","status":"publish","type":"page","link":"https:\/\/www.hochblauenhotel.com\/de\/aktivitaeten-im-schwarzwald\/aktivitaten-im-winter\/","title":{"rendered":"Aktivit\u00e4ten im Winter"},"content":{"rendered":"<p>Im Winter h\u00fcllt sich der Schwarzwald in eine Schneedecke, die die gesamte Region in ein wahres M\u00e4rchenland verwandelt.<\/p>\n<p>Dazu geh\u00f6ren festliche Weihnachtsm\u00e4rkte, dampfende Gl\u00fchweinbecher und herrliche Spazierg\u00e4nge durch schneebedeckte D\u00f6rfer.<\/p>\n<p>Im Hochblauen Hotel verspricht der Winter ruhige Vormittage, traumhaft sch\u00f6ne Panorama Aussichten und friedliche Stunden am Kamin. Eben die Essenz dessen, was einen <strong>Urlaub im Schwarzwald im Winter<\/strong> ausmacht.<\/p>\n","protected":false},"excerpt":{"rendered":"<p>Im Winter h\u00fcllt sich der Schwarzwald in eine Schneedecke, die die gesamte Region in ein wahres M\u00e4rchenland verwandelt. Dazu geh\u00f6ren festliche Weihnachtsm\u00e4rkte, dampfende Gl\u00fchweinbecher und herrliche Spazierg\u00e4nge durch schneebedeckte D\u00f6rfer. Im Hochblauen Hotel verspricht der Winter ruhige Vormittage, traumhaft sch\u00f6ne Panorama Aussichten und friedliche Stunden am Kamin. Eben die Essenz dessen, was einen Urlaub im [&hellip;]<\/p>\n","protected":false},"author":12,"featured_media":0,"parent":425,"menu_order":202,"comment_status":"closed","ping_status":"closed","template":"template-surroundings.php","meta":{"footnotes":""},"categories":[],"yoast_head":"<!-- This site is optimized with the Yoast SEO plugin v22.3 - https:\/\/yoast.com\/wordpress\/plugins\/seo\/ -->\n<title>Urlaub im Schwarzwald im Winter | Hochblauen Hotel &amp; Spa<\/title>\n<meta name=\"description\" content=\"Ihr Urlaub im Schwarzwald im Winter wird unvergesslich: Winterwanderungen durch die W\u00e4lder des Hochblauen, Skiausfl\u00fcge zum Feldberg und Weihnachtsm\u00e4rkte.\" \/>\n<meta name=\"robots\" content=\"index, follow, max-snippet:-1, max-image-preview:large, max-video-preview:-1\" \/>\n<link rel=\"canonical\" href=\"https:\/\/www.hochblauenhotel.com\/de\/aktivitaeten-im-schwarzwald\/aktivitaten-im-winter\/\" \/>\n<meta property=\"og:locale\" content=\"de_DE\" \/>\n<meta property=\"og:type\" content=\"article\" \/>\n<meta property=\"og:title\" content=\"Urlaub im Schwarzwald im Winter | Hochblauen Hotel &amp; Spa\" \/>\n<meta property=\"og:description\" content=\"Ihr Urlaub im Schwarzwald im Winter wird unvergesslich: Winterwanderungen durch die W\u00e4lder des Hochblauen, Skiausfl\u00fcge zum Feldberg und Weihnachtsm\u00e4rkte.\" \/>\n<meta property=\"og:url\" content=\"https:\/\/www.hochblauenhotel.com\/de\/aktivitaeten-im-schwarzwald\/aktivitaten-im-winter\/\" \/>\n<meta property=\"og:site_name\" content=\"Hochblauen Hotel\" \/>\n<meta property=\"article:modified_time\" content=\"2025-09-24T10:07:51+00:00\" \/>\n<meta property=\"og:image\" content=\"https:\/\/www.hochblauenhotel.com\/wp-content\/uploads\/sites\/249\/2025\/07\/E-Dron-shot4.jpg\" \/>\n\t<meta property=\"og:image:width\" content=\"2132\" \/>\n\t<meta property=\"og:image:height\" content=\"1200\" \/>\n\t<meta property=\"og:image:type\" content=\"image\/jpeg\" \/>\n<meta name=\"twitter:card\" content=\"summary_large_image\" \/>\n<meta name=\"twitter:label1\" content=\"Gesch\u00e4tzte Lesezeit\" \/>\n\t<meta name=\"twitter:data1\" content=\"1 Minute\" \/>\n<script type=\"application\/ld+json\" class=\"yoast-schema-graph\">{\"@context\":\"https:\/\/schema.org\",\"@graph\":[{\"@type\":\"WebPage\",\"@id\":\"https:\/\/www.hochblauenhotel.com\/de\/aktivitaeten-im-schwarzwald\/aktivitaten-im-winter\/\",\"url\":\"https:\/\/www.hochblauenhotel.com\/de\/aktivitaeten-im-schwarzwald\/aktivitaten-im-winter\/\",\"name\":\"Urlaub im Schwarzwald im Winter | Hochblauen Hotel & Spa\",\"isPartOf\":{\"@id\":\"https:\/\/www.hochblauenhotel.com\/de\/#website\"},\"datePublished\":\"2025-08-05T15:48:37+00:00\",\"dateModified\":\"2025-09-24T10:07:51+00:00\",\"description\":\"Ihr Urlaub im Schwarzwald im Winter wird unvergesslich: Winterwanderungen durch die W\u00e4lder des Hochblauen, Skiausfl\u00fcge zum Feldberg und Weihnachtsm\u00e4rkte.\",\"breadcrumb\":{\"@id\":\"https:\/\/www.hochblauenhotel.com\/de\/aktivitaeten-im-schwarzwald\/aktivitaten-im-winter\/#breadcrumb\"},\"inLanguage\":\"de-DE\",\"potentialAction\":[{\"@type\":\"ReadAction\",\"target\":[\"https:\/\/www.hochblauenhotel.com\/de\/aktivitaeten-im-schwarzwald\/aktivitaten-im-winter\/\"]}]},{\"@type\":\"BreadcrumbList\",\"@id\":\"https:\/\/www.hochblauenhotel.com\/de\/aktivitaeten-im-schwarzwald\/aktivitaten-im-winter\/#breadcrumb\",\"itemListElement\":[{\"@type\":\"ListItem\",\"position\":1,\"name\":\"Home\",\"item\":\"https:\/\/www.hochblauenhotel.com\/de\/\"},{\"@type\":\"ListItem\",\"position\":2,\"name\":\"Aktivit\u00e4ten im Winter\"}]},{\"@type\":\"WebSite\",\"@id\":\"https:\/\/www.hochblauenhotel.com\/de\/#website\",\"url\":\"https:\/\/www.hochblauenhotel.com\/de\/\",\"name\":\"Hochblauen Hotel\",\"description\":\"Hochblauen Hotel is a sanctuary of wellness and relaxation where nature, adventure and connection meet.\",\"publisher\":{\"@id\":\"https:\/\/www.hochblauenhotel.com\/de\/#organization\"},\"alternateName\":\"Hochblauen Hotel\",\"potentialAction\":[{\"@type\":\"SearchAction\",\"target\":{\"@type\":\"EntryPoint\",\"urlTemplate\":\"https:\/\/www.hochblauenhotel.com\/de\/?s={search_term_string}\"},\"query-input\":\"required name=search_term_string\"}],\"inLanguage\":\"de-DE\"},{\"@type\":\"Organization\",\"@id\":\"https:\/\/www.hochblauenhotel.com\/de\/#organization\",\"name\":\"Hochblauen Hotel\",\"alternateName\":\"Hochblauen Hotel\",\"url\":\"https:\/\/www.hochblauenhotel.com\/de\/\",\"logo\":{\"@type\":\"ImageObject\",\"inLanguage\":\"de-DE\",\"@id\":\"https:\/\/www.hochblauenhotel.com\/de\/#\/schema\/logo\/image\/\",\"url\":\"https:\/\/www.hochblauenhotel.com\/wp-content\/uploads\/sites\/249\/2025\/05\/ERKEK.png\",\"contentUrl\":\"https:\/\/www.hochblauenhotel.com\/wp-content\/uploads\/sites\/249\/2025\/05\/ERKEK.png\",\"width\":500,\"height\":186,\"caption\":\"Hochblauen Hotel\"},\"image\":{\"@id\":\"https:\/\/www.hochblauenhotel.com\/de\/#\/schema\/logo\/image\/\"}}]}<\/script>\n<!-- \/ Yoast SEO plugin. -->","yoast_head_json":{"title":"Urlaub im Schwarzwald im Winter | Hochblauen Hotel & Spa","description":"Ihr Urlaub im Schwarzwald im Winter wird unvergesslich: Winterwanderungen durch die W\u00e4lder des Hochblauen, Skiausfl\u00fcge zum Feldberg und Weihnachtsm\u00e4rkte.","robots":{"index":"index","follow":"follow","max-snippet":"max-snippet:-1","max-image-preview":"max-image-preview:large","max-video-preview":"max-video-preview:-1"},"canonical":"https:\/\/www.hochblauenhotel.com\/de\/aktivitaeten-im-schwarzwald\/aktivitaten-im-winter\/","og_locale":"de_DE","og_type":"article","og_title":"Urlaub im Schwarzwald im Winter | Hochblauen Hotel & Spa","og_description":"Ihr Urlaub im Schwarzwald im Winter wird unvergesslich: Winterwanderungen durch die W\u00e4lder des Hochblauen, Skiausfl\u00fcge zum Feldberg und Weihnachtsm\u00e4rkte.","og_url":"https:\/\/www.hochblauenhotel.com\/de\/aktivitaeten-im-schwarzwald\/aktivitaten-im-winter\/","og_site_name":"Hochblauen Hotel","article_modified_time":"2025-09-24T10:07:51+00:00","og_image":[{"width":2132,"height":1200,"url":"https:\/\/www.hochblauenhotel.com\/wp-content\/uploads\/sites\/249\/2025\/07\/E-Dron-shot4.jpg","type":"image\/jpeg"}],"twitter_card":"summary_large_image","twitter_misc":{"Gesch\u00e4tzte Lesezeit":"1 Minute"},"schema":{"@context":"https:\/\/schema.org","@graph":[{"@type":"WebPage","@id":"https:\/\/www.hochblauenhotel.com\/de\/aktivitaeten-im-schwarzwald\/aktivitaten-im-winter\/","url":"https:\/\/www.hochblauenhotel.com\/de\/aktivitaeten-im-schwarzwald\/aktivitaten-im-winter\/","name":"Urlaub im Schwarzwald im Winter | Hochblauen Hotel & Spa","isPartOf":{"@id":"https:\/\/www.hochblauenhotel.com\/de\/#website"},"datePublished":"2025-08-05T15:48:37+00:00","dateModified":"2025-09-24T10:07:51+00:00","description":"Ihr Urlaub im Schwarzwald im Winter wird unvergesslich: Winterwanderungen durch die W\u00e4lder des Hochblauen, Skiausfl\u00fcge zum Feldberg und Weihnachtsm\u00e4rkte.","breadcrumb":{"@id":"https:\/\/www.hochblauenhotel.com\/de\/aktivitaeten-im-schwarzwald\/aktivitaten-im-winter\/#breadcrumb"},"inLanguage":"de-DE","potentialAction":[{"@type":"ReadAction","target":["https:\/\/www.hochblauenhotel.com\/de\/aktivitaeten-im-schwarzwald\/aktivitaten-im-winter\/"]}]},{"@type":"BreadcrumbList","@id":"https:\/\/www.hochblauenhotel.com\/de\/aktivitaeten-im-schwarzwald\/aktivitaten-im-winter\/#breadcrumb","itemListElement":[{"@type":"ListItem","position":1,"name":"Home","item":"https:\/\/www.hochblauenhotel.com\/de\/"},{"@type":"ListItem","position":2,"name":"Aktivit\u00e4ten im Winter"}]},{"@type":"WebSite","@id":"https:\/\/www.hochblauenhotel.com\/de\/#website","url":"https:\/\/www.hochblauenhotel.com\/de\/","name":"Hochblauen Hotel","description":"Hochblauen Hotel is a sanctuary of wellness and relaxation where nature, adventure and connection meet.","publisher":{"@id":"https:\/\/www.hochblauenhotel.com\/de\/#organization"},"alternateName":"Hochblauen Hotel","potentialAction":[{"@type":"SearchAction","target":{"@type":"EntryPoint","urlTemplate":"https:\/\/www.hochblauenhotel.com\/de\/?s={search_term_string}"},"query-input":"required name=search_term_string"}],"inLanguage":"de-DE"},{"@type":"Organization","@id":"https:\/\/www.hochblauenhotel.com\/de\/#organization","name":"Hochblauen Hotel","alternateName":"Hochblauen Hotel","url":"https:\/\/www.hochblauenhotel.com\/de\/","logo":{"@type":"ImageObject","inLanguage":"de-DE","@id":"https:\/\/www.hochblauenhotel.com\/de\/#\/schema\/logo\/image\/","url":"https:\/\/www.hochblauenhotel.com\/wp-content\/uploads\/sites\/249\/2025\/05\/ERKEK.png","contentUrl":"https:\/\/www.hochblauenhotel.com\/wp-content\/uploads\/sites\/249\/2025\/05\/ERKEK.png","width":500,"height":186,"caption":"Hochblauen Hotel"},"image":{"@id":"https:\/\/www.hochblauenhotel.com\/de\/#\/schema\/logo\/image\/"}}]}},"acf":[],"_links":{"self":[{"href":"https:\/\/www.hochblauenhotel.com\/de\/wp-json\/wp\/v2\/pages\/415"}],"collection":[{"href":"https:\/\/www.hochblauenhotel.com\/de\/wp-json\/wp\/v2\/pages"}],"about":[{"href":"https:\/\/www.hochblauenhotel.com\/de\/wp-json\/wp\/v2\/types\/page"}],"author":[{"embeddable":true,"href":"https:\/\/www.hochblauenhotel.com\/de\/wp-json\/wp\/v2\/users\/12"}],"replies":[{"embeddable":true,"href":"https:\/\/www.hochblauenhotel.com\/de\/wp-json\/wp\/v2\/comments?post=415"}],"version-history":[{"count":0,"href":"https:\/\/www.hochblauenhotel.com\/de\/wp-json\/wp\/v2\/pages\/415\/revisions"}],"up":[{"embeddable":true,"href":"https:\/\/www.hochblauenhotel.com\/de\/wp-json\/wp\/v2\/pages\/425"}],"wp:attachment":[{"href":"https:\/\/www.hochblauenhotel.com\/de\/wp-json\/wp\/v2\/media?parent=415"}],"wp:term":[{"taxonomy":"category","embeddable":true,"href":"https:\/\/www.hochblauenhotel.com\/de\/wp-json\/wp\/v2\/categories?post=415"}],"curies":[{"name":"wp","href":"https:\/\/api.w.org\/{rel}","templated":true}]}}