{"id":414,"date":"2025-08-07T12:07:45","date_gmt":"2025-08-07T12:07:45","guid":{"rendered":"https:\/\/www.hochblauenhotel.com\/?page_id=414"},"modified":"2025-10-07T09:31:07","modified_gmt":"2025-10-07T09:31:07","slug":"weihnachtsmarkt","status":"publish","type":"page","link":"https:\/\/www.hochblauenhotel.com\/de\/aktivitaeten-im-schwarzwald\/aktivitaten-im-winter\/weihnachtsmarkt\/","title":{"rendered":"Weihnachtsmarkt"},"content":{"rendered":"<p>Erleben Sie den Charme, der der wohl sch\u00f6nsten Zeit des Jahres innewohnt, wenn Sie einen deutschen Weihnachtsmarkt besuchen und sich dort einen Gl\u00fchwein und eine traditionelle Bratwurst g\u00f6nnen.<\/p>\n<p>Deutschland ist ganz einfach der beste Ort, um die Adventszeit zu verbringen und ein <strong>Weihnachtsmarkt am Feldberg im Schwarzwald<\/strong> wartet mit einem ganz eigenen Zauber auf.<\/p>\n","protected":false},"excerpt":{"rendered":"<p>Erleben Sie den Charme, der der wohl sch\u00f6nsten Zeit des Jahres innewohnt, wenn Sie einen deutschen Weihnachtsmarkt besuchen und sich dort einen Gl\u00fchwein und eine traditionelle Bratwurst g\u00f6nnen. Deutschland ist ganz einfach der beste Ort, um die Adventszeit zu verbringen und ein Weihnachtsmarkt am Feldberg im Schwarzwald wartet mit einem ganz eigenen Zauber auf.<\/p>\n","protected":false},"author":12,"featured_media":0,"parent":415,"menu_order":0,"comment_status":"closed","ping_status":"closed","template":"template-single-service.php","meta":{"footnotes":""},"categories":[],"yoast_head":"<!-- This site is optimized with the Yoast SEO plugin v22.3 - https:\/\/yoast.com\/wordpress\/plugins\/seo\/ -->\n<title>Weihnachten Wellnesshotel Schwarzwald\u200b | Hochblauen Hotel &amp; Spa<\/title>\n<meta name=\"description\" content=\"Weihnachten in einem Wellnesshotel im Schwarzwald: Erkunden Sie von Hochblauen aus die Weihnachtsm\u00e4rkte im Schwarzwald, ein Winterwunderland mit Schnee.\" \/>\n<meta name=\"robots\" content=\"index, follow, max-snippet:-1, max-image-preview:large, max-video-preview:-1\" \/>\n<link rel=\"canonical\" href=\"https:\/\/www.hochblauenhotel.com\/de\/aktivitaeten-im-schwarzwald\/aktivitaten-im-winter\/weihnachtsmarkt\/\" \/>\n<meta property=\"og:locale\" content=\"de_DE\" \/>\n<meta property=\"og:type\" content=\"article\" \/>\n<meta property=\"og:title\" content=\"Weihnachten Wellnesshotel Schwarzwald\u200b | Hochblauen Hotel &amp; Spa\" \/>\n<meta property=\"og:description\" content=\"Weihnachten in einem Wellnesshotel im Schwarzwald: Erkunden Sie von Hochblauen aus die Weihnachtsm\u00e4rkte im Schwarzwald, ein Winterwunderland mit Schnee.\" \/>\n<meta property=\"og:url\" content=\"https:\/\/www.hochblauenhotel.com\/de\/aktivitaeten-im-schwarzwald\/aktivitaten-im-winter\/weihnachtsmarkt\/\" \/>\n<meta property=\"og:site_name\" content=\"Hochblauen Hotel\" \/>\n<meta property=\"article:modified_time\" content=\"2025-10-07T09:31:07+00:00\" \/>\n<meta property=\"og:image\" content=\"https:\/\/www.hochblauenhotel.com\/wp-content\/uploads\/sites\/249\/2025\/07\/E-Dron-shot4.jpg\" \/>\n\t<meta property=\"og:image:width\" content=\"2132\" \/>\n\t<meta property=\"og:image:height\" content=\"1200\" \/>\n\t<meta property=\"og:image:type\" content=\"image\/jpeg\" \/>\n<meta name=\"twitter:card\" content=\"summary_large_image\" \/>\n<meta name=\"twitter:label1\" content=\"Gesch\u00e4tzte Lesezeit\" \/>\n\t<meta name=\"twitter:data1\" content=\"1 Minute\" \/>\n<script type=\"application\/ld+json\" class=\"yoast-schema-graph\">{\"@context\":\"https:\/\/schema.org\",\"@graph\":[{\"@type\":\"WebPage\",\"@id\":\"https:\/\/www.hochblauenhotel.com\/de\/aktivitaeten-im-schwarzwald\/aktivitaten-im-winter\/weihnachtsmarkt\/\",\"url\":\"https:\/\/www.hochblauenhotel.com\/de\/aktivitaeten-im-schwarzwald\/aktivitaten-im-winter\/weihnachtsmarkt\/\",\"name\":\"Weihnachten Wellnesshotel Schwarzwald\u200b | Hochblauen Hotel & Spa\",\"isPartOf\":{\"@id\":\"https:\/\/www.hochblauenhotel.com\/de\/#website\"},\"datePublished\":\"2025-08-07T12:07:45+00:00\",\"dateModified\":\"2025-10-07T09:31:07+00:00\",\"description\":\"Weihnachten in einem Wellnesshotel im Schwarzwald: Erkunden Sie von Hochblauen aus die Weihnachtsm\u00e4rkte im Schwarzwald, ein Winterwunderland mit Schnee.\",\"breadcrumb\":{\"@id\":\"https:\/\/www.hochblauenhotel.com\/de\/aktivitaeten-im-schwarzwald\/aktivitaten-im-winter\/weihnachtsmarkt\/#breadcrumb\"},\"inLanguage\":\"de-DE\",\"potentialAction\":[{\"@type\":\"ReadAction\",\"target\":[\"https:\/\/www.hochblauenhotel.com\/de\/aktivitaeten-im-schwarzwald\/aktivitaten-im-winter\/weihnachtsmarkt\/\"]}]},{\"@type\":\"BreadcrumbList\",\"@id\":\"https:\/\/www.hochblauenhotel.com\/de\/aktivitaeten-im-schwarzwald\/aktivitaten-im-winter\/weihnachtsmarkt\/#breadcrumb\",\"itemListElement\":[{\"@type\":\"ListItem\",\"position\":1,\"name\":\"Home\",\"item\":\"https:\/\/www.hochblauenhotel.com\/de\/\"},{\"@type\":\"ListItem\",\"position\":2,\"name\":\"Aktivit\u00e4ten im Schwarzwald\",\"item\":\"https:\/\/www.hochblauenhotel.com\/de\/aktivitaeten-im-schwarzwald\/\"},{\"@type\":\"ListItem\",\"position\":3,\"name\":\"Aktivit\u00e4ten im Winter\",\"item\":\"https:\/\/www.hochblauenhotel.com\/de\/aktivitaten-im-winter\/\"},{\"@type\":\"ListItem\",\"position\":4,\"name\":\"Weihnachtsmarkt\"}]},{\"@type\":\"WebSite\",\"@id\":\"https:\/\/www.hochblauenhotel.com\/de\/#website\",\"url\":\"https:\/\/www.hochblauenhotel.com\/de\/\",\"name\":\"Hochblauen Hotel\",\"description\":\"Hochblauen Hotel is a sanctuary of wellness and relaxation where nature, adventure and connection meet.\",\"publisher\":{\"@id\":\"https:\/\/www.hochblauenhotel.com\/de\/#organization\"},\"alternateName\":\"Hochblauen Hotel\",\"potentialAction\":[{\"@type\":\"SearchAction\",\"target\":{\"@type\":\"EntryPoint\",\"urlTemplate\":\"https:\/\/www.hochblauenhotel.com\/de\/?s={search_term_string}\"},\"query-input\":\"required name=search_term_string\"}],\"inLanguage\":\"de-DE\"},{\"@type\":\"Organization\",\"@id\":\"https:\/\/www.hochblauenhotel.com\/de\/#organization\",\"name\":\"Hochblauen Hotel\",\"alternateName\":\"Hochblauen Hotel\",\"url\":\"https:\/\/www.hochblauenhotel.com\/de\/\",\"logo\":{\"@type\":\"ImageObject\",\"inLanguage\":\"de-DE\",\"@id\":\"https:\/\/www.hochblauenhotel.com\/de\/#\/schema\/logo\/image\/\",\"url\":\"https:\/\/www.hochblauenhotel.com\/wp-content\/uploads\/sites\/249\/2025\/05\/ERKEK.png\",\"contentUrl\":\"https:\/\/www.hochblauenhotel.com\/wp-content\/uploads\/sites\/249\/2025\/05\/ERKEK.png\",\"width\":500,\"height\":186,\"caption\":\"Hochblauen Hotel\"},\"image\":{\"@id\":\"https:\/\/www.hochblauenhotel.com\/de\/#\/schema\/logo\/image\/\"}}]}<\/script>\n<!-- \/ Yoast SEO plugin. -->","yoast_head_json":{"title":"Weihnachten Wellnesshotel Schwarzwald\u200b | Hochblauen Hotel & Spa","description":"Weihnachten in einem Wellnesshotel im Schwarzwald: Erkunden Sie von Hochblauen aus die Weihnachtsm\u00e4rkte im Schwarzwald, ein Winterwunderland mit Schnee.","robots":{"index":"index","follow":"follow","max-snippet":"max-snippet:-1","max-image-preview":"max-image-preview:large","max-video-preview":"max-video-preview:-1"},"canonical":"https:\/\/www.hochblauenhotel.com\/de\/aktivitaeten-im-schwarzwald\/aktivitaten-im-winter\/weihnachtsmarkt\/","og_locale":"de_DE","og_type":"article","og_title":"Weihnachten Wellnesshotel Schwarzwald\u200b | Hochblauen Hotel & Spa","og_description":"Weihnachten in einem Wellnesshotel im Schwarzwald: Erkunden Sie von Hochblauen aus die Weihnachtsm\u00e4rkte im Schwarzwald, ein Winterwunderland mit Schnee.","og_url":"https:\/\/www.hochblauenhotel.com\/de\/aktivitaeten-im-schwarzwald\/aktivitaten-im-winter\/weihnachtsmarkt\/","og_site_name":"Hochblauen Hotel","article_modified_time":"2025-10-07T09:31:07+00:00","og_image":[{"width":2132,"height":1200,"url":"https:\/\/www.hochblauenhotel.com\/wp-content\/uploads\/sites\/249\/2025\/07\/E-Dron-shot4.jpg","type":"image\/jpeg"}],"twitter_card":"summary_large_image","twitter_misc":{"Gesch\u00e4tzte Lesezeit":"1 Minute"},"schema":{"@context":"https:\/\/schema.org","@graph":[{"@type":"WebPage","@id":"https:\/\/www.hochblauenhotel.com\/de\/aktivitaeten-im-schwarzwald\/aktivitaten-im-winter\/weihnachtsmarkt\/","url":"https:\/\/www.hochblauenhotel.com\/de\/aktivitaeten-im-schwarzwald\/aktivitaten-im-winter\/weihnachtsmarkt\/","name":"Weihnachten Wellnesshotel Schwarzwald\u200b | Hochblauen Hotel & Spa","isPartOf":{"@id":"https:\/\/www.hochblauenhotel.com\/de\/#website"},"datePublished":"2025-08-07T12:07:45+00:00","dateModified":"2025-10-07T09:31:07+00:00","description":"Weihnachten in einem Wellnesshotel im Schwarzwald: Erkunden Sie von Hochblauen aus die Weihnachtsm\u00e4rkte im Schwarzwald, ein Winterwunderland mit Schnee.","breadcrumb":{"@id":"https:\/\/www.hochblauenhotel.com\/de\/aktivitaeten-im-schwarzwald\/aktivitaten-im-winter\/weihnachtsmarkt\/#breadcrumb"},"inLanguage":"de-DE","potentialAction":[{"@type":"ReadAction","target":["https:\/\/www.hochblauenhotel.com\/de\/aktivitaeten-im-schwarzwald\/aktivitaten-im-winter\/weihnachtsmarkt\/"]}]},{"@type":"BreadcrumbList","@id":"https:\/\/www.hochblauenhotel.com\/de\/aktivitaeten-im-schwarzwald\/aktivitaten-im-winter\/weihnachtsmarkt\/#breadcrumb","itemListElement":[{"@type":"ListItem","position":1,"name":"Home","item":"https:\/\/www.hochblauenhotel.com\/de\/"},{"@type":"ListItem","position":2,"name":"Aktivit\u00e4ten im Schwarzwald","item":"https:\/\/www.hochblauenhotel.com\/de\/aktivitaeten-im-schwarzwald\/"},{"@type":"ListItem","position":3,"name":"Aktivit\u00e4ten im Winter","item":"https:\/\/www.hochblauenhotel.com\/de\/aktivitaten-im-winter\/"},{"@type":"ListItem","position":4,"name":"Weihnachtsmarkt"}]},{"@type":"WebSite","@id":"https:\/\/www.hochblauenhotel.com\/de\/#website","url":"https:\/\/www.hochblauenhotel.com\/de\/","name":"Hochblauen Hotel","description":"Hochblauen Hotel is a sanctuary of wellness and relaxation where nature, adventure and connection meet.","publisher":{"@id":"https:\/\/www.hochblauenhotel.com\/de\/#organization"},"alternateName":"Hochblauen Hotel","potentialAction":[{"@type":"SearchAction","target":{"@type":"EntryPoint","urlTemplate":"https:\/\/www.hochblauenhotel.com\/de\/?s={search_term_string}"},"query-input":"required name=search_term_string"}],"inLanguage":"de-DE"},{"@type":"Organization","@id":"https:\/\/www.hochblauenhotel.com\/de\/#organization","name":"Hochblauen Hotel","alternateName":"Hochblauen Hotel","url":"https:\/\/www.hochblauenhotel.com\/de\/","logo":{"@type":"ImageObject","inLanguage":"de-DE","@id":"https:\/\/www.hochblauenhotel.com\/de\/#\/schema\/logo\/image\/","url":"https:\/\/www.hochblauenhotel.com\/wp-content\/uploads\/sites\/249\/2025\/05\/ERKEK.png","contentUrl":"https:\/\/www.hochblauenhotel.com\/wp-content\/uploads\/sites\/249\/2025\/05\/ERKEK.png","width":500,"height":186,"caption":"Hochblauen Hotel"},"image":{"@id":"https:\/\/www.hochblauenhotel.com\/de\/#\/schema\/logo\/image\/"}}]}},"acf":[],"_links":{"self":[{"href":"https:\/\/www.hochblauenhotel.com\/de\/wp-json\/wp\/v2\/pages\/414"}],"collection":[{"href":"https:\/\/www.hochblauenhotel.com\/de\/wp-json\/wp\/v2\/pages"}],"about":[{"href":"https:\/\/www.hochblauenhotel.com\/de\/wp-json\/wp\/v2\/types\/page"}],"author":[{"embeddable":true,"href":"https:\/\/www.hochblauenhotel.com\/de\/wp-json\/wp\/v2\/users\/12"}],"replies":[{"embeddable":true,"href":"https:\/\/www.hochblauenhotel.com\/de\/wp-json\/wp\/v2\/comments?post=414"}],"version-history":[{"count":0,"href":"https:\/\/www.hochblauenhotel.com\/de\/wp-json\/wp\/v2\/pages\/414\/revisions"}],"up":[{"embeddable":true,"href":"https:\/\/www.hochblauenhotel.com\/de\/wp-json\/wp\/v2\/pages\/415"}],"wp:attachment":[{"href":"https:\/\/www.hochblauenhotel.com\/de\/wp-json\/wp\/v2\/media?parent=414"}],"wp:term":[{"taxonomy":"category","embeddable":true,"href":"https:\/\/www.hochblauenhotel.com\/de\/wp-json\/wp\/v2\/categories?post=414"}],"curies":[{"name":"wp","href":"https:\/\/api.w.org\/{rel}","templated":true}]}}