{"id":413,"date":"2025-08-07T11:26:06","date_gmt":"2025-08-07T11:26:06","guid":{"rendered":"https:\/\/www.hochblauenhotel.com\/?page_id=413"},"modified":"2025-10-07T09:24:36","modified_gmt":"2025-10-07T09:24:36","slug":"skifahren","status":"publish","type":"page","link":"https:\/\/www.hochblauenhotel.com\/de\/aktivitaeten-im-schwarzwald\/aktivitaten-im-winter\/skifahren\/","title":{"rendered":"Skifahren"},"content":{"rendered":"<p>Der Feldberg erhebt sich 1.493 Meter in die H\u00f6he und ist damit der h\u00f6chste Gipfel der Region. So \u00fcberrascht es sicher auch nicht, dass er dadurch zu einem der beliebtesten Skigebiete im Schwarzwald geh\u00f6rt. Wer ein <strong>Hotel in der N\u00e4he des Skigebiets Feldberg<\/strong> sucht, findet hier ideale Voraussetzungen f\u00fcr einen aktiven Winterurlaub. Hier erwarten Sie \u00fcber 50 km Skipisten f\u00fcr Anf\u00e4nger und Fortgeschrittene.<\/p>\n<p><em><strong>Und das Beste daran? <\/strong><\/em>Sie k\u00f6nnen Ihren Skipass online buchen und jeden Lift mit einem einzigen Pass benutzen.<\/p>\n<p>Egal, ob Sie ein Anf\u00e4nger sind, der breite, \u00fcberschaubare Pisten sucht, oder ein erfahrener Skifahrer, der auf der Suche nach Geschwindigkeit und H\u00f6henmetern ist: Die Skibedingungen am Feldberg bieten f\u00fcr jedes Niveau etwas.<\/p>\n","protected":false},"excerpt":{"rendered":"<p>Der Feldberg erhebt sich 1.493 Meter in die H\u00f6he und ist damit der h\u00f6chste Gipfel der Region. So \u00fcberrascht es sicher auch nicht, dass er dadurch zu einem der beliebtesten Skigebiete im Schwarzwald geh\u00f6rt. Wer ein Hotel in der N\u00e4he des Skigebiets Feldberg sucht, findet hier ideale Voraussetzungen f\u00fcr einen aktiven Winterurlaub. Hier erwarten Sie [&hellip;]<\/p>\n","protected":false},"author":12,"featured_media":0,"parent":415,"menu_order":0,"comment_status":"closed","ping_status":"closed","template":"template-single-service.php","meta":{"footnotes":""},"categories":[],"class_list":["post-413","page","type-page","status-publish","hentry"],"yoast_head":"<!-- This site is optimized with the Yoast SEO plugin v27.3 - https:\/\/yoast.com\/product\/yoast-seo-wordpress\/ -->\n<title>Hotel in der N\u00e4he von Feldberg\u200b | Hochblauen Hotel &amp; Spa<\/title>\n<meta name=\"description\" content=\"Nach Abfahrtstouren im Feldberger Skigebiet k\u00f6nnen Sie sich in unseren Hotels in der N\u00e4he von Feldberg im Whirlpool, in Saunen oder im Infinity Pool aufheizen.\" \/>\n<meta name=\"robots\" content=\"index, follow, max-snippet:-1, max-image-preview:large, max-video-preview:-1\" \/>\n<link rel=\"canonical\" href=\"https:\/\/www.hochblauenhotel.com\/de\/aktivitaeten-im-schwarzwald\/aktivitaten-im-winter\/skifahren\/\" \/>\n<meta property=\"og:locale\" content=\"de_DE\" \/>\n<meta property=\"og:type\" content=\"article\" \/>\n<meta property=\"og:title\" content=\"Hotel in der N\u00e4he von Feldberg\u200b | Hochblauen Hotel &amp; Spa\" \/>\n<meta property=\"og:description\" content=\"Nach Abfahrtstouren im Feldberger Skigebiet k\u00f6nnen Sie sich in unseren Hotels in der N\u00e4he von Feldberg im Whirlpool, in Saunen oder im Infinity Pool aufheizen.\" \/>\n<meta property=\"og:url\" content=\"https:\/\/www.hochblauenhotel.com\/de\/aktivitaeten-im-schwarzwald\/aktivitaten-im-winter\/skifahren\/\" \/>\n<meta property=\"og:site_name\" content=\"Hochblauen Hotel\" \/>\n<meta property=\"article:modified_time\" content=\"2025-10-07T09:24:36+00:00\" \/>\n<meta property=\"og:image\" content=\"https:\/\/www.hochblauenhotel.com\/wp-content\/uploads\/sites\/249\/2025\/07\/E-Dron-shot4.jpg\" \/>\n\t<meta property=\"og:image:width\" content=\"2132\" \/>\n\t<meta property=\"og:image:height\" content=\"1200\" \/>\n\t<meta property=\"og:image:type\" content=\"image\/jpeg\" \/>\n<meta name=\"twitter:card\" content=\"summary_large_image\" \/>\n<meta name=\"twitter:label1\" content=\"Gesch\u00e4tzte Lesezeit\" \/>\n\t<meta name=\"twitter:data1\" content=\"1 Minute\" \/>\n<script type=\"application\/ld+json\" class=\"yoast-schema-graph\">{\"@context\":\"https:\\\/\\\/schema.org\",\"@graph\":[{\"@type\":\"WebPage\",\"@id\":\"https:\\\/\\\/www.hochblauenhotel.com\\\/de\\\/aktivitaeten-im-schwarzwald\\\/aktivitaten-im-winter\\\/skifahren\\\/\",\"url\":\"https:\\\/\\\/www.hochblauenhotel.com\\\/de\\\/aktivitaeten-im-schwarzwald\\\/aktivitaten-im-winter\\\/skifahren\\\/\",\"name\":\"Hotel in der N\u00e4he von Feldberg\u200b | Hochblauen Hotel & Spa\",\"isPartOf\":{\"@id\":\"https:\\\/\\\/www.hochblauenhotel.com\\\/de\\\/#website\"},\"datePublished\":\"2025-08-07T11:26:06+00:00\",\"dateModified\":\"2025-10-07T09:24:36+00:00\",\"description\":\"Nach Abfahrtstouren im Feldberger Skigebiet k\u00f6nnen Sie sich in unseren Hotels in der N\u00e4he von Feldberg im Whirlpool, in Saunen oder im Infinity Pool aufheizen.\",\"breadcrumb\":{\"@id\":\"https:\\\/\\\/www.hochblauenhotel.com\\\/de\\\/aktivitaeten-im-schwarzwald\\\/aktivitaten-im-winter\\\/skifahren\\\/#breadcrumb\"},\"inLanguage\":\"de-DE\",\"potentialAction\":[{\"@type\":\"ReadAction\",\"target\":[\"https:\\\/\\\/www.hochblauenhotel.com\\\/de\\\/aktivitaeten-im-schwarzwald\\\/aktivitaten-im-winter\\\/skifahren\\\/\"]}]},{\"@type\":\"BreadcrumbList\",\"@id\":\"https:\\\/\\\/www.hochblauenhotel.com\\\/de\\\/aktivitaeten-im-schwarzwald\\\/aktivitaten-im-winter\\\/skifahren\\\/#breadcrumb\",\"itemListElement\":[{\"@type\":\"ListItem\",\"position\":1,\"name\":\"Home\",\"item\":\"https:\\\/\\\/www.hochblauenhotel.com\\\/de\\\/\"},{\"@type\":\"ListItem\",\"position\":2,\"name\":\"Aktivit\u00e4ten im Schwarzwald\",\"item\":\"https:\\\/\\\/www.hochblauenhotel.com\\\/de\\\/aktivitaeten-im-schwarzwald\\\/\"},{\"@type\":\"ListItem\",\"position\":3,\"name\":\"Aktivit\u00e4ten im Winter\",\"item\":\"https:\\\/\\\/www.hochblauenhotel.com\\\/de\\\/aktivitaten-im-winter\\\/\"},{\"@type\":\"ListItem\",\"position\":4,\"name\":\"Skifahren\"}]},{\"@type\":\"WebSite\",\"@id\":\"https:\\\/\\\/www.hochblauenhotel.com\\\/de\\\/#website\",\"url\":\"https:\\\/\\\/www.hochblauenhotel.com\\\/de\\\/\",\"name\":\"Hochblauen Hotel\",\"description\":\"Hochblauen Hotel is a sanctuary of wellness and relaxation where nature, adventure and connection meet.\",\"publisher\":{\"@id\":\"https:\\\/\\\/www.hochblauenhotel.com\\\/de\\\/#organization\"},\"alternateName\":\"Hochblauen Hotel\",\"potentialAction\":[{\"@type\":\"SearchAction\",\"target\":{\"@type\":\"EntryPoint\",\"urlTemplate\":\"https:\\\/\\\/www.hochblauenhotel.com\\\/de\\\/?s={search_term_string}\"},\"query-input\":{\"@type\":\"PropertyValueSpecification\",\"valueRequired\":true,\"valueName\":\"search_term_string\"}}],\"inLanguage\":\"de-DE\"},{\"@type\":\"Organization\",\"@id\":\"https:\\\/\\\/www.hochblauenhotel.com\\\/de\\\/#organization\",\"name\":\"Hochblauen Hotel\",\"alternateName\":\"Hochblauen Hotel\",\"url\":\"https:\\\/\\\/www.hochblauenhotel.com\\\/de\\\/\",\"logo\":{\"@type\":\"ImageObject\",\"inLanguage\":\"de-DE\",\"@id\":\"https:\\\/\\\/www.hochblauenhotel.com\\\/de\\\/#\\\/schema\\\/logo\\\/image\\\/\",\"url\":\"https:\\\/\\\/www.hochblauenhotel.com\\\/wp-content\\\/uploads\\\/sites\\\/249\\\/2025\\\/05\\\/ERKEK.png\",\"contentUrl\":\"https:\\\/\\\/www.hochblauenhotel.com\\\/wp-content\\\/uploads\\\/sites\\\/249\\\/2025\\\/05\\\/ERKEK.png\",\"width\":500,\"height\":186,\"caption\":\"Hochblauen Hotel\"},\"image\":{\"@id\":\"https:\\\/\\\/www.hochblauenhotel.com\\\/de\\\/#\\\/schema\\\/logo\\\/image\\\/\"}}]}<\/script>\n<!-- \/ Yoast SEO plugin. -->","yoast_head_json":{"title":"Hotel in der N\u00e4he von Feldberg\u200b | Hochblauen Hotel & Spa","description":"Nach Abfahrtstouren im Feldberger Skigebiet k\u00f6nnen Sie sich in unseren Hotels in der N\u00e4he von Feldberg im Whirlpool, in Saunen oder im Infinity Pool aufheizen.","robots":{"index":"index","follow":"follow","max-snippet":"max-snippet:-1","max-image-preview":"max-image-preview:large","max-video-preview":"max-video-preview:-1"},"canonical":"https:\/\/www.hochblauenhotel.com\/de\/aktivitaeten-im-schwarzwald\/aktivitaten-im-winter\/skifahren\/","og_locale":"de_DE","og_type":"article","og_title":"Hotel in der N\u00e4he von Feldberg\u200b | Hochblauen Hotel & Spa","og_description":"Nach Abfahrtstouren im Feldberger Skigebiet k\u00f6nnen Sie sich in unseren Hotels in der N\u00e4he von Feldberg im Whirlpool, in Saunen oder im Infinity Pool aufheizen.","og_url":"https:\/\/www.hochblauenhotel.com\/de\/aktivitaeten-im-schwarzwald\/aktivitaten-im-winter\/skifahren\/","og_site_name":"Hochblauen Hotel","article_modified_time":"2025-10-07T09:24:36+00:00","og_image":[{"width":2132,"height":1200,"url":"https:\/\/www.hochblauenhotel.com\/wp-content\/uploads\/sites\/249\/2025\/07\/E-Dron-shot4.jpg","type":"image\/jpeg"}],"twitter_card":"summary_large_image","twitter_misc":{"Gesch\u00e4tzte Lesezeit":"1 Minute"},"schema":{"@context":"https:\/\/schema.org","@graph":[{"@type":"WebPage","@id":"https:\/\/www.hochblauenhotel.com\/de\/aktivitaeten-im-schwarzwald\/aktivitaten-im-winter\/skifahren\/","url":"https:\/\/www.hochblauenhotel.com\/de\/aktivitaeten-im-schwarzwald\/aktivitaten-im-winter\/skifahren\/","name":"Hotel in der N\u00e4he von Feldberg\u200b | Hochblauen Hotel & Spa","isPartOf":{"@id":"https:\/\/www.hochblauenhotel.com\/de\/#website"},"datePublished":"2025-08-07T11:26:06+00:00","dateModified":"2025-10-07T09:24:36+00:00","description":"Nach Abfahrtstouren im Feldberger Skigebiet k\u00f6nnen Sie sich in unseren Hotels in der N\u00e4he von Feldberg im Whirlpool, in Saunen oder im Infinity Pool aufheizen.","breadcrumb":{"@id":"https:\/\/www.hochblauenhotel.com\/de\/aktivitaeten-im-schwarzwald\/aktivitaten-im-winter\/skifahren\/#breadcrumb"},"inLanguage":"de-DE","potentialAction":[{"@type":"ReadAction","target":["https:\/\/www.hochblauenhotel.com\/de\/aktivitaeten-im-schwarzwald\/aktivitaten-im-winter\/skifahren\/"]}]},{"@type":"BreadcrumbList","@id":"https:\/\/www.hochblauenhotel.com\/de\/aktivitaeten-im-schwarzwald\/aktivitaten-im-winter\/skifahren\/#breadcrumb","itemListElement":[{"@type":"ListItem","position":1,"name":"Home","item":"https:\/\/www.hochblauenhotel.com\/de\/"},{"@type":"ListItem","position":2,"name":"Aktivit\u00e4ten im Schwarzwald","item":"https:\/\/www.hochblauenhotel.com\/de\/aktivitaeten-im-schwarzwald\/"},{"@type":"ListItem","position":3,"name":"Aktivit\u00e4ten im Winter","item":"https:\/\/www.hochblauenhotel.com\/de\/aktivitaten-im-winter\/"},{"@type":"ListItem","position":4,"name":"Skifahren"}]},{"@type":"WebSite","@id":"https:\/\/www.hochblauenhotel.com\/de\/#website","url":"https:\/\/www.hochblauenhotel.com\/de\/","name":"Hochblauen Hotel","description":"Hochblauen Hotel is a sanctuary of wellness and relaxation where nature, adventure and connection meet.","publisher":{"@id":"https:\/\/www.hochblauenhotel.com\/de\/#organization"},"alternateName":"Hochblauen Hotel","potentialAction":[{"@type":"SearchAction","target":{"@type":"EntryPoint","urlTemplate":"https:\/\/www.hochblauenhotel.com\/de\/?s={search_term_string}"},"query-input":{"@type":"PropertyValueSpecification","valueRequired":true,"valueName":"search_term_string"}}],"inLanguage":"de-DE"},{"@type":"Organization","@id":"https:\/\/www.hochblauenhotel.com\/de\/#organization","name":"Hochblauen Hotel","alternateName":"Hochblauen Hotel","url":"https:\/\/www.hochblauenhotel.com\/de\/","logo":{"@type":"ImageObject","inLanguage":"de-DE","@id":"https:\/\/www.hochblauenhotel.com\/de\/#\/schema\/logo\/image\/","url":"https:\/\/www.hochblauenhotel.com\/wp-content\/uploads\/sites\/249\/2025\/05\/ERKEK.png","contentUrl":"https:\/\/www.hochblauenhotel.com\/wp-content\/uploads\/sites\/249\/2025\/05\/ERKEK.png","width":500,"height":186,"caption":"Hochblauen Hotel"},"image":{"@id":"https:\/\/www.hochblauenhotel.com\/de\/#\/schema\/logo\/image\/"}}]}},"acf":[],"_links":{"self":[{"href":"https:\/\/www.hochblauenhotel.com\/de\/wp-json\/wp\/v2\/pages\/413","targetHints":{"allow":["GET"]}}],"collection":[{"href":"https:\/\/www.hochblauenhotel.com\/de\/wp-json\/wp\/v2\/pages"}],"about":[{"href":"https:\/\/www.hochblauenhotel.com\/de\/wp-json\/wp\/v2\/types\/page"}],"author":[{"embeddable":true,"href":"https:\/\/www.hochblauenhotel.com\/de\/wp-json\/wp\/v2\/users\/12"}],"replies":[{"embeddable":true,"href":"https:\/\/www.hochblauenhotel.com\/de\/wp-json\/wp\/v2\/comments?post=413"}],"version-history":[{"count":0,"href":"https:\/\/www.hochblauenhotel.com\/de\/wp-json\/wp\/v2\/pages\/413\/revisions"}],"up":[{"embeddable":true,"href":"https:\/\/www.hochblauenhotel.com\/de\/wp-json\/wp\/v2\/pages\/415"}],"wp:attachment":[{"href":"https:\/\/www.hochblauenhotel.com\/de\/wp-json\/wp\/v2\/media?parent=413"}],"wp:term":[{"taxonomy":"category","embeddable":true,"href":"https:\/\/www.hochblauenhotel.com\/de\/wp-json\/wp\/v2\/categories?post=413"}],"curies":[{"name":"wp","href":"https:\/\/api.w.org\/{rel}","templated":true}]}}