{"id":412,"date":"2025-08-07T12:21:07","date_gmt":"2025-08-07T12:21:07","guid":{"rendered":"https:\/\/www.hochblauenhotel.com\/?page_id=412"},"modified":"2025-10-07T09:33:35","modified_gmt":"2025-10-07T09:33:35","slug":"wellness-urlaub","status":"publish","type":"page","link":"https:\/\/www.hochblauenhotel.com\/de\/aktivitaeten-im-schwarzwald\/aktivitaten-im-winter\/wellness-urlaub\/","title":{"rendered":"Wellness Urlaub"},"content":{"rendered":"<p>Hoch auf dem Hochblauen l\u00e4dt das Hochblauen Hotel &amp; Spa Sie dazu ein, ein <strong>Wellnesshotel im Winter in Deutschland<\/strong> zu besuchen und sich selbst damit die M\u00f6glichkeit zu schenken, wieder Einswerden mit der Natur.<\/p>\n<p>G\u00f6nnen Sie sich ein Bad in unserem Infinitypool und genie\u00dfen Sie den herrlichen Panoramablick. W\u00e4rmen Sie die Seele in der Sauna oder lassen Sie sich bei einer entspannenden Massage verw\u00f6hnen.<\/p>\n","protected":false},"excerpt":{"rendered":"<p>Hoch auf dem Hochblauen l\u00e4dt das Hochblauen Hotel &amp; Spa Sie dazu ein, ein Wellnesshotel im Winter in Deutschland zu besuchen und sich selbst damit die M\u00f6glichkeit zu schenken, wieder Einswerden mit der Natur. G\u00f6nnen Sie sich ein Bad in unserem Infinitypool und genie\u00dfen Sie den herrlichen Panoramablick. W\u00e4rmen Sie die Seele in der Sauna [&hellip;]<\/p>\n","protected":false},"author":12,"featured_media":0,"parent":415,"menu_order":0,"comment_status":"closed","ping_status":"closed","template":"template-single-service.php","meta":{"footnotes":""},"categories":[],"yoast_head":"<!-- This site is optimized with the Yoast SEO plugin v22.3 - https:\/\/yoast.com\/wordpress\/plugins\/seo\/ -->\n<title>Wellness Urlaub im Schwarzwald | Hochblauen Hotel &amp; Spa<\/title>\n<meta name=\"description\" content=\"In Ihrem Wellnessurlaub im Schwarzwald erwartet Sie auf dem Hochblauen eine Atmosph\u00e4re von knisterndem Kaminholz und Waldd\u00fcften die \u00fcber die Terrassen ziehen.\" \/>\n<meta name=\"robots\" content=\"index, follow, max-snippet:-1, max-image-preview:large, max-video-preview:-1\" \/>\n<link rel=\"canonical\" href=\"https:\/\/www.hochblauenhotel.com\/de\/aktivitaeten-im-schwarzwald\/aktivitaten-im-winter\/wellness-urlaub\/\" \/>\n<meta property=\"og:locale\" content=\"de_DE\" \/>\n<meta property=\"og:type\" content=\"article\" \/>\n<meta property=\"og:title\" content=\"Wellness Urlaub im Schwarzwald | Hochblauen Hotel &amp; Spa\" \/>\n<meta property=\"og:description\" content=\"In Ihrem Wellnessurlaub im Schwarzwald erwartet Sie auf dem Hochblauen eine Atmosph\u00e4re von knisterndem Kaminholz und Waldd\u00fcften die \u00fcber die Terrassen ziehen.\" \/>\n<meta property=\"og:url\" content=\"https:\/\/www.hochblauenhotel.com\/de\/aktivitaeten-im-schwarzwald\/aktivitaten-im-winter\/wellness-urlaub\/\" \/>\n<meta property=\"og:site_name\" content=\"Hochblauen Hotel\" \/>\n<meta property=\"article:modified_time\" content=\"2025-10-07T09:33:35+00:00\" \/>\n<meta property=\"og:image\" content=\"https:\/\/www.hochblauenhotel.com\/wp-content\/uploads\/sites\/249\/2025\/07\/E-Dron-shot4.jpg\" \/>\n\t<meta property=\"og:image:width\" content=\"2132\" \/>\n\t<meta property=\"og:image:height\" content=\"1200\" \/>\n\t<meta property=\"og:image:type\" content=\"image\/jpeg\" \/>\n<meta name=\"twitter:card\" content=\"summary_large_image\" \/>\n<meta name=\"twitter:label1\" content=\"Gesch\u00e4tzte Lesezeit\" \/>\n\t<meta name=\"twitter:data1\" content=\"1 Minute\" \/>\n<script type=\"application\/ld+json\" class=\"yoast-schema-graph\">{\"@context\":\"https:\/\/schema.org\",\"@graph\":[{\"@type\":\"WebPage\",\"@id\":\"https:\/\/www.hochblauenhotel.com\/de\/aktivitaeten-im-schwarzwald\/aktivitaten-im-winter\/wellness-urlaub\/\",\"url\":\"https:\/\/www.hochblauenhotel.com\/de\/aktivitaeten-im-schwarzwald\/aktivitaten-im-winter\/wellness-urlaub\/\",\"name\":\"Wellness Urlaub im Schwarzwald | Hochblauen Hotel & Spa\",\"isPartOf\":{\"@id\":\"https:\/\/www.hochblauenhotel.com\/de\/#website\"},\"datePublished\":\"2025-08-07T12:21:07+00:00\",\"dateModified\":\"2025-10-07T09:33:35+00:00\",\"description\":\"In Ihrem Wellnessurlaub im Schwarzwald erwartet Sie auf dem Hochblauen eine Atmosph\u00e4re von knisterndem Kaminholz und Waldd\u00fcften die \u00fcber die Terrassen ziehen.\",\"breadcrumb\":{\"@id\":\"https:\/\/www.hochblauenhotel.com\/de\/aktivitaeten-im-schwarzwald\/aktivitaten-im-winter\/wellness-urlaub\/#breadcrumb\"},\"inLanguage\":\"de-DE\",\"potentialAction\":[{\"@type\":\"ReadAction\",\"target\":[\"https:\/\/www.hochblauenhotel.com\/de\/aktivitaeten-im-schwarzwald\/aktivitaten-im-winter\/wellness-urlaub\/\"]}]},{\"@type\":\"BreadcrumbList\",\"@id\":\"https:\/\/www.hochblauenhotel.com\/de\/aktivitaeten-im-schwarzwald\/aktivitaten-im-winter\/wellness-urlaub\/#breadcrumb\",\"itemListElement\":[{\"@type\":\"ListItem\",\"position\":1,\"name\":\"Home\",\"item\":\"https:\/\/www.hochblauenhotel.com\/de\/\"},{\"@type\":\"ListItem\",\"position\":2,\"name\":\"Aktivit\u00e4ten im Schwarzwald\",\"item\":\"https:\/\/www.hochblauenhotel.com\/de\/aktivitaeten-im-schwarzwald\/\"},{\"@type\":\"ListItem\",\"position\":3,\"name\":\"Aktivit\u00e4ten im Winter\",\"item\":\"https:\/\/www.hochblauenhotel.com\/de\/aktivitaten-im-winter\/\"},{\"@type\":\"ListItem\",\"position\":4,\"name\":\"Wellness Urlaub\"}]},{\"@type\":\"WebSite\",\"@id\":\"https:\/\/www.hochblauenhotel.com\/de\/#website\",\"url\":\"https:\/\/www.hochblauenhotel.com\/de\/\",\"name\":\"Hochblauen Hotel\",\"description\":\"Hochblauen Hotel is a sanctuary of wellness and relaxation where nature, adventure and connection meet.\",\"publisher\":{\"@id\":\"https:\/\/www.hochblauenhotel.com\/de\/#organization\"},\"alternateName\":\"Hochblauen Hotel\",\"potentialAction\":[{\"@type\":\"SearchAction\",\"target\":{\"@type\":\"EntryPoint\",\"urlTemplate\":\"https:\/\/www.hochblauenhotel.com\/de\/?s={search_term_string}\"},\"query-input\":\"required name=search_term_string\"}],\"inLanguage\":\"de-DE\"},{\"@type\":\"Organization\",\"@id\":\"https:\/\/www.hochblauenhotel.com\/de\/#organization\",\"name\":\"Hochblauen Hotel\",\"alternateName\":\"Hochblauen Hotel\",\"url\":\"https:\/\/www.hochblauenhotel.com\/de\/\",\"logo\":{\"@type\":\"ImageObject\",\"inLanguage\":\"de-DE\",\"@id\":\"https:\/\/www.hochblauenhotel.com\/de\/#\/schema\/logo\/image\/\",\"url\":\"https:\/\/www.hochblauenhotel.com\/wp-content\/uploads\/sites\/249\/2025\/05\/ERKEK.png\",\"contentUrl\":\"https:\/\/www.hochblauenhotel.com\/wp-content\/uploads\/sites\/249\/2025\/05\/ERKEK.png\",\"width\":500,\"height\":186,\"caption\":\"Hochblauen Hotel\"},\"image\":{\"@id\":\"https:\/\/www.hochblauenhotel.com\/de\/#\/schema\/logo\/image\/\"}}]}<\/script>\n<!-- \/ Yoast SEO plugin. -->","yoast_head_json":{"title":"Wellness Urlaub im Schwarzwald | Hochblauen Hotel & Spa","description":"In Ihrem Wellnessurlaub im Schwarzwald erwartet Sie auf dem Hochblauen eine Atmosph\u00e4re von knisterndem Kaminholz und Waldd\u00fcften die \u00fcber die Terrassen ziehen.","robots":{"index":"index","follow":"follow","max-snippet":"max-snippet:-1","max-image-preview":"max-image-preview:large","max-video-preview":"max-video-preview:-1"},"canonical":"https:\/\/www.hochblauenhotel.com\/de\/aktivitaeten-im-schwarzwald\/aktivitaten-im-winter\/wellness-urlaub\/","og_locale":"de_DE","og_type":"article","og_title":"Wellness Urlaub im Schwarzwald | Hochblauen Hotel & Spa","og_description":"In Ihrem Wellnessurlaub im Schwarzwald erwartet Sie auf dem Hochblauen eine Atmosph\u00e4re von knisterndem Kaminholz und Waldd\u00fcften die \u00fcber die Terrassen ziehen.","og_url":"https:\/\/www.hochblauenhotel.com\/de\/aktivitaeten-im-schwarzwald\/aktivitaten-im-winter\/wellness-urlaub\/","og_site_name":"Hochblauen Hotel","article_modified_time":"2025-10-07T09:33:35+00:00","og_image":[{"width":2132,"height":1200,"url":"https:\/\/www.hochblauenhotel.com\/wp-content\/uploads\/sites\/249\/2025\/07\/E-Dron-shot4.jpg","type":"image\/jpeg"}],"twitter_card":"summary_large_image","twitter_misc":{"Gesch\u00e4tzte Lesezeit":"1 Minute"},"schema":{"@context":"https:\/\/schema.org","@graph":[{"@type":"WebPage","@id":"https:\/\/www.hochblauenhotel.com\/de\/aktivitaeten-im-schwarzwald\/aktivitaten-im-winter\/wellness-urlaub\/","url":"https:\/\/www.hochblauenhotel.com\/de\/aktivitaeten-im-schwarzwald\/aktivitaten-im-winter\/wellness-urlaub\/","name":"Wellness Urlaub im Schwarzwald | Hochblauen Hotel & Spa","isPartOf":{"@id":"https:\/\/www.hochblauenhotel.com\/de\/#website"},"datePublished":"2025-08-07T12:21:07+00:00","dateModified":"2025-10-07T09:33:35+00:00","description":"In Ihrem Wellnessurlaub im Schwarzwald erwartet Sie auf dem Hochblauen eine Atmosph\u00e4re von knisterndem Kaminholz und Waldd\u00fcften die \u00fcber die Terrassen ziehen.","breadcrumb":{"@id":"https:\/\/www.hochblauenhotel.com\/de\/aktivitaeten-im-schwarzwald\/aktivitaten-im-winter\/wellness-urlaub\/#breadcrumb"},"inLanguage":"de-DE","potentialAction":[{"@type":"ReadAction","target":["https:\/\/www.hochblauenhotel.com\/de\/aktivitaeten-im-schwarzwald\/aktivitaten-im-winter\/wellness-urlaub\/"]}]},{"@type":"BreadcrumbList","@id":"https:\/\/www.hochblauenhotel.com\/de\/aktivitaeten-im-schwarzwald\/aktivitaten-im-winter\/wellness-urlaub\/#breadcrumb","itemListElement":[{"@type":"ListItem","position":1,"name":"Home","item":"https:\/\/www.hochblauenhotel.com\/de\/"},{"@type":"ListItem","position":2,"name":"Aktivit\u00e4ten im Schwarzwald","item":"https:\/\/www.hochblauenhotel.com\/de\/aktivitaeten-im-schwarzwald\/"},{"@type":"ListItem","position":3,"name":"Aktivit\u00e4ten im Winter","item":"https:\/\/www.hochblauenhotel.com\/de\/aktivitaten-im-winter\/"},{"@type":"ListItem","position":4,"name":"Wellness Urlaub"}]},{"@type":"WebSite","@id":"https:\/\/www.hochblauenhotel.com\/de\/#website","url":"https:\/\/www.hochblauenhotel.com\/de\/","name":"Hochblauen Hotel","description":"Hochblauen Hotel is a sanctuary of wellness and relaxation where nature, adventure and connection meet.","publisher":{"@id":"https:\/\/www.hochblauenhotel.com\/de\/#organization"},"alternateName":"Hochblauen Hotel","potentialAction":[{"@type":"SearchAction","target":{"@type":"EntryPoint","urlTemplate":"https:\/\/www.hochblauenhotel.com\/de\/?s={search_term_string}"},"query-input":"required name=search_term_string"}],"inLanguage":"de-DE"},{"@type":"Organization","@id":"https:\/\/www.hochblauenhotel.com\/de\/#organization","name":"Hochblauen Hotel","alternateName":"Hochblauen Hotel","url":"https:\/\/www.hochblauenhotel.com\/de\/","logo":{"@type":"ImageObject","inLanguage":"de-DE","@id":"https:\/\/www.hochblauenhotel.com\/de\/#\/schema\/logo\/image\/","url":"https:\/\/www.hochblauenhotel.com\/wp-content\/uploads\/sites\/249\/2025\/05\/ERKEK.png","contentUrl":"https:\/\/www.hochblauenhotel.com\/wp-content\/uploads\/sites\/249\/2025\/05\/ERKEK.png","width":500,"height":186,"caption":"Hochblauen Hotel"},"image":{"@id":"https:\/\/www.hochblauenhotel.com\/de\/#\/schema\/logo\/image\/"}}]}},"acf":[],"_links":{"self":[{"href":"https:\/\/www.hochblauenhotel.com\/de\/wp-json\/wp\/v2\/pages\/412"}],"collection":[{"href":"https:\/\/www.hochblauenhotel.com\/de\/wp-json\/wp\/v2\/pages"}],"about":[{"href":"https:\/\/www.hochblauenhotel.com\/de\/wp-json\/wp\/v2\/types\/page"}],"author":[{"embeddable":true,"href":"https:\/\/www.hochblauenhotel.com\/de\/wp-json\/wp\/v2\/users\/12"}],"replies":[{"embeddable":true,"href":"https:\/\/www.hochblauenhotel.com\/de\/wp-json\/wp\/v2\/comments?post=412"}],"version-history":[{"count":0,"href":"https:\/\/www.hochblauenhotel.com\/de\/wp-json\/wp\/v2\/pages\/412\/revisions"}],"up":[{"embeddable":true,"href":"https:\/\/www.hochblauenhotel.com\/de\/wp-json\/wp\/v2\/pages\/415"}],"wp:attachment":[{"href":"https:\/\/www.hochblauenhotel.com\/de\/wp-json\/wp\/v2\/media?parent=412"}],"wp:term":[{"taxonomy":"category","embeddable":true,"href":"https:\/\/www.hochblauenhotel.com\/de\/wp-json\/wp\/v2\/categories?post=412"}],"curies":[{"name":"wp","href":"https:\/\/api.w.org\/{rel}","templated":true}]}}