{"id":400,"date":"2025-07-21T08:33:47","date_gmt":"2025-07-21T08:33:47","guid":{"rendered":"https:\/\/www.hochblauenhotel.com\/?page_id=400"},"modified":"2025-11-25T17:17:45","modified_gmt":"2025-11-25T17:17:45","slug":"loft-zimmer","status":"publish","type":"page","link":"https:\/\/www.hochblauenhotel.com\/de\/zimmer\/loft-zimmer\/","title":{"rendered":"Loft Zimmer"},"content":{"rendered":"<p style=\"text-align: center;\">Die 28 bis 38 m\u00b2 gro\u00dfen Lofts bietet ausreichend Platz, um den Traumblick auf den Schwarzwald und dar\u00fcber hinaus zu genie\u00dfen. Die Lofts eignen sich wunderbar f\u00fcr entspannte Momente zu zweit. Das gro\u00dfe Kingsize-Bett (180 x 200 cm) und die warmen Naturmaterialien unterstreichen das komfortable, ruhige Ambiente dieses Lofts. Auf Wunsch k\u00f6nnen die Lofts verbunden werden oder ein oder zwei Zusatzbetten (90 x 200 cm) hinzugestellt werden. Sie finden das Loft im Classic Wing, dem historischen Herzen unseres kinderfreundlichen Wellness Hotels. Hier tauchen Sie tief ein, in die abwechslungsreiche Geschichte unseres Hauses. Freuen Sie sich auf unz\u00e4hlige Outdoor-Aktivit\u00e4ten, die Sie von hier aus unternehmen k\u00f6nnen, oder entspannen Sie sich in unserem SPA, das Sie im Alpine Wing erwartet.<\/p>\n","protected":false},"excerpt":{"rendered":"<p>Die 28 bis 38 m\u00b2 gro\u00dfen Lofts bietet ausreichend Platz, um den Traumblick auf den Schwarzwald und dar\u00fcber hinaus zu genie\u00dfen. Die Lofts eignen sich wunderbar f\u00fcr entspannte Momente zu zweit. Das gro\u00dfe Kingsize-Bett (180 x 200 cm) und die warmen Naturmaterialien unterstreichen das komfortable, ruhige Ambiente dieses Lofts. Auf Wunsch k\u00f6nnen die Lofts verbunden [&hellip;]<\/p>\n","protected":false},"author":12,"featured_media":0,"parent":388,"menu_order":11,"comment_status":"closed","ping_status":"closed","template":"template-single-room.php","meta":{"footnotes":""},"categories":[23],"class_list":["post-400","page","type-page","status-publish","hentry","category-classic-wing"],"yoast_head":"<!-- This site is optimized with the Yoast SEO plugin v27.3 - https:\/\/yoast.com\/product\/yoast-seo-wordpress\/ -->\n<title>Kinderfreundliche Wellnesshotels | Hochblauen Hotel &amp; Spa<\/title>\n<meta name=\"description\" content=\"Der Loft Room bietet stilvollen Komfort f\u00fcr zwei Personen mit nat\u00fcrlichen Materialien, durchdachtem Design und gem\u00fctliches Schwarzwald-Atmosph\u00e4re.\" \/>\n<meta name=\"robots\" content=\"index, follow, max-snippet:-1, max-image-preview:large, max-video-preview:-1\" \/>\n<link rel=\"canonical\" href=\"https:\/\/www.hochblauenhotel.com\/de\/zimmer\/loft-zimmer\/\" \/>\n<meta property=\"og:locale\" content=\"de_DE\" \/>\n<meta property=\"og:type\" content=\"article\" \/>\n<meta property=\"og:title\" content=\"Kinderfreundliche Wellnesshotels | Hochblauen Hotel &amp; Spa\" \/>\n<meta property=\"og:description\" content=\"Der Loft Room bietet stilvollen Komfort f\u00fcr zwei Personen mit nat\u00fcrlichen Materialien, durchdachtem Design und gem\u00fctliches Schwarzwald-Atmosph\u00e4re.\" \/>\n<meta property=\"og:url\" content=\"https:\/\/www.hochblauenhotel.com\/de\/zimmer\/loft-zimmer\/\" \/>\n<meta property=\"og:site_name\" content=\"Hochblauen Hotel\" \/>\n<meta property=\"article:modified_time\" content=\"2025-11-25T17:17:45+00:00\" \/>\n<meta property=\"og:image\" content=\"https:\/\/www.hochblauenhotel.com\/wp-content\/uploads\/sites\/249\/2025\/07\/E-Dron-shot4.jpg\" \/>\n\t<meta property=\"og:image:width\" content=\"2132\" \/>\n\t<meta property=\"og:image:height\" content=\"1200\" \/>\n\t<meta property=\"og:image:type\" content=\"image\/jpeg\" \/>\n<meta name=\"twitter:card\" content=\"summary_large_image\" \/>\n<meta name=\"twitter:label1\" content=\"Gesch\u00e4tzte Lesezeit\" \/>\n\t<meta name=\"twitter:data1\" content=\"1 Minute\" \/>\n<script type=\"application\/ld+json\" class=\"yoast-schema-graph\">{\"@context\":\"https:\\\/\\\/schema.org\",\"@graph\":[{\"@type\":\"WebPage\",\"@id\":\"https:\\\/\\\/www.hochblauenhotel.com\\\/de\\\/zimmer\\\/loft-zimmer\\\/\",\"url\":\"https:\\\/\\\/www.hochblauenhotel.com\\\/de\\\/zimmer\\\/loft-zimmer\\\/\",\"name\":\"Kinderfreundliche Wellnesshotels | Hochblauen Hotel & Spa\",\"isPartOf\":{\"@id\":\"https:\\\/\\\/www.hochblauenhotel.com\\\/de\\\/#website\"},\"datePublished\":\"2025-07-21T08:33:47+00:00\",\"dateModified\":\"2025-11-25T17:17:45+00:00\",\"description\":\"Der Loft Room bietet stilvollen Komfort f\u00fcr zwei Personen mit nat\u00fcrlichen Materialien, durchdachtem Design und gem\u00fctliches Schwarzwald-Atmosph\u00e4re.\",\"breadcrumb\":{\"@id\":\"https:\\\/\\\/www.hochblauenhotel.com\\\/de\\\/zimmer\\\/loft-zimmer\\\/#breadcrumb\"},\"inLanguage\":\"de-DE\",\"potentialAction\":[{\"@type\":\"ReadAction\",\"target\":[\"https:\\\/\\\/www.hochblauenhotel.com\\\/de\\\/zimmer\\\/loft-zimmer\\\/\"]}]},{\"@type\":\"BreadcrumbList\",\"@id\":\"https:\\\/\\\/www.hochblauenhotel.com\\\/de\\\/zimmer\\\/loft-zimmer\\\/#breadcrumb\",\"itemListElement\":[{\"@type\":\"ListItem\",\"position\":1,\"name\":\"Home\",\"item\":\"https:\\\/\\\/www.hochblauenhotel.com\\\/de\\\/\"},{\"@type\":\"ListItem\",\"position\":2,\"name\":\"Zimmer\",\"item\":\"https:\\\/\\\/www.hochblauenhotel.com\\\/de\\\/zimmer\\\/\"},{\"@type\":\"ListItem\",\"position\":3,\"name\":\"Loft Zimmer\"}]},{\"@type\":\"WebSite\",\"@id\":\"https:\\\/\\\/www.hochblauenhotel.com\\\/de\\\/#website\",\"url\":\"https:\\\/\\\/www.hochblauenhotel.com\\\/de\\\/\",\"name\":\"Hochblauen Hotel\",\"description\":\"Hochblauen Hotel is a sanctuary of wellness and relaxation where nature, adventure and connection meet.\",\"publisher\":{\"@id\":\"https:\\\/\\\/www.hochblauenhotel.com\\\/de\\\/#organization\"},\"alternateName\":\"Hochblauen Hotel\",\"potentialAction\":[{\"@type\":\"SearchAction\",\"target\":{\"@type\":\"EntryPoint\",\"urlTemplate\":\"https:\\\/\\\/www.hochblauenhotel.com\\\/de\\\/?s={search_term_string}\"},\"query-input\":{\"@type\":\"PropertyValueSpecification\",\"valueRequired\":true,\"valueName\":\"search_term_string\"}}],\"inLanguage\":\"de-DE\"},{\"@type\":\"Organization\",\"@id\":\"https:\\\/\\\/www.hochblauenhotel.com\\\/de\\\/#organization\",\"name\":\"Hochblauen Hotel\",\"alternateName\":\"Hochblauen Hotel\",\"url\":\"https:\\\/\\\/www.hochblauenhotel.com\\\/de\\\/\",\"logo\":{\"@type\":\"ImageObject\",\"inLanguage\":\"de-DE\",\"@id\":\"https:\\\/\\\/www.hochblauenhotel.com\\\/de\\\/#\\\/schema\\\/logo\\\/image\\\/\",\"url\":\"https:\\\/\\\/www.hochblauenhotel.com\\\/wp-content\\\/uploads\\\/sites\\\/249\\\/2025\\\/05\\\/ERKEK.png\",\"contentUrl\":\"https:\\\/\\\/www.hochblauenhotel.com\\\/wp-content\\\/uploads\\\/sites\\\/249\\\/2025\\\/05\\\/ERKEK.png\",\"width\":500,\"height\":186,\"caption\":\"Hochblauen Hotel\"},\"image\":{\"@id\":\"https:\\\/\\\/www.hochblauenhotel.com\\\/de\\\/#\\\/schema\\\/logo\\\/image\\\/\"}}]}<\/script>\n<!-- \/ Yoast SEO plugin. -->","yoast_head_json":{"title":"Kinderfreundliche Wellnesshotels | Hochblauen Hotel & Spa","description":"Der Loft Room bietet stilvollen Komfort f\u00fcr zwei Personen mit nat\u00fcrlichen Materialien, durchdachtem Design und gem\u00fctliches Schwarzwald-Atmosph\u00e4re.","robots":{"index":"index","follow":"follow","max-snippet":"max-snippet:-1","max-image-preview":"max-image-preview:large","max-video-preview":"max-video-preview:-1"},"canonical":"https:\/\/www.hochblauenhotel.com\/de\/zimmer\/loft-zimmer\/","og_locale":"de_DE","og_type":"article","og_title":"Kinderfreundliche Wellnesshotels | Hochblauen Hotel & Spa","og_description":"Der Loft Room bietet stilvollen Komfort f\u00fcr zwei Personen mit nat\u00fcrlichen Materialien, durchdachtem Design und gem\u00fctliches Schwarzwald-Atmosph\u00e4re.","og_url":"https:\/\/www.hochblauenhotel.com\/de\/zimmer\/loft-zimmer\/","og_site_name":"Hochblauen Hotel","article_modified_time":"2025-11-25T17:17:45+00:00","og_image":[{"width":2132,"height":1200,"url":"https:\/\/www.hochblauenhotel.com\/wp-content\/uploads\/sites\/249\/2025\/07\/E-Dron-shot4.jpg","type":"image\/jpeg"}],"twitter_card":"summary_large_image","twitter_misc":{"Gesch\u00e4tzte Lesezeit":"1 Minute"},"schema":{"@context":"https:\/\/schema.org","@graph":[{"@type":"WebPage","@id":"https:\/\/www.hochblauenhotel.com\/de\/zimmer\/loft-zimmer\/","url":"https:\/\/www.hochblauenhotel.com\/de\/zimmer\/loft-zimmer\/","name":"Kinderfreundliche Wellnesshotels | Hochblauen Hotel & Spa","isPartOf":{"@id":"https:\/\/www.hochblauenhotel.com\/de\/#website"},"datePublished":"2025-07-21T08:33:47+00:00","dateModified":"2025-11-25T17:17:45+00:00","description":"Der Loft Room bietet stilvollen Komfort f\u00fcr zwei Personen mit nat\u00fcrlichen Materialien, durchdachtem Design und gem\u00fctliches Schwarzwald-Atmosph\u00e4re.","breadcrumb":{"@id":"https:\/\/www.hochblauenhotel.com\/de\/zimmer\/loft-zimmer\/#breadcrumb"},"inLanguage":"de-DE","potentialAction":[{"@type":"ReadAction","target":["https:\/\/www.hochblauenhotel.com\/de\/zimmer\/loft-zimmer\/"]}]},{"@type":"BreadcrumbList","@id":"https:\/\/www.hochblauenhotel.com\/de\/zimmer\/loft-zimmer\/#breadcrumb","itemListElement":[{"@type":"ListItem","position":1,"name":"Home","item":"https:\/\/www.hochblauenhotel.com\/de\/"},{"@type":"ListItem","position":2,"name":"Zimmer","item":"https:\/\/www.hochblauenhotel.com\/de\/zimmer\/"},{"@type":"ListItem","position":3,"name":"Loft Zimmer"}]},{"@type":"WebSite","@id":"https:\/\/www.hochblauenhotel.com\/de\/#website","url":"https:\/\/www.hochblauenhotel.com\/de\/","name":"Hochblauen Hotel","description":"Hochblauen Hotel is a sanctuary of wellness and relaxation where nature, adventure and connection meet.","publisher":{"@id":"https:\/\/www.hochblauenhotel.com\/de\/#organization"},"alternateName":"Hochblauen Hotel","potentialAction":[{"@type":"SearchAction","target":{"@type":"EntryPoint","urlTemplate":"https:\/\/www.hochblauenhotel.com\/de\/?s={search_term_string}"},"query-input":{"@type":"PropertyValueSpecification","valueRequired":true,"valueName":"search_term_string"}}],"inLanguage":"de-DE"},{"@type":"Organization","@id":"https:\/\/www.hochblauenhotel.com\/de\/#organization","name":"Hochblauen Hotel","alternateName":"Hochblauen Hotel","url":"https:\/\/www.hochblauenhotel.com\/de\/","logo":{"@type":"ImageObject","inLanguage":"de-DE","@id":"https:\/\/www.hochblauenhotel.com\/de\/#\/schema\/logo\/image\/","url":"https:\/\/www.hochblauenhotel.com\/wp-content\/uploads\/sites\/249\/2025\/05\/ERKEK.png","contentUrl":"https:\/\/www.hochblauenhotel.com\/wp-content\/uploads\/sites\/249\/2025\/05\/ERKEK.png","width":500,"height":186,"caption":"Hochblauen Hotel"},"image":{"@id":"https:\/\/www.hochblauenhotel.com\/de\/#\/schema\/logo\/image\/"}}]}},"acf":[],"_links":{"self":[{"href":"https:\/\/www.hochblauenhotel.com\/de\/wp-json\/wp\/v2\/pages\/400","targetHints":{"allow":["GET"]}}],"collection":[{"href":"https:\/\/www.hochblauenhotel.com\/de\/wp-json\/wp\/v2\/pages"}],"about":[{"href":"https:\/\/www.hochblauenhotel.com\/de\/wp-json\/wp\/v2\/types\/page"}],"author":[{"embeddable":true,"href":"https:\/\/www.hochblauenhotel.com\/de\/wp-json\/wp\/v2\/users\/12"}],"replies":[{"embeddable":true,"href":"https:\/\/www.hochblauenhotel.com\/de\/wp-json\/wp\/v2\/comments?post=400"}],"version-history":[{"count":0,"href":"https:\/\/www.hochblauenhotel.com\/de\/wp-json\/wp\/v2\/pages\/400\/revisions"}],"up":[{"embeddable":true,"href":"https:\/\/www.hochblauenhotel.com\/de\/wp-json\/wp\/v2\/pages\/388"}],"wp:attachment":[{"href":"https:\/\/www.hochblauenhotel.com\/de\/wp-json\/wp\/v2\/media?parent=400"}],"wp:term":[{"taxonomy":"category","embeddable":true,"href":"https:\/\/www.hochblauenhotel.com\/de\/wp-json\/wp\/v2\/categories?post=400"}],"curies":[{"name":"wp","href":"https:\/\/api.w.org\/{rel}","templated":true}]}}