{"id":398,"date":"2025-07-24T08:31:30","date_gmt":"2025-07-24T08:31:30","guid":{"rendered":"https:\/\/www.hochblauenhotel.com\/?page_id=398"},"modified":"2025-11-25T17:08:41","modified_gmt":"2025-11-25T17:08:41","slug":"superior-zimmer-mit-alpenblick","status":"publish","type":"page","link":"https:\/\/www.hochblauenhotel.com\/de\/zimmer\/superior-zimmer-mit-alpenblick\/","title":{"rendered":"Superior Zimmer mit Alpenblick Klassischer Teil"},"content":{"rendered":"<p style=\"text-align: center;\">Inspiriert von dem Wald, verbindet das Superior Alpin Zimmer in unserem <strong>Hotel mit Blick auf die Alpen<\/strong> nat\u00fcrliche Texturen mit zeitlosem Komfort. Es bietet eine Fl\u00e4che von 19 bis 22 qm und verf\u00fcgt \u00fcber ein Doppelbett (160&#215;200 cm), sowie einen Blick \u00fcber die Berge und T\u00e4ler des Schwarzwalds in Richtung der Alpen. Unser Spa erwartet Sie, nach einem\u00a0kurzen Spaziergang \u00fcber den Innenhof zum Hauptgeb\u00e4ude.<\/p>\n","protected":false},"excerpt":{"rendered":"<p>Inspiriert von dem Wald, verbindet das Superior Alpin Zimmer in unserem Hotel mit Blick auf die Alpen nat\u00fcrliche Texturen mit zeitlosem Komfort. Es bietet eine Fl\u00e4che von 19 bis 22 qm und verf\u00fcgt \u00fcber ein Doppelbett (160&#215;200 cm), sowie einen Blick \u00fcber die Berge und T\u00e4ler des Schwarzwalds in Richtung der Alpen. Unser Spa erwartet [&hellip;]<\/p>\n","protected":false},"author":12,"featured_media":0,"parent":388,"menu_order":9,"comment_status":"closed","ping_status":"closed","template":"template-single-room.php","meta":{"footnotes":""},"categories":[23],"yoast_head":"<!-- This site is optimized with the Yoast SEO plugin v22.3 - https:\/\/yoast.com\/wordpress\/plugins\/seo\/ -->\n<title>Hotel mit Blick auf die Alpen | Hochblauen Hotel &amp; Spa<\/title>\n<meta name=\"description\" content=\"Das Superior Zimmer in unserem Hotel mit Blick auf die Alpen ist ein Ort um innezuhalten, neue Verbindungen zu kn\u00fcpfen und Gastfreundschaft zu erleben.\" \/>\n<meta name=\"robots\" content=\"index, follow, max-snippet:-1, max-image-preview:large, max-video-preview:-1\" \/>\n<link rel=\"canonical\" href=\"https:\/\/www.hochblauenhotel.com\/de\/zimmer\/superior-zimmer-mit-alpenblick\/\" \/>\n<meta property=\"og:locale\" content=\"de_DE\" \/>\n<meta property=\"og:type\" content=\"article\" \/>\n<meta property=\"og:title\" content=\"Hotel mit Blick auf die Alpen | Hochblauen Hotel &amp; Spa\" \/>\n<meta property=\"og:description\" content=\"Das Superior Zimmer in unserem Hotel mit Blick auf die Alpen ist ein Ort um innezuhalten, neue Verbindungen zu kn\u00fcpfen und Gastfreundschaft zu erleben.\" \/>\n<meta property=\"og:url\" content=\"https:\/\/www.hochblauenhotel.com\/de\/zimmer\/superior-zimmer-mit-alpenblick\/\" \/>\n<meta property=\"og:site_name\" content=\"Hochblauen Hotel\" \/>\n<meta property=\"article:modified_time\" content=\"2025-11-25T17:08:41+00:00\" \/>\n<meta property=\"og:image\" content=\"https:\/\/www.hochblauenhotel.com\/wp-content\/uploads\/sites\/249\/2025\/07\/E-Dron-shot4.jpg\" \/>\n\t<meta property=\"og:image:width\" content=\"2132\" \/>\n\t<meta property=\"og:image:height\" content=\"1200\" \/>\n\t<meta property=\"og:image:type\" content=\"image\/jpeg\" \/>\n<meta name=\"twitter:card\" content=\"summary_large_image\" \/>\n<meta name=\"twitter:label1\" content=\"Gesch\u00e4tzte Lesezeit\" \/>\n\t<meta name=\"twitter:data1\" content=\"1 Minute\" \/>\n<script type=\"application\/ld+json\" class=\"yoast-schema-graph\">{\"@context\":\"https:\/\/schema.org\",\"@graph\":[{\"@type\":\"WebPage\",\"@id\":\"https:\/\/www.hochblauenhotel.com\/de\/zimmer\/superior-zimmer-mit-alpenblick\/\",\"url\":\"https:\/\/www.hochblauenhotel.com\/de\/zimmer\/superior-zimmer-mit-alpenblick\/\",\"name\":\"Hotel mit Blick auf die Alpen | Hochblauen Hotel & Spa\",\"isPartOf\":{\"@id\":\"https:\/\/www.hochblauenhotel.com\/de\/#website\"},\"datePublished\":\"2025-07-24T08:31:30+00:00\",\"dateModified\":\"2025-11-25T17:08:41+00:00\",\"description\":\"Das Superior Zimmer in unserem Hotel mit Blick auf die Alpen ist ein Ort um innezuhalten, neue Verbindungen zu kn\u00fcpfen und Gastfreundschaft zu erleben.\",\"breadcrumb\":{\"@id\":\"https:\/\/www.hochblauenhotel.com\/de\/zimmer\/superior-zimmer-mit-alpenblick\/#breadcrumb\"},\"inLanguage\":\"de-DE\",\"potentialAction\":[{\"@type\":\"ReadAction\",\"target\":[\"https:\/\/www.hochblauenhotel.com\/de\/zimmer\/superior-zimmer-mit-alpenblick\/\"]}]},{\"@type\":\"BreadcrumbList\",\"@id\":\"https:\/\/www.hochblauenhotel.com\/de\/zimmer\/superior-zimmer-mit-alpenblick\/#breadcrumb\",\"itemListElement\":[{\"@type\":\"ListItem\",\"position\":1,\"name\":\"Home\",\"item\":\"https:\/\/www.hochblauenhotel.com\/de\/\"},{\"@type\":\"ListItem\",\"position\":2,\"name\":\"Zimmer\",\"item\":\"https:\/\/www.hochblauenhotel.com\/de\/zimmer\/\"},{\"@type\":\"ListItem\",\"position\":3,\"name\":\"Superior Zimmer mit Alpenblick Klassischer Teil\"}]},{\"@type\":\"WebSite\",\"@id\":\"https:\/\/www.hochblauenhotel.com\/de\/#website\",\"url\":\"https:\/\/www.hochblauenhotel.com\/de\/\",\"name\":\"Hochblauen Hotel\",\"description\":\"Hochblauen Hotel is a sanctuary of wellness and relaxation where nature, adventure and connection meet.\",\"publisher\":{\"@id\":\"https:\/\/www.hochblauenhotel.com\/de\/#organization\"},\"alternateName\":\"Hochblauen Hotel\",\"potentialAction\":[{\"@type\":\"SearchAction\",\"target\":{\"@type\":\"EntryPoint\",\"urlTemplate\":\"https:\/\/www.hochblauenhotel.com\/de\/?s={search_term_string}\"},\"query-input\":\"required name=search_term_string\"}],\"inLanguage\":\"de-DE\"},{\"@type\":\"Organization\",\"@id\":\"https:\/\/www.hochblauenhotel.com\/de\/#organization\",\"name\":\"Hochblauen Hotel\",\"alternateName\":\"Hochblauen Hotel\",\"url\":\"https:\/\/www.hochblauenhotel.com\/de\/\",\"logo\":{\"@type\":\"ImageObject\",\"inLanguage\":\"de-DE\",\"@id\":\"https:\/\/www.hochblauenhotel.com\/de\/#\/schema\/logo\/image\/\",\"url\":\"https:\/\/www.hochblauenhotel.com\/wp-content\/uploads\/sites\/249\/2025\/05\/ERKEK.png\",\"contentUrl\":\"https:\/\/www.hochblauenhotel.com\/wp-content\/uploads\/sites\/249\/2025\/05\/ERKEK.png\",\"width\":500,\"height\":186,\"caption\":\"Hochblauen Hotel\"},\"image\":{\"@id\":\"https:\/\/www.hochblauenhotel.com\/de\/#\/schema\/logo\/image\/\"}}]}<\/script>\n<!-- \/ Yoast SEO plugin. -->","yoast_head_json":{"title":"Hotel mit Blick auf die Alpen | Hochblauen Hotel & Spa","description":"Das Superior Zimmer in unserem Hotel mit Blick auf die Alpen ist ein Ort um innezuhalten, neue Verbindungen zu kn\u00fcpfen und Gastfreundschaft zu erleben.","robots":{"index":"index","follow":"follow","max-snippet":"max-snippet:-1","max-image-preview":"max-image-preview:large","max-video-preview":"max-video-preview:-1"},"canonical":"https:\/\/www.hochblauenhotel.com\/de\/zimmer\/superior-zimmer-mit-alpenblick\/","og_locale":"de_DE","og_type":"article","og_title":"Hotel mit Blick auf die Alpen | Hochblauen Hotel & Spa","og_description":"Das Superior Zimmer in unserem Hotel mit Blick auf die Alpen ist ein Ort um innezuhalten, neue Verbindungen zu kn\u00fcpfen und Gastfreundschaft zu erleben.","og_url":"https:\/\/www.hochblauenhotel.com\/de\/zimmer\/superior-zimmer-mit-alpenblick\/","og_site_name":"Hochblauen Hotel","article_modified_time":"2025-11-25T17:08:41+00:00","og_image":[{"width":2132,"height":1200,"url":"https:\/\/www.hochblauenhotel.com\/wp-content\/uploads\/sites\/249\/2025\/07\/E-Dron-shot4.jpg","type":"image\/jpeg"}],"twitter_card":"summary_large_image","twitter_misc":{"Gesch\u00e4tzte Lesezeit":"1 Minute"},"schema":{"@context":"https:\/\/schema.org","@graph":[{"@type":"WebPage","@id":"https:\/\/www.hochblauenhotel.com\/de\/zimmer\/superior-zimmer-mit-alpenblick\/","url":"https:\/\/www.hochblauenhotel.com\/de\/zimmer\/superior-zimmer-mit-alpenblick\/","name":"Hotel mit Blick auf die Alpen | Hochblauen Hotel & Spa","isPartOf":{"@id":"https:\/\/www.hochblauenhotel.com\/de\/#website"},"datePublished":"2025-07-24T08:31:30+00:00","dateModified":"2025-11-25T17:08:41+00:00","description":"Das Superior Zimmer in unserem Hotel mit Blick auf die Alpen ist ein Ort um innezuhalten, neue Verbindungen zu kn\u00fcpfen und Gastfreundschaft zu erleben.","breadcrumb":{"@id":"https:\/\/www.hochblauenhotel.com\/de\/zimmer\/superior-zimmer-mit-alpenblick\/#breadcrumb"},"inLanguage":"de-DE","potentialAction":[{"@type":"ReadAction","target":["https:\/\/www.hochblauenhotel.com\/de\/zimmer\/superior-zimmer-mit-alpenblick\/"]}]},{"@type":"BreadcrumbList","@id":"https:\/\/www.hochblauenhotel.com\/de\/zimmer\/superior-zimmer-mit-alpenblick\/#breadcrumb","itemListElement":[{"@type":"ListItem","position":1,"name":"Home","item":"https:\/\/www.hochblauenhotel.com\/de\/"},{"@type":"ListItem","position":2,"name":"Zimmer","item":"https:\/\/www.hochblauenhotel.com\/de\/zimmer\/"},{"@type":"ListItem","position":3,"name":"Superior Zimmer mit Alpenblick Klassischer Teil"}]},{"@type":"WebSite","@id":"https:\/\/www.hochblauenhotel.com\/de\/#website","url":"https:\/\/www.hochblauenhotel.com\/de\/","name":"Hochblauen Hotel","description":"Hochblauen Hotel is a sanctuary of wellness and relaxation where nature, adventure and connection meet.","publisher":{"@id":"https:\/\/www.hochblauenhotel.com\/de\/#organization"},"alternateName":"Hochblauen Hotel","potentialAction":[{"@type":"SearchAction","target":{"@type":"EntryPoint","urlTemplate":"https:\/\/www.hochblauenhotel.com\/de\/?s={search_term_string}"},"query-input":"required name=search_term_string"}],"inLanguage":"de-DE"},{"@type":"Organization","@id":"https:\/\/www.hochblauenhotel.com\/de\/#organization","name":"Hochblauen Hotel","alternateName":"Hochblauen Hotel","url":"https:\/\/www.hochblauenhotel.com\/de\/","logo":{"@type":"ImageObject","inLanguage":"de-DE","@id":"https:\/\/www.hochblauenhotel.com\/de\/#\/schema\/logo\/image\/","url":"https:\/\/www.hochblauenhotel.com\/wp-content\/uploads\/sites\/249\/2025\/05\/ERKEK.png","contentUrl":"https:\/\/www.hochblauenhotel.com\/wp-content\/uploads\/sites\/249\/2025\/05\/ERKEK.png","width":500,"height":186,"caption":"Hochblauen Hotel"},"image":{"@id":"https:\/\/www.hochblauenhotel.com\/de\/#\/schema\/logo\/image\/"}}]}},"acf":[],"_links":{"self":[{"href":"https:\/\/www.hochblauenhotel.com\/de\/wp-json\/wp\/v2\/pages\/398"}],"collection":[{"href":"https:\/\/www.hochblauenhotel.com\/de\/wp-json\/wp\/v2\/pages"}],"about":[{"href":"https:\/\/www.hochblauenhotel.com\/de\/wp-json\/wp\/v2\/types\/page"}],"author":[{"embeddable":true,"href":"https:\/\/www.hochblauenhotel.com\/de\/wp-json\/wp\/v2\/users\/12"}],"replies":[{"embeddable":true,"href":"https:\/\/www.hochblauenhotel.com\/de\/wp-json\/wp\/v2\/comments?post=398"}],"version-history":[{"count":0,"href":"https:\/\/www.hochblauenhotel.com\/de\/wp-json\/wp\/v2\/pages\/398\/revisions"}],"up":[{"embeddable":true,"href":"https:\/\/www.hochblauenhotel.com\/de\/wp-json\/wp\/v2\/pages\/388"}],"wp:attachment":[{"href":"https:\/\/www.hochblauenhotel.com\/de\/wp-json\/wp\/v2\/media?parent=398"}],"wp:term":[{"taxonomy":"category","embeddable":true,"href":"https:\/\/www.hochblauenhotel.com\/de\/wp-json\/wp\/v2\/categories?post=398"}],"curies":[{"name":"wp","href":"https:\/\/api.w.org\/{rel}","templated":true}]}}