{"id":397,"date":"2025-07-24T08:30:39","date_gmt":"2025-07-24T08:30:39","guid":{"rendered":"https:\/\/www.hochblauenhotel.com\/?page_id=397"},"modified":"2025-11-25T16:49:55","modified_gmt":"2025-11-25T16:49:55","slug":"deluxe-zimmer-mit-alpenblick","status":"publish","type":"page","link":"https:\/\/www.hochblauenhotel.com\/de\/zimmer\/deluxe-zimmer-mit-alpenblick\/","title":{"rendered":"Deluxe Zimmer mit Alpenblick"},"content":{"rendered":"<p style=\"text-align: center;\">Diese Zimmer mit Blick auf die Alpen sind besonders hell und spiegeln die Erhabenheit des Alpenpanoramas wider, die ideale Wahl f\u00fcr Paare oder eine kleine Familie. Sie bieten 30 bis 34 m\u00b2 Wohnfl\u00e4che und sind mit einem Kingsize-Bett (180 x 200 cm) und einem Einzelbett (90 x 200 cm) ausgestattet. Der Spa Bereich befindet sich, nur wenige Schritte entfernt, im selben Geb\u00e4ude. Das Interieur begeistert durch sein komfortables, liebevoll gestaltetes Ambiente.<\/p>\n<p style=\"text-align: center;\">Von hier aus genie\u00dfen Sie einen sch\u00f6nen Blick auf den in der Sonne glitzernden Pool. Ihr Leben, Ihr Rhythmus. Hier bestimmen Sie den Takt, ob Sie sich nun einen Tag stillen Genuss g\u00f6nnen oder sich in diesem <strong>Wellnesshotel f\u00fcr Familien in Deutschland<\/strong> den einfachen Freuden des Lebens hingeben.<\/p>\n","protected":false},"excerpt":{"rendered":"<p>Diese Zimmer mit Blick auf die Alpen sind besonders hell und spiegeln die Erhabenheit des Alpenpanoramas wider, die ideale Wahl f\u00fcr Paare oder eine kleine Familie. Sie bieten 30 bis 34 m\u00b2 Wohnfl\u00e4che und sind mit einem Kingsize-Bett (180 x 200 cm) und einem Einzelbett (90 x 200 cm) ausgestattet. Der Spa Bereich befindet sich, [&hellip;]<\/p>\n","protected":false},"author":12,"featured_media":0,"parent":388,"menu_order":8,"comment_status":"closed","ping_status":"closed","template":"template-single-room.php","meta":{"footnotes":""},"categories":[22],"yoast_head":"<!-- This site is optimized with the Yoast SEO plugin v22.3 - https:\/\/yoast.com\/wordpress\/plugins\/seo\/ -->\n<title>Wellnesshotel f\u00fcr Familien | Hochblauen Hotel &amp; Spa<\/title>\n<meta name=\"description\" content=\"Unsere Alpin Deluxe Zimmer sind ideal zum Entspannen in einem Wellnesshotel f\u00fcr Familien in Deutschland. Ger\u00e4umig sind sie f\u00fcr Wellnessliebhaber geeignet.\" \/>\n<meta name=\"robots\" content=\"index, follow, max-snippet:-1, max-image-preview:large, max-video-preview:-1\" \/>\n<link rel=\"canonical\" href=\"https:\/\/www.hochblauenhotel.com\/de\/zimmer\/deluxe-zimmer-mit-alpenblick\/\" \/>\n<meta property=\"og:locale\" content=\"de_DE\" \/>\n<meta property=\"og:type\" content=\"article\" \/>\n<meta property=\"og:title\" content=\"Wellnesshotel f\u00fcr Familien | Hochblauen Hotel &amp; Spa\" \/>\n<meta property=\"og:description\" content=\"Unsere Alpin Deluxe Zimmer sind ideal zum Entspannen in einem Wellnesshotel f\u00fcr Familien in Deutschland. Ger\u00e4umig sind sie f\u00fcr Wellnessliebhaber geeignet.\" \/>\n<meta property=\"og:url\" content=\"https:\/\/www.hochblauenhotel.com\/de\/zimmer\/deluxe-zimmer-mit-alpenblick\/\" \/>\n<meta property=\"og:site_name\" content=\"Hochblauen Hotel\" \/>\n<meta property=\"article:modified_time\" content=\"2025-11-25T16:49:55+00:00\" \/>\n<meta property=\"og:image\" content=\"https:\/\/www.hochblauenhotel.com\/wp-content\/uploads\/sites\/249\/2025\/07\/E-Dron-shot4.jpg\" \/>\n\t<meta property=\"og:image:width\" content=\"2132\" \/>\n\t<meta property=\"og:image:height\" content=\"1200\" \/>\n\t<meta property=\"og:image:type\" content=\"image\/jpeg\" \/>\n<meta name=\"twitter:card\" content=\"summary_large_image\" \/>\n<meta name=\"twitter:label1\" content=\"Gesch\u00e4tzte Lesezeit\" \/>\n\t<meta name=\"twitter:data1\" content=\"1 Minute\" \/>\n<script type=\"application\/ld+json\" class=\"yoast-schema-graph\">{\"@context\":\"https:\/\/schema.org\",\"@graph\":[{\"@type\":\"WebPage\",\"@id\":\"https:\/\/www.hochblauenhotel.com\/de\/zimmer\/deluxe-zimmer-mit-alpenblick\/\",\"url\":\"https:\/\/www.hochblauenhotel.com\/de\/zimmer\/deluxe-zimmer-mit-alpenblick\/\",\"name\":\"Wellnesshotel f\u00fcr Familien | Hochblauen Hotel & Spa\",\"isPartOf\":{\"@id\":\"https:\/\/www.hochblauenhotel.com\/de\/#website\"},\"datePublished\":\"2025-07-24T08:30:39+00:00\",\"dateModified\":\"2025-11-25T16:49:55+00:00\",\"description\":\"Unsere Alpin Deluxe Zimmer sind ideal zum Entspannen in einem Wellnesshotel f\u00fcr Familien in Deutschland. Ger\u00e4umig sind sie f\u00fcr Wellnessliebhaber geeignet.\",\"breadcrumb\":{\"@id\":\"https:\/\/www.hochblauenhotel.com\/de\/zimmer\/deluxe-zimmer-mit-alpenblick\/#breadcrumb\"},\"inLanguage\":\"de-DE\",\"potentialAction\":[{\"@type\":\"ReadAction\",\"target\":[\"https:\/\/www.hochblauenhotel.com\/de\/zimmer\/deluxe-zimmer-mit-alpenblick\/\"]}]},{\"@type\":\"BreadcrumbList\",\"@id\":\"https:\/\/www.hochblauenhotel.com\/de\/zimmer\/deluxe-zimmer-mit-alpenblick\/#breadcrumb\",\"itemListElement\":[{\"@type\":\"ListItem\",\"position\":1,\"name\":\"Home\",\"item\":\"https:\/\/www.hochblauenhotel.com\/de\/\"},{\"@type\":\"ListItem\",\"position\":2,\"name\":\"Zimmer\",\"item\":\"https:\/\/www.hochblauenhotel.com\/de\/zimmer\/\"},{\"@type\":\"ListItem\",\"position\":3,\"name\":\"Deluxe Zimmer mit Alpenblick\"}]},{\"@type\":\"WebSite\",\"@id\":\"https:\/\/www.hochblauenhotel.com\/de\/#website\",\"url\":\"https:\/\/www.hochblauenhotel.com\/de\/\",\"name\":\"Hochblauen Hotel\",\"description\":\"Hochblauen Hotel is a sanctuary of wellness and relaxation where nature, adventure and connection meet.\",\"publisher\":{\"@id\":\"https:\/\/www.hochblauenhotel.com\/de\/#organization\"},\"alternateName\":\"Hochblauen Hotel\",\"potentialAction\":[{\"@type\":\"SearchAction\",\"target\":{\"@type\":\"EntryPoint\",\"urlTemplate\":\"https:\/\/www.hochblauenhotel.com\/de\/?s={search_term_string}\"},\"query-input\":\"required name=search_term_string\"}],\"inLanguage\":\"de-DE\"},{\"@type\":\"Organization\",\"@id\":\"https:\/\/www.hochblauenhotel.com\/de\/#organization\",\"name\":\"Hochblauen Hotel\",\"alternateName\":\"Hochblauen Hotel\",\"url\":\"https:\/\/www.hochblauenhotel.com\/de\/\",\"logo\":{\"@type\":\"ImageObject\",\"inLanguage\":\"de-DE\",\"@id\":\"https:\/\/www.hochblauenhotel.com\/de\/#\/schema\/logo\/image\/\",\"url\":\"https:\/\/www.hochblauenhotel.com\/wp-content\/uploads\/sites\/249\/2025\/05\/ERKEK.png\",\"contentUrl\":\"https:\/\/www.hochblauenhotel.com\/wp-content\/uploads\/sites\/249\/2025\/05\/ERKEK.png\",\"width\":500,\"height\":186,\"caption\":\"Hochblauen Hotel\"},\"image\":{\"@id\":\"https:\/\/www.hochblauenhotel.com\/de\/#\/schema\/logo\/image\/\"}}]}<\/script>\n<!-- \/ Yoast SEO plugin. -->","yoast_head_json":{"title":"Wellnesshotel f\u00fcr Familien | Hochblauen Hotel & Spa","description":"Unsere Alpin Deluxe Zimmer sind ideal zum Entspannen in einem Wellnesshotel f\u00fcr Familien in Deutschland. Ger\u00e4umig sind sie f\u00fcr Wellnessliebhaber geeignet.","robots":{"index":"index","follow":"follow","max-snippet":"max-snippet:-1","max-image-preview":"max-image-preview:large","max-video-preview":"max-video-preview:-1"},"canonical":"https:\/\/www.hochblauenhotel.com\/de\/zimmer\/deluxe-zimmer-mit-alpenblick\/","og_locale":"de_DE","og_type":"article","og_title":"Wellnesshotel f\u00fcr Familien | Hochblauen Hotel & Spa","og_description":"Unsere Alpin Deluxe Zimmer sind ideal zum Entspannen in einem Wellnesshotel f\u00fcr Familien in Deutschland. Ger\u00e4umig sind sie f\u00fcr Wellnessliebhaber geeignet.","og_url":"https:\/\/www.hochblauenhotel.com\/de\/zimmer\/deluxe-zimmer-mit-alpenblick\/","og_site_name":"Hochblauen Hotel","article_modified_time":"2025-11-25T16:49:55+00:00","og_image":[{"width":2132,"height":1200,"url":"https:\/\/www.hochblauenhotel.com\/wp-content\/uploads\/sites\/249\/2025\/07\/E-Dron-shot4.jpg","type":"image\/jpeg"}],"twitter_card":"summary_large_image","twitter_misc":{"Gesch\u00e4tzte Lesezeit":"1 Minute"},"schema":{"@context":"https:\/\/schema.org","@graph":[{"@type":"WebPage","@id":"https:\/\/www.hochblauenhotel.com\/de\/zimmer\/deluxe-zimmer-mit-alpenblick\/","url":"https:\/\/www.hochblauenhotel.com\/de\/zimmer\/deluxe-zimmer-mit-alpenblick\/","name":"Wellnesshotel f\u00fcr Familien | Hochblauen Hotel & Spa","isPartOf":{"@id":"https:\/\/www.hochblauenhotel.com\/de\/#website"},"datePublished":"2025-07-24T08:30:39+00:00","dateModified":"2025-11-25T16:49:55+00:00","description":"Unsere Alpin Deluxe Zimmer sind ideal zum Entspannen in einem Wellnesshotel f\u00fcr Familien in Deutschland. Ger\u00e4umig sind sie f\u00fcr Wellnessliebhaber geeignet.","breadcrumb":{"@id":"https:\/\/www.hochblauenhotel.com\/de\/zimmer\/deluxe-zimmer-mit-alpenblick\/#breadcrumb"},"inLanguage":"de-DE","potentialAction":[{"@type":"ReadAction","target":["https:\/\/www.hochblauenhotel.com\/de\/zimmer\/deluxe-zimmer-mit-alpenblick\/"]}]},{"@type":"BreadcrumbList","@id":"https:\/\/www.hochblauenhotel.com\/de\/zimmer\/deluxe-zimmer-mit-alpenblick\/#breadcrumb","itemListElement":[{"@type":"ListItem","position":1,"name":"Home","item":"https:\/\/www.hochblauenhotel.com\/de\/"},{"@type":"ListItem","position":2,"name":"Zimmer","item":"https:\/\/www.hochblauenhotel.com\/de\/zimmer\/"},{"@type":"ListItem","position":3,"name":"Deluxe Zimmer mit Alpenblick"}]},{"@type":"WebSite","@id":"https:\/\/www.hochblauenhotel.com\/de\/#website","url":"https:\/\/www.hochblauenhotel.com\/de\/","name":"Hochblauen Hotel","description":"Hochblauen Hotel is a sanctuary of wellness and relaxation where nature, adventure and connection meet.","publisher":{"@id":"https:\/\/www.hochblauenhotel.com\/de\/#organization"},"alternateName":"Hochblauen Hotel","potentialAction":[{"@type":"SearchAction","target":{"@type":"EntryPoint","urlTemplate":"https:\/\/www.hochblauenhotel.com\/de\/?s={search_term_string}"},"query-input":"required name=search_term_string"}],"inLanguage":"de-DE"},{"@type":"Organization","@id":"https:\/\/www.hochblauenhotel.com\/de\/#organization","name":"Hochblauen Hotel","alternateName":"Hochblauen Hotel","url":"https:\/\/www.hochblauenhotel.com\/de\/","logo":{"@type":"ImageObject","inLanguage":"de-DE","@id":"https:\/\/www.hochblauenhotel.com\/de\/#\/schema\/logo\/image\/","url":"https:\/\/www.hochblauenhotel.com\/wp-content\/uploads\/sites\/249\/2025\/05\/ERKEK.png","contentUrl":"https:\/\/www.hochblauenhotel.com\/wp-content\/uploads\/sites\/249\/2025\/05\/ERKEK.png","width":500,"height":186,"caption":"Hochblauen Hotel"},"image":{"@id":"https:\/\/www.hochblauenhotel.com\/de\/#\/schema\/logo\/image\/"}}]}},"acf":[],"_links":{"self":[{"href":"https:\/\/www.hochblauenhotel.com\/de\/wp-json\/wp\/v2\/pages\/397"}],"collection":[{"href":"https:\/\/www.hochblauenhotel.com\/de\/wp-json\/wp\/v2\/pages"}],"about":[{"href":"https:\/\/www.hochblauenhotel.com\/de\/wp-json\/wp\/v2\/types\/page"}],"author":[{"embeddable":true,"href":"https:\/\/www.hochblauenhotel.com\/de\/wp-json\/wp\/v2\/users\/12"}],"replies":[{"embeddable":true,"href":"https:\/\/www.hochblauenhotel.com\/de\/wp-json\/wp\/v2\/comments?post=397"}],"version-history":[{"count":0,"href":"https:\/\/www.hochblauenhotel.com\/de\/wp-json\/wp\/v2\/pages\/397\/revisions"}],"up":[{"embeddable":true,"href":"https:\/\/www.hochblauenhotel.com\/de\/wp-json\/wp\/v2\/pages\/388"}],"wp:attachment":[{"href":"https:\/\/www.hochblauenhotel.com\/de\/wp-json\/wp\/v2\/media?parent=397"}],"wp:term":[{"taxonomy":"category","embeddable":true,"href":"https:\/\/www.hochblauenhotel.com\/de\/wp-json\/wp\/v2\/categories?post=397"}],"curies":[{"name":"wp","href":"https:\/\/api.w.org\/{rel}","templated":true}]}}