{"id":395,"date":"2025-07-03T15:42:46","date_gmt":"2025-07-03T15:42:46","guid":{"rendered":"https:\/\/www.hochblauenhotel.com\/?page_id=395"},"modified":"2025-11-25T16:47:03","modified_gmt":"2025-11-25T16:47:03","slug":"deluxe-zimmer-mit-alpenblick-und-terrasse","status":"publish","type":"page","link":"https:\/\/www.hochblauenhotel.com\/de\/zimmer\/deluxe-zimmer-mit-alpenblick-und-terrasse\/","title":{"rendered":"Deluxe Zimmer mit Alpenblick und Terrasse"},"content":{"rendered":"<p style=\"text-align: center;\">Das Deluxe Alpin Zimmer ist von nat\u00fcrlichem Licht und alpiner Ruhe durchflutet und bietet auf 30 bis 34 Quadratmetern Komfort und Charme. Mit einem Kingsize-Bett (180&#215;200 cm) und zwei Einzelbetten (90&#215;200 cm) ist es ideal f\u00fcr Paare oder kleine Familien, perfekt f\u00fcr einen Aufenthalt in einem Familien Wellnesshotel in Deutschland. Genie\u00dfen Sie von Ihrer gro\u00dfen Terrasse aus den Blick auf den Pool und den direkten Zugang zum SPA im Alpin Fl\u00fcgel unseres Hotels.<\/p>\n<p style=\"text-align: center;\">Hier gibt Ihr Rhythmus den Ton an \u2013 ob Sie sich nun einen Tag lang in Ruhe verw\u00f6hnen lassen oder einfach nur die Berge genie\u00dfen wollen.<\/p>\n","protected":false},"excerpt":{"rendered":"<p>Das Deluxe Alpin Zimmer ist von nat\u00fcrlichem Licht und alpiner Ruhe durchflutet und bietet auf 30 bis 34 Quadratmetern Komfort und Charme. Mit einem Kingsize-Bett (180&#215;200 cm) und zwei Einzelbetten (90&#215;200 cm) ist es ideal f\u00fcr Paare oder kleine Familien, perfekt f\u00fcr einen Aufenthalt in einem Familien Wellnesshotel in Deutschland. Genie\u00dfen Sie von Ihrer gro\u00dfen [&hellip;]<\/p>\n","protected":false},"author":12,"featured_media":0,"parent":388,"menu_order":6,"comment_status":"closed","ping_status":"closed","template":"template-single-room.php","meta":{"footnotes":""},"categories":[22],"class_list":["post-395","page","type-page","status-publish","hentry","category-alpin-wing"],"yoast_head":"<!-- This site is optimized with the Yoast SEO plugin v27.3 - https:\/\/yoast.com\/product\/yoast-seo-wordpress\/ -->\n<title>Familien Wellnesshotel Schwarzwald | Hochblauen Hotel &amp; Spa<\/title>\n<meta name=\"description\" content=\"Privater Terrassen Zugang, alpiner Charme und durchdachtes Design, bietet dieses Zimmer Naturansichten in unserem Wellnesshotel f\u00fcr Familien im Schwarzwald.\" \/>\n<meta name=\"robots\" content=\"index, follow, max-snippet:-1, max-image-preview:large, max-video-preview:-1\" \/>\n<link rel=\"canonical\" href=\"https:\/\/www.hochblauenhotel.com\/de\/zimmer\/deluxe-zimmer-mit-alpenblick-und-terrasse\/\" \/>\n<meta property=\"og:locale\" content=\"de_DE\" \/>\n<meta property=\"og:type\" content=\"article\" \/>\n<meta property=\"og:title\" content=\"Familien Wellnesshotel Schwarzwald | Hochblauen Hotel &amp; Spa\" \/>\n<meta property=\"og:description\" content=\"Privater Terrassen Zugang, alpiner Charme und durchdachtes Design, bietet dieses Zimmer Naturansichten in unserem Wellnesshotel f\u00fcr Familien im Schwarzwald.\" \/>\n<meta property=\"og:url\" content=\"https:\/\/www.hochblauenhotel.com\/de\/zimmer\/deluxe-zimmer-mit-alpenblick-und-terrasse\/\" \/>\n<meta property=\"og:site_name\" content=\"Hochblauen Hotel\" \/>\n<meta property=\"article:modified_time\" content=\"2025-11-25T16:47:03+00:00\" \/>\n<meta property=\"og:image\" content=\"https:\/\/www.hochblauenhotel.com\/wp-content\/uploads\/sites\/249\/2025\/07\/E-Dron-shot4.jpg\" \/>\n\t<meta property=\"og:image:width\" content=\"2132\" \/>\n\t<meta property=\"og:image:height\" content=\"1200\" \/>\n\t<meta property=\"og:image:type\" content=\"image\/jpeg\" \/>\n<meta name=\"twitter:card\" content=\"summary_large_image\" \/>\n<meta name=\"twitter:label1\" content=\"Gesch\u00e4tzte Lesezeit\" \/>\n\t<meta name=\"twitter:data1\" content=\"1 Minute\" \/>\n<script type=\"application\/ld+json\" class=\"yoast-schema-graph\">{\"@context\":\"https:\\\/\\\/schema.org\",\"@graph\":[{\"@type\":\"WebPage\",\"@id\":\"https:\\\/\\\/www.hochblauenhotel.com\\\/de\\\/zimmer\\\/deluxe-zimmer-mit-alpenblick-und-terrasse\\\/\",\"url\":\"https:\\\/\\\/www.hochblauenhotel.com\\\/de\\\/zimmer\\\/deluxe-zimmer-mit-alpenblick-und-terrasse\\\/\",\"name\":\"Familien Wellnesshotel Schwarzwald | Hochblauen Hotel & Spa\",\"isPartOf\":{\"@id\":\"https:\\\/\\\/www.hochblauenhotel.com\\\/de\\\/#website\"},\"datePublished\":\"2025-07-03T15:42:46+00:00\",\"dateModified\":\"2025-11-25T16:47:03+00:00\",\"description\":\"Privater Terrassen Zugang, alpiner Charme und durchdachtes Design, bietet dieses Zimmer Naturansichten in unserem Wellnesshotel f\u00fcr Familien im Schwarzwald.\",\"breadcrumb\":{\"@id\":\"https:\\\/\\\/www.hochblauenhotel.com\\\/de\\\/zimmer\\\/deluxe-zimmer-mit-alpenblick-und-terrasse\\\/#breadcrumb\"},\"inLanguage\":\"de-DE\",\"potentialAction\":[{\"@type\":\"ReadAction\",\"target\":[\"https:\\\/\\\/www.hochblauenhotel.com\\\/de\\\/zimmer\\\/deluxe-zimmer-mit-alpenblick-und-terrasse\\\/\"]}]},{\"@type\":\"BreadcrumbList\",\"@id\":\"https:\\\/\\\/www.hochblauenhotel.com\\\/de\\\/zimmer\\\/deluxe-zimmer-mit-alpenblick-und-terrasse\\\/#breadcrumb\",\"itemListElement\":[{\"@type\":\"ListItem\",\"position\":1,\"name\":\"Home\",\"item\":\"https:\\\/\\\/www.hochblauenhotel.com\\\/de\\\/\"},{\"@type\":\"ListItem\",\"position\":2,\"name\":\"Zimmer\",\"item\":\"https:\\\/\\\/www.hochblauenhotel.com\\\/de\\\/zimmer\\\/\"},{\"@type\":\"ListItem\",\"position\":3,\"name\":\"Deluxe Zimmer mit Alpenblick und Terrasse\"}]},{\"@type\":\"WebSite\",\"@id\":\"https:\\\/\\\/www.hochblauenhotel.com\\\/de\\\/#website\",\"url\":\"https:\\\/\\\/www.hochblauenhotel.com\\\/de\\\/\",\"name\":\"Hochblauen Hotel\",\"description\":\"Hochblauen Hotel is a sanctuary of wellness and relaxation where nature, adventure and connection meet.\",\"publisher\":{\"@id\":\"https:\\\/\\\/www.hochblauenhotel.com\\\/de\\\/#organization\"},\"alternateName\":\"Hochblauen Hotel\",\"potentialAction\":[{\"@type\":\"SearchAction\",\"target\":{\"@type\":\"EntryPoint\",\"urlTemplate\":\"https:\\\/\\\/www.hochblauenhotel.com\\\/de\\\/?s={search_term_string}\"},\"query-input\":{\"@type\":\"PropertyValueSpecification\",\"valueRequired\":true,\"valueName\":\"search_term_string\"}}],\"inLanguage\":\"de-DE\"},{\"@type\":\"Organization\",\"@id\":\"https:\\\/\\\/www.hochblauenhotel.com\\\/de\\\/#organization\",\"name\":\"Hochblauen Hotel\",\"alternateName\":\"Hochblauen Hotel\",\"url\":\"https:\\\/\\\/www.hochblauenhotel.com\\\/de\\\/\",\"logo\":{\"@type\":\"ImageObject\",\"inLanguage\":\"de-DE\",\"@id\":\"https:\\\/\\\/www.hochblauenhotel.com\\\/de\\\/#\\\/schema\\\/logo\\\/image\\\/\",\"url\":\"https:\\\/\\\/www.hochblauenhotel.com\\\/wp-content\\\/uploads\\\/sites\\\/249\\\/2025\\\/05\\\/ERKEK.png\",\"contentUrl\":\"https:\\\/\\\/www.hochblauenhotel.com\\\/wp-content\\\/uploads\\\/sites\\\/249\\\/2025\\\/05\\\/ERKEK.png\",\"width\":500,\"height\":186,\"caption\":\"Hochblauen Hotel\"},\"image\":{\"@id\":\"https:\\\/\\\/www.hochblauenhotel.com\\\/de\\\/#\\\/schema\\\/logo\\\/image\\\/\"}}]}<\/script>\n<!-- \/ Yoast SEO plugin. -->","yoast_head_json":{"title":"Familien Wellnesshotel Schwarzwald | Hochblauen Hotel & Spa","description":"Privater Terrassen Zugang, alpiner Charme und durchdachtes Design, bietet dieses Zimmer Naturansichten in unserem Wellnesshotel f\u00fcr Familien im Schwarzwald.","robots":{"index":"index","follow":"follow","max-snippet":"max-snippet:-1","max-image-preview":"max-image-preview:large","max-video-preview":"max-video-preview:-1"},"canonical":"https:\/\/www.hochblauenhotel.com\/de\/zimmer\/deluxe-zimmer-mit-alpenblick-und-terrasse\/","og_locale":"de_DE","og_type":"article","og_title":"Familien Wellnesshotel Schwarzwald | Hochblauen Hotel & Spa","og_description":"Privater Terrassen Zugang, alpiner Charme und durchdachtes Design, bietet dieses Zimmer Naturansichten in unserem Wellnesshotel f\u00fcr Familien im Schwarzwald.","og_url":"https:\/\/www.hochblauenhotel.com\/de\/zimmer\/deluxe-zimmer-mit-alpenblick-und-terrasse\/","og_site_name":"Hochblauen Hotel","article_modified_time":"2025-11-25T16:47:03+00:00","og_image":[{"width":2132,"height":1200,"url":"https:\/\/www.hochblauenhotel.com\/wp-content\/uploads\/sites\/249\/2025\/07\/E-Dron-shot4.jpg","type":"image\/jpeg"}],"twitter_card":"summary_large_image","twitter_misc":{"Gesch\u00e4tzte Lesezeit":"1 Minute"},"schema":{"@context":"https:\/\/schema.org","@graph":[{"@type":"WebPage","@id":"https:\/\/www.hochblauenhotel.com\/de\/zimmer\/deluxe-zimmer-mit-alpenblick-und-terrasse\/","url":"https:\/\/www.hochblauenhotel.com\/de\/zimmer\/deluxe-zimmer-mit-alpenblick-und-terrasse\/","name":"Familien Wellnesshotel Schwarzwald | Hochblauen Hotel & Spa","isPartOf":{"@id":"https:\/\/www.hochblauenhotel.com\/de\/#website"},"datePublished":"2025-07-03T15:42:46+00:00","dateModified":"2025-11-25T16:47:03+00:00","description":"Privater Terrassen Zugang, alpiner Charme und durchdachtes Design, bietet dieses Zimmer Naturansichten in unserem Wellnesshotel f\u00fcr Familien im Schwarzwald.","breadcrumb":{"@id":"https:\/\/www.hochblauenhotel.com\/de\/zimmer\/deluxe-zimmer-mit-alpenblick-und-terrasse\/#breadcrumb"},"inLanguage":"de-DE","potentialAction":[{"@type":"ReadAction","target":["https:\/\/www.hochblauenhotel.com\/de\/zimmer\/deluxe-zimmer-mit-alpenblick-und-terrasse\/"]}]},{"@type":"BreadcrumbList","@id":"https:\/\/www.hochblauenhotel.com\/de\/zimmer\/deluxe-zimmer-mit-alpenblick-und-terrasse\/#breadcrumb","itemListElement":[{"@type":"ListItem","position":1,"name":"Home","item":"https:\/\/www.hochblauenhotel.com\/de\/"},{"@type":"ListItem","position":2,"name":"Zimmer","item":"https:\/\/www.hochblauenhotel.com\/de\/zimmer\/"},{"@type":"ListItem","position":3,"name":"Deluxe Zimmer mit Alpenblick und Terrasse"}]},{"@type":"WebSite","@id":"https:\/\/www.hochblauenhotel.com\/de\/#website","url":"https:\/\/www.hochblauenhotel.com\/de\/","name":"Hochblauen Hotel","description":"Hochblauen Hotel is a sanctuary of wellness and relaxation where nature, adventure and connection meet.","publisher":{"@id":"https:\/\/www.hochblauenhotel.com\/de\/#organization"},"alternateName":"Hochblauen Hotel","potentialAction":[{"@type":"SearchAction","target":{"@type":"EntryPoint","urlTemplate":"https:\/\/www.hochblauenhotel.com\/de\/?s={search_term_string}"},"query-input":{"@type":"PropertyValueSpecification","valueRequired":true,"valueName":"search_term_string"}}],"inLanguage":"de-DE"},{"@type":"Organization","@id":"https:\/\/www.hochblauenhotel.com\/de\/#organization","name":"Hochblauen Hotel","alternateName":"Hochblauen Hotel","url":"https:\/\/www.hochblauenhotel.com\/de\/","logo":{"@type":"ImageObject","inLanguage":"de-DE","@id":"https:\/\/www.hochblauenhotel.com\/de\/#\/schema\/logo\/image\/","url":"https:\/\/www.hochblauenhotel.com\/wp-content\/uploads\/sites\/249\/2025\/05\/ERKEK.png","contentUrl":"https:\/\/www.hochblauenhotel.com\/wp-content\/uploads\/sites\/249\/2025\/05\/ERKEK.png","width":500,"height":186,"caption":"Hochblauen Hotel"},"image":{"@id":"https:\/\/www.hochblauenhotel.com\/de\/#\/schema\/logo\/image\/"}}]}},"acf":[],"_links":{"self":[{"href":"https:\/\/www.hochblauenhotel.com\/de\/wp-json\/wp\/v2\/pages\/395","targetHints":{"allow":["GET"]}}],"collection":[{"href":"https:\/\/www.hochblauenhotel.com\/de\/wp-json\/wp\/v2\/pages"}],"about":[{"href":"https:\/\/www.hochblauenhotel.com\/de\/wp-json\/wp\/v2\/types\/page"}],"author":[{"embeddable":true,"href":"https:\/\/www.hochblauenhotel.com\/de\/wp-json\/wp\/v2\/users\/12"}],"replies":[{"embeddable":true,"href":"https:\/\/www.hochblauenhotel.com\/de\/wp-json\/wp\/v2\/comments?post=395"}],"version-history":[{"count":0,"href":"https:\/\/www.hochblauenhotel.com\/de\/wp-json\/wp\/v2\/pages\/395\/revisions"}],"up":[{"embeddable":true,"href":"https:\/\/www.hochblauenhotel.com\/de\/wp-json\/wp\/v2\/pages\/388"}],"wp:attachment":[{"href":"https:\/\/www.hochblauenhotel.com\/de\/wp-json\/wp\/v2\/media?parent=395"}],"wp:term":[{"taxonomy":"category","embeddable":true,"href":"https:\/\/www.hochblauenhotel.com\/de\/wp-json\/wp\/v2\/categories?post=395"}],"curies":[{"name":"wp","href":"https:\/\/api.w.org\/{rel}","templated":true}]}}