{"id":388,"date":"2025-07-21T08:23:42","date_gmt":"2025-07-21T08:23:42","guid":{"rendered":"https:\/\/www.hochblauenhotel.com\/?page_id=388"},"modified":"2025-11-07T13:47:07","modified_gmt":"2025-11-07T13:47:07","slug":"zimmer","status":"publish","type":"page","link":"https:\/\/www.hochblauenhotel.com\/de\/zimmer\/","title":{"rendered":"Zimmer"},"content":{"rendered":"<p style=\"text-align: center;\">Im Hochblauen Hotel &amp; Spa spiegeln unsere <strong>Hotelzimmer im Schwarzwald<\/strong> genau die Werte wider, f\u00fcr die wir stehen: eine von Herzen empfundene Gastfreundschaft, eine nachhaltige Bewirtschaftung und die Verbundenheit zu unserer Umgebung und der Natur. Jedes unserer G\u00e4stezimmer ist mit hochwertiger Bettw\u00e4sche und Naturmaterialien ausgestattet. Die sanfte, umweltfreundliche Farbgebung f\u00f6rdert ganz nat\u00fcrlich Ihr Wohlbefinden. Die Hauptrolle aber nimmt die Landschaft selbst ein, die sich vor Ihren Fenstern entfaltet: Ein wahrhaft atemberaubender Blick auf den Schwarzwald oder die Gipfel der Alpen in der Ferne bildet den passenden Rahmen f\u00fcr eine wohlverdiente Auszeit, die ganz dem Komfort und der Natur gewidmet ist. Unabh\u00e4ngig davon, ob Ihre Aussicht die ersten Sonnenstrahlen am Morgen oder die zarten Nebelschwaden am Abend einrahmt: Hier, in Ihrem Hotelzimmer im Schwarzwald, werden Sie zum Teil dieses Naturschauspiels. Es entsteht ein liebevoller Dialog zwischen drinnen und drau\u00dfen.<\/p>\n","protected":false},"excerpt":{"rendered":"<p>Im Hochblauen Hotel &amp; Spa spiegeln unsere Hotelzimmer im Schwarzwald genau die Werte wider, f\u00fcr die wir stehen: eine von Herzen empfundene Gastfreundschaft, eine nachhaltige Bewirtschaftung und die Verbundenheit zu unserer Umgebung und der Natur. Jedes unserer G\u00e4stezimmer ist mit hochwertiger Bettw\u00e4sche und Naturmaterialien ausgestattet. Die sanfte, umweltfreundliche Farbgebung f\u00f6rdert ganz nat\u00fcrlich Ihr Wohlbefinden. Die [&hellip;]<\/p>\n","protected":false},"author":12,"featured_media":0,"parent":0,"menu_order":5,"comment_status":"closed","ping_status":"closed","template":"template-rooms.php","meta":{"footnotes":""},"categories":[],"class_list":["post-388","page","type-page","status-publish","hentry"],"yoast_head":"<!-- This site is optimized with the Yoast SEO plugin v27.3 - https:\/\/yoast.com\/product\/yoast-seo-wordpress\/ -->\n<title>Hotelzimmer Schwarzwald | Hochblauen Hotel &amp; Spa<\/title>\n<meta name=\"description\" content=\"Entdecken Sie unsere Hotelzimmer im Schwarzwald: Ger\u00e4umig, naturnah und mit Panoramablick erwartet Familien und Naturliebhaber die Ruhe des Hochblauen.\" \/>\n<meta name=\"robots\" content=\"index, follow, max-snippet:-1, max-image-preview:large, max-video-preview:-1\" \/>\n<link rel=\"canonical\" href=\"https:\/\/www.hochblauenhotel.com\/de\/zimmer\/\" \/>\n<meta property=\"og:locale\" content=\"de_DE\" \/>\n<meta property=\"og:type\" content=\"article\" \/>\n<meta property=\"og:title\" content=\"Hotelzimmer Schwarzwald | Hochblauen Hotel &amp; Spa\" \/>\n<meta property=\"og:description\" content=\"Entdecken Sie unsere Hotelzimmer im Schwarzwald: Ger\u00e4umig, naturnah und mit Panoramablick erwartet Familien und Naturliebhaber die Ruhe des Hochblauen.\" \/>\n<meta property=\"og:url\" content=\"https:\/\/www.hochblauenhotel.com\/de\/zimmer\/\" \/>\n<meta property=\"og:site_name\" content=\"Hochblauen Hotel\" \/>\n<meta property=\"article:modified_time\" content=\"2025-11-07T13:47:07+00:00\" \/>\n<meta property=\"og:image\" content=\"https:\/\/www.hochblauenhotel.com\/wp-content\/uploads\/sites\/249\/2025\/07\/E-Dron-shot4.jpg\" \/>\n\t<meta property=\"og:image:width\" content=\"2132\" \/>\n\t<meta property=\"og:image:height\" content=\"1200\" \/>\n\t<meta property=\"og:image:type\" content=\"image\/jpeg\" \/>\n<meta name=\"twitter:card\" content=\"summary_large_image\" \/>\n<meta name=\"twitter:label1\" content=\"Gesch\u00e4tzte Lesezeit\" \/>\n\t<meta name=\"twitter:data1\" content=\"1 Minute\" \/>\n<script type=\"application\/ld+json\" class=\"yoast-schema-graph\">{\"@context\":\"https:\\\/\\\/schema.org\",\"@graph\":[{\"@type\":\"WebPage\",\"@id\":\"https:\\\/\\\/www.hochblauenhotel.com\\\/de\\\/zimmer\\\/\",\"url\":\"https:\\\/\\\/www.hochblauenhotel.com\\\/de\\\/zimmer\\\/\",\"name\":\"Hotelzimmer Schwarzwald | Hochblauen Hotel & Spa\",\"isPartOf\":{\"@id\":\"https:\\\/\\\/www.hochblauenhotel.com\\\/de\\\/#website\"},\"datePublished\":\"2025-07-21T08:23:42+00:00\",\"dateModified\":\"2025-11-07T13:47:07+00:00\",\"description\":\"Entdecken Sie unsere Hotelzimmer im Schwarzwald: Ger\u00e4umig, naturnah und mit Panoramablick erwartet Familien und Naturliebhaber die Ruhe des Hochblauen.\",\"breadcrumb\":{\"@id\":\"https:\\\/\\\/www.hochblauenhotel.com\\\/de\\\/zimmer\\\/#breadcrumb\"},\"inLanguage\":\"de-DE\",\"potentialAction\":[{\"@type\":\"ReadAction\",\"target\":[\"https:\\\/\\\/www.hochblauenhotel.com\\\/de\\\/zimmer\\\/\"]}]},{\"@type\":\"BreadcrumbList\",\"@id\":\"https:\\\/\\\/www.hochblauenhotel.com\\\/de\\\/zimmer\\\/#breadcrumb\",\"itemListElement\":[{\"@type\":\"ListItem\",\"position\":1,\"name\":\"Home\",\"item\":\"https:\\\/\\\/www.hochblauenhotel.com\\\/de\\\/\"},{\"@type\":\"ListItem\",\"position\":2,\"name\":\"Zimmer\"}]},{\"@type\":\"WebSite\",\"@id\":\"https:\\\/\\\/www.hochblauenhotel.com\\\/de\\\/#website\",\"url\":\"https:\\\/\\\/www.hochblauenhotel.com\\\/de\\\/\",\"name\":\"Hochblauen Hotel\",\"description\":\"Hochblauen Hotel is a sanctuary of wellness and relaxation where nature, adventure and connection meet.\",\"publisher\":{\"@id\":\"https:\\\/\\\/www.hochblauenhotel.com\\\/de\\\/#organization\"},\"alternateName\":\"Hochblauen Hotel\",\"potentialAction\":[{\"@type\":\"SearchAction\",\"target\":{\"@type\":\"EntryPoint\",\"urlTemplate\":\"https:\\\/\\\/www.hochblauenhotel.com\\\/de\\\/?s={search_term_string}\"},\"query-input\":{\"@type\":\"PropertyValueSpecification\",\"valueRequired\":true,\"valueName\":\"search_term_string\"}}],\"inLanguage\":\"de-DE\"},{\"@type\":\"Organization\",\"@id\":\"https:\\\/\\\/www.hochblauenhotel.com\\\/de\\\/#organization\",\"name\":\"Hochblauen Hotel\",\"alternateName\":\"Hochblauen Hotel\",\"url\":\"https:\\\/\\\/www.hochblauenhotel.com\\\/de\\\/\",\"logo\":{\"@type\":\"ImageObject\",\"inLanguage\":\"de-DE\",\"@id\":\"https:\\\/\\\/www.hochblauenhotel.com\\\/de\\\/#\\\/schema\\\/logo\\\/image\\\/\",\"url\":\"https:\\\/\\\/www.hochblauenhotel.com\\\/wp-content\\\/uploads\\\/sites\\\/249\\\/2025\\\/05\\\/ERKEK.png\",\"contentUrl\":\"https:\\\/\\\/www.hochblauenhotel.com\\\/wp-content\\\/uploads\\\/sites\\\/249\\\/2025\\\/05\\\/ERKEK.png\",\"width\":500,\"height\":186,\"caption\":\"Hochblauen Hotel\"},\"image\":{\"@id\":\"https:\\\/\\\/www.hochblauenhotel.com\\\/de\\\/#\\\/schema\\\/logo\\\/image\\\/\"}}]}<\/script>\n<!-- \/ Yoast SEO plugin. -->","yoast_head_json":{"title":"Hotelzimmer Schwarzwald | Hochblauen Hotel & Spa","description":"Entdecken Sie unsere Hotelzimmer im Schwarzwald: Ger\u00e4umig, naturnah und mit Panoramablick erwartet Familien und Naturliebhaber die Ruhe des Hochblauen.","robots":{"index":"index","follow":"follow","max-snippet":"max-snippet:-1","max-image-preview":"max-image-preview:large","max-video-preview":"max-video-preview:-1"},"canonical":"https:\/\/www.hochblauenhotel.com\/de\/zimmer\/","og_locale":"de_DE","og_type":"article","og_title":"Hotelzimmer Schwarzwald | Hochblauen Hotel & Spa","og_description":"Entdecken Sie unsere Hotelzimmer im Schwarzwald: Ger\u00e4umig, naturnah und mit Panoramablick erwartet Familien und Naturliebhaber die Ruhe des Hochblauen.","og_url":"https:\/\/www.hochblauenhotel.com\/de\/zimmer\/","og_site_name":"Hochblauen Hotel","article_modified_time":"2025-11-07T13:47:07+00:00","og_image":[{"width":2132,"height":1200,"url":"https:\/\/www.hochblauenhotel.com\/wp-content\/uploads\/sites\/249\/2025\/07\/E-Dron-shot4.jpg","type":"image\/jpeg"}],"twitter_card":"summary_large_image","twitter_misc":{"Gesch\u00e4tzte Lesezeit":"1 Minute"},"schema":{"@context":"https:\/\/schema.org","@graph":[{"@type":"WebPage","@id":"https:\/\/www.hochblauenhotel.com\/de\/zimmer\/","url":"https:\/\/www.hochblauenhotel.com\/de\/zimmer\/","name":"Hotelzimmer Schwarzwald | Hochblauen Hotel & Spa","isPartOf":{"@id":"https:\/\/www.hochblauenhotel.com\/de\/#website"},"datePublished":"2025-07-21T08:23:42+00:00","dateModified":"2025-11-07T13:47:07+00:00","description":"Entdecken Sie unsere Hotelzimmer im Schwarzwald: Ger\u00e4umig, naturnah und mit Panoramablick erwartet Familien und Naturliebhaber die Ruhe des Hochblauen.","breadcrumb":{"@id":"https:\/\/www.hochblauenhotel.com\/de\/zimmer\/#breadcrumb"},"inLanguage":"de-DE","potentialAction":[{"@type":"ReadAction","target":["https:\/\/www.hochblauenhotel.com\/de\/zimmer\/"]}]},{"@type":"BreadcrumbList","@id":"https:\/\/www.hochblauenhotel.com\/de\/zimmer\/#breadcrumb","itemListElement":[{"@type":"ListItem","position":1,"name":"Home","item":"https:\/\/www.hochblauenhotel.com\/de\/"},{"@type":"ListItem","position":2,"name":"Zimmer"}]},{"@type":"WebSite","@id":"https:\/\/www.hochblauenhotel.com\/de\/#website","url":"https:\/\/www.hochblauenhotel.com\/de\/","name":"Hochblauen Hotel","description":"Hochblauen Hotel is a sanctuary of wellness and relaxation where nature, adventure and connection meet.","publisher":{"@id":"https:\/\/www.hochblauenhotel.com\/de\/#organization"},"alternateName":"Hochblauen Hotel","potentialAction":[{"@type":"SearchAction","target":{"@type":"EntryPoint","urlTemplate":"https:\/\/www.hochblauenhotel.com\/de\/?s={search_term_string}"},"query-input":{"@type":"PropertyValueSpecification","valueRequired":true,"valueName":"search_term_string"}}],"inLanguage":"de-DE"},{"@type":"Organization","@id":"https:\/\/www.hochblauenhotel.com\/de\/#organization","name":"Hochblauen Hotel","alternateName":"Hochblauen Hotel","url":"https:\/\/www.hochblauenhotel.com\/de\/","logo":{"@type":"ImageObject","inLanguage":"de-DE","@id":"https:\/\/www.hochblauenhotel.com\/de\/#\/schema\/logo\/image\/","url":"https:\/\/www.hochblauenhotel.com\/wp-content\/uploads\/sites\/249\/2025\/05\/ERKEK.png","contentUrl":"https:\/\/www.hochblauenhotel.com\/wp-content\/uploads\/sites\/249\/2025\/05\/ERKEK.png","width":500,"height":186,"caption":"Hochblauen Hotel"},"image":{"@id":"https:\/\/www.hochblauenhotel.com\/de\/#\/schema\/logo\/image\/"}}]}},"acf":[],"_links":{"self":[{"href":"https:\/\/www.hochblauenhotel.com\/de\/wp-json\/wp\/v2\/pages\/388","targetHints":{"allow":["GET"]}}],"collection":[{"href":"https:\/\/www.hochblauenhotel.com\/de\/wp-json\/wp\/v2\/pages"}],"about":[{"href":"https:\/\/www.hochblauenhotel.com\/de\/wp-json\/wp\/v2\/types\/page"}],"author":[{"embeddable":true,"href":"https:\/\/www.hochblauenhotel.com\/de\/wp-json\/wp\/v2\/users\/12"}],"replies":[{"embeddable":true,"href":"https:\/\/www.hochblauenhotel.com\/de\/wp-json\/wp\/v2\/comments?post=388"}],"version-history":[{"count":0,"href":"https:\/\/www.hochblauenhotel.com\/de\/wp-json\/wp\/v2\/pages\/388\/revisions"}],"wp:attachment":[{"href":"https:\/\/www.hochblauenhotel.com\/de\/wp-json\/wp\/v2\/media?parent=388"}],"wp:term":[{"taxonomy":"category","embeddable":true,"href":"https:\/\/www.hochblauenhotel.com\/de\/wp-json\/wp\/v2\/categories?post=388"}],"curies":[{"name":"wp","href":"https:\/\/api.w.org\/{rel}","templated":true}]}}